{"id":9542,"date":"2021-12-08T11:34:09","date_gmt":"2021-12-08T16:34:09","guid":{"rendered":"https:\/\/dreeven.com\/?page_id=9542"},"modified":"2021-12-08T11:34:09","modified_gmt":"2021-12-08T16:34:09","slug":"glossaire-sous-traitants","status":"publish","type":"page","link":"https:\/\/dreeven.com\/fr\/glossaire-sous-traitants\/","title":{"rendered":"Glossaire : Sous-traitants"},"content":{"rendered":"<p><div class=\"fusion-fullwidth fullwidth-box fusion-builder-row-1 nonhundred-percent-fullwidth non-hundred-percent-height-scrolling\" style=\"--awb-border-radius-top-left:0px;--awb-border-radius-top-right:0px;--awb-border-radius-bottom-right:0px;--awb-border-radius-bottom-left:0px;--awb-flex-wrap:wrap;\" ><div class=\"fusion-builder-row fusion-row\"><div class=\"fusion-layout-column fusion_builder_column fusion-builder-column-0 fusion_builder_column_1_1 1_1 fusion-one-full fusion-column-first fusion-column-last\" style=\"--awb-bg-size:cover;\"><div class=\"fusion-column-wrapper fusion-column-has-shadow fusion-flex-column-wrapper-legacy\"><div class=\"fusion-text fusion-text-1\"><h2 style=\"text-align: center;\">Glossaire : <span style=\"color: #c95e5d;\">Sous-traitants<\/span><\/h2>\n<\/div><div class=\"fusion-clearfix\"><\/div><\/div><\/div><\/div><\/div><div class=\"fusion-fullwidth fullwidth-box fusion-builder-row-2 nonhundred-percent-fullwidth non-hundred-percent-height-scrolling\" style=\"--awb-border-radius-top-left:0px;--awb-border-radius-top-right:0px;--awb-border-radius-bottom-right:0px;--awb-border-radius-bottom-left:0px;--awb-background-color:#f4f4f4;--awb-flex-wrap:wrap;\" ><div class=\"fusion-builder-row fusion-row\"><div class=\"fusion-layout-column fusion_builder_column fusion-builder-column-1 fusion_builder_column_1_1 1_1 fusion-one-full fusion-column-first fusion-column-last\" style=\"--awb-padding-right:60px;--awb-padding-left:60px;--awb-bg-size:cover;\"><div class=\"fusion-column-wrapper fusion-column-has-shadow fusion-flex-column-wrapper-legacy\"><div class=\"fusion-text fusion-text-2\"><h3 style=\"text-align: center;\">adjectif et nom<\/h3>\n<h3 style=\"text-align: center;\">Se dit de quelqu&rsquo;un, d&rsquo;une entreprise qui ex\u00e9cute un travail qui lui a \u00e9t\u00e9 confi\u00e9 par un autre.<\/h3>\n<h3 style=\"text-align: center;\">Sur un chantier plusieurs t\u00e2ches comme l\u2019\u00e9lectricit\u00e9, la plomberie, et la toiture sont donn\u00e9es en sous-traitances. Le sous-traitant (entreprise B) vient donc effectuer le travail sur le chantier pour l\u2019entreprise (A).<\/h3>\n<\/div><div class=\"fusion-clearfix\"><\/div><\/div><\/div><\/div><\/div><div class=\"fusion-fullwidth fullwidth-box fusion-builder-row-3 nonhundred-percent-fullwidth non-hundred-percent-height-scrolling\" style=\"--awb-border-radius-top-left:0px;--awb-border-radius-top-right:0px;--awb-border-radius-bottom-right:0px;--awb-border-radius-bottom-left:0px;--awb-flex-wrap:wrap;\" ><div class=\"fusion-builder-row fusion-row\"><div class=\"fusion-layout-column fusion_builder_column fusion-builder-column-2 fusion_builder_column_1_1 1_1 fusion-one-full fusion-column-first fusion-column-last\" style=\"--awb-padding-top:20px;--awb-bg-size:cover;\"><div class=\"fusion-column-wrapper fusion-column-has-shadow fusion-flex-column-wrapper-legacy\"><div class=\"fusion-image-element fusion-image-align-center in-legacy-container\" style=\"text-align:center;--awb-caption-title-font-family:var(--h2_typography-font-family);--awb-caption-title-font-weight:var(--h2_typography-font-weight);--awb-caption-title-font-style:var(--h2_typography-font-style);--awb-caption-title-size:var(--h2_typography-font-size);--awb-caption-title-transform:var(--h2_typography-text-transform);--awb-caption-title-line-height:var(--h2_typography-line-height);--awb-caption-title-letter-spacing:var(--h2_typography-letter-spacing);\"><div class=\"imageframe-align-center\"><span class=\" fusion-imageframe imageframe-none imageframe-1 hover-type-none\"><img fetchpriority=\"high\" fetchpriority=\"high\" decoding=\"async\" width=\"900\" height=\"300\" title=\"Sous-traitants\" src=\"https:\/\/i0.wp.com\/dreeven.com\/wp-content\/uploads\/2021\/12\/Sous-traitants.jpg?fit=900%2C300&ssl=1\" data-orig-src=\"https:\/\/i0.wp.com\/dreeven.com\/wp-content\/uploads\/2021\/12\/Sous-traitants.jpg?fit=900%2C300&#038;ssl=1\" alt class=\"lazyload img-responsive wp-image-9544\" srcset=\"data:image\/svg+xml,%3Csvg%20xmlns%3D%27http%3A%2F%2Fwww.w3.org%2F2000%2Fsvg%27%20width%3D%27900%27%20height%3D%27300%27%20viewBox%3D%270%200%20900%20300%27%3E%3Crect%20width%3D%27900%27%20height%3D%27300%27%20fill-opacity%3D%220%22%2F%3E%3C%2Fsvg%3E\" data-srcset=\"https:\/\/i0.wp.com\/dreeven.com\/wp-content\/uploads\/2021\/12\/Sous-traitants.jpg?resize=200%2C67&amp;ssl=1 200w, https:\/\/i0.wp.com\/dreeven.com\/wp-content\/uploads\/2021\/12\/Sous-traitants.jpg?resize=300%2C100&amp;ssl=1 300w, https:\/\/i0.wp.com\/dreeven.com\/wp-content\/uploads\/2021\/12\/Sous-traitants.jpg?resize=400%2C133&amp;ssl=1 400w, https:\/\/i0.wp.com\/dreeven.com\/wp-content\/uploads\/2021\/12\/Sous-traitants.jpg?resize=600%2C200&amp;ssl=1 600w, https:\/\/i0.wp.com\/dreeven.com\/wp-content\/uploads\/2021\/12\/Sous-traitants.jpg?resize=768%2C256&amp;ssl=1 768w, https:\/\/i0.wp.com\/dreeven.com\/wp-content\/uploads\/2021\/12\/Sous-traitants.jpg?resize=800%2C267&amp;ssl=1 800w, https:\/\/i0.wp.com\/dreeven.com\/wp-content\/uploads\/2021\/12\/Sous-traitants.jpg?fit=900%2C300&amp;ssl=1 900w\" data-sizes=\"auto\" data-orig-sizes=\"(max-width: 800px) 100vw, 900px\" \/><\/span><\/div><\/div><div class=\"fusion-clearfix\"><\/div><\/div><\/div><\/div><\/div><\/p>\n","protected":false},"excerpt":{"rendered":"","protected":false},"author":16,"featured_media":0,"parent":0,"menu_order":0,"comment_status":"closed","ping_status":"closed","template":"","meta":{"_acf_changed":false,"_monsterinsights_skip_tracking":false,"_monsterinsights_sitenote_active":false,"_monsterinsights_sitenote_note":"","_monsterinsights_sitenote_category":0,"footnotes":""},"class_list":["post-9542","page","type-page","status-publish","hentry"],"acf":[],"yoast_head":"<!-- This site is optimized with the Yoast SEO plugin v26.6 - https:\/\/yoast.com\/wordpress\/plugins\/seo\/ -->\n<title>Glossaire : Sous-traitants - Dreeven<\/title>\n<meta name=\"description\" content=\"Description du r\u00f4le d&#039;un sous-traitant pour une entreprise dans le domaine de la construction ou ses partenaires.\" \/>\n<meta name=\"robots\" content=\"index, follow, max-snippet:-1, max-image-preview:large, max-video-preview:-1\" \/>\n<link rel=\"canonical\" href=\"https:\/\/dreeven.com\/fr\/glossaire-sous-traitants\/\" \/>\n<meta property=\"og:locale\" content=\"fr_FR\" \/>\n<meta property=\"og:type\" content=\"article\" \/>\n<meta property=\"og:title\" content=\"Glossaire : Sous-traitants - Dreeven\" \/>\n<meta property=\"og:description\" content=\"Description du r\u00f4le d&#039;un sous-traitant pour une entreprise dans le domaine de la construction ou ses partenaires.\" \/>\n<meta property=\"og:url\" content=\"https:\/\/dreeven.com\/fr\/glossaire-sous-traitants\/\" \/>\n<meta property=\"og:site_name\" content=\"Dreeven\" \/>\n<meta name=\"twitter:card\" content=\"summary_large_image\" \/>\n<meta name=\"twitter:label1\" content=\"Dur\u00e9e de lecture estim\u00e9e\" \/>\n\t<meta name=\"twitter:data1\" content=\"6 minutes\" \/>\n<script type=\"application\/ld+json\" class=\"yoast-schema-graph\">{\"@context\":\"https:\/\/schema.org\",\"@graph\":[{\"@type\":\"WebPage\",\"@id\":\"https:\/\/dreeven.com\/fr\/glossaire-sous-traitants\/\",\"url\":\"https:\/\/dreeven.com\/fr\/glossaire-sous-traitants\/\",\"name\":\"Glossaire : Sous-traitants - Dreeven\",\"isPartOf\":{\"@id\":\"https:\/\/dreeven.ca\/fr\/#website\"},\"datePublished\":\"2021-12-08T16:34:09+00:00\",\"description\":\"Description du r\u00f4le d'un sous-traitant pour une entreprise dans le domaine de la construction ou ses partenaires.\",\"breadcrumb\":{\"@id\":\"https:\/\/dreeven.com\/fr\/glossaire-sous-traitants\/#breadcrumb\"},\"inLanguage\":\"fr-FR\",\"potentialAction\":[{\"@type\":\"ReadAction\",\"target\":[\"https:\/\/dreeven.com\/fr\/glossaire-sous-traitants\/\"]}]},{\"@type\":\"BreadcrumbList\",\"@id\":\"https:\/\/dreeven.com\/fr\/glossaire-sous-traitants\/#breadcrumb\",\"itemListElement\":[{\"@type\":\"ListItem\",\"position\":1,\"name\":\"Home\",\"item\":\"https:\/\/dreeven.com\/fr\/\"},{\"@type\":\"ListItem\",\"position\":2,\"name\":\"Glossaire : Sous-traitants\"}]},{\"@type\":\"WebSite\",\"@id\":\"https:\/\/dreeven.ca\/fr\/#website\",\"url\":\"https:\/\/dreeven.ca\/fr\/\",\"name\":\"Dreeven\",\"description\":\"Logiciel de gestion de chantier\",\"publisher\":{\"@id\":\"https:\/\/dreeven.ca\/fr\/#organization\"},\"potentialAction\":[{\"@type\":\"SearchAction\",\"target\":{\"@type\":\"EntryPoint\",\"urlTemplate\":\"https:\/\/dreeven.ca\/fr\/?s={search_term_string}\"},\"query-input\":{\"@type\":\"PropertyValueSpecification\",\"valueRequired\":true,\"valueName\":\"search_term_string\"}}],\"inLanguage\":\"fr-FR\"},{\"@type\":\"Organization\",\"@id\":\"https:\/\/dreeven.ca\/fr\/#organization\",\"name\":\"Dreeven Technologies inc.\",\"url\":\"https:\/\/dreeven.ca\/fr\/\",\"logo\":{\"@type\":\"ImageObject\",\"inLanguage\":\"fr-FR\",\"@id\":\"https:\/\/dreeven.ca\/fr\/#\/schema\/logo\/image\/\",\"url\":\"https:\/\/i1.wp.com\/dreeven.com\/wp-content\/uploads\/2019\/12\/dreeven-technologies-1.png?fit=150%2C64&ssl=1\",\"contentUrl\":\"https:\/\/i1.wp.com\/dreeven.com\/wp-content\/uploads\/2019\/12\/dreeven-technologies-1.png?fit=150%2C64&ssl=1\",\"width\":150,\"height\":64,\"caption\":\"Dreeven Technologies inc.\"},\"image\":{\"@id\":\"https:\/\/dreeven.ca\/fr\/#\/schema\/logo\/image\/\"},\"sameAs\":[\"https:\/\/www.linkedin.com\/company\/dreeven\/\"]}]}<\/script>\n<!-- \/ Yoast SEO plugin. -->","yoast_head_json":{"title":"Glossaire : Sous-traitants - Dreeven","description":"Description du r\u00f4le d'un sous-traitant pour une entreprise dans le domaine de la construction ou ses partenaires.","robots":{"index":"index","follow":"follow","max-snippet":"max-snippet:-1","max-image-preview":"max-image-preview:large","max-video-preview":"max-video-preview:-1"},"canonical":"https:\/\/dreeven.com\/fr\/glossaire-sous-traitants\/","og_locale":"fr_FR","og_type":"article","og_title":"Glossaire : Sous-traitants - Dreeven","og_description":"Description du r\u00f4le d'un sous-traitant pour une entreprise dans le domaine de la construction ou ses partenaires.","og_url":"https:\/\/dreeven.com\/fr\/glossaire-sous-traitants\/","og_site_name":"Dreeven","twitter_card":"summary_large_image","twitter_misc":{"Dur\u00e9e de lecture estim\u00e9e":"6 minutes"},"schema":{"@context":"https:\/\/schema.org","@graph":[{"@type":"WebPage","@id":"https:\/\/dreeven.com\/fr\/glossaire-sous-traitants\/","url":"https:\/\/dreeven.com\/fr\/glossaire-sous-traitants\/","name":"Glossaire : Sous-traitants - Dreeven","isPartOf":{"@id":"https:\/\/dreeven.ca\/fr\/#website"},"datePublished":"2021-12-08T16:34:09+00:00","description":"Description du r\u00f4le d'un sous-traitant pour une entreprise dans le domaine de la construction ou ses partenaires.","breadcrumb":{"@id":"https:\/\/dreeven.com\/fr\/glossaire-sous-traitants\/#breadcrumb"},"inLanguage":"fr-FR","potentialAction":[{"@type":"ReadAction","target":["https:\/\/dreeven.com\/fr\/glossaire-sous-traitants\/"]}]},{"@type":"BreadcrumbList","@id":"https:\/\/dreeven.com\/fr\/glossaire-sous-traitants\/#breadcrumb","itemListElement":[{"@type":"ListItem","position":1,"name":"Home","item":"https:\/\/dreeven.com\/fr\/"},{"@type":"ListItem","position":2,"name":"Glossaire : Sous-traitants"}]},{"@type":"WebSite","@id":"https:\/\/dreeven.ca\/fr\/#website","url":"https:\/\/dreeven.ca\/fr\/","name":"Dreeven","description":"Logiciel de gestion de chantier","publisher":{"@id":"https:\/\/dreeven.ca\/fr\/#organization"},"potentialAction":[{"@type":"SearchAction","target":{"@type":"EntryPoint","urlTemplate":"https:\/\/dreeven.ca\/fr\/?s={search_term_string}"},"query-input":{"@type":"PropertyValueSpecification","valueRequired":true,"valueName":"search_term_string"}}],"inLanguage":"fr-FR"},{"@type":"Organization","@id":"https:\/\/dreeven.ca\/fr\/#organization","name":"Dreeven Technologies inc.","url":"https:\/\/dreeven.ca\/fr\/","logo":{"@type":"ImageObject","inLanguage":"fr-FR","@id":"https:\/\/dreeven.ca\/fr\/#\/schema\/logo\/image\/","url":"https:\/\/i1.wp.com\/dreeven.com\/wp-content\/uploads\/2019\/12\/dreeven-technologies-1.png?fit=150%2C64&ssl=1","contentUrl":"https:\/\/i1.wp.com\/dreeven.com\/wp-content\/uploads\/2019\/12\/dreeven-technologies-1.png?fit=150%2C64&ssl=1","width":150,"height":64,"caption":"Dreeven Technologies inc."},"image":{"@id":"https:\/\/dreeven.ca\/fr\/#\/schema\/logo\/image\/"},"sameAs":["https:\/\/www.linkedin.com\/company\/dreeven\/"]}]}},"jetpack_sharing_enabled":true,"_links":{"self":[{"href":"https:\/\/dreeven.com\/fr\/wp-json\/wp\/v2\/pages\/9542","targetHints":{"allow":["GET"]}}],"collection":[{"href":"https:\/\/dreeven.com\/fr\/wp-json\/wp\/v2\/pages"}],"about":[{"href":"https:\/\/dreeven.com\/fr\/wp-json\/wp\/v2\/types\/page"}],"author":[{"embeddable":true,"href":"https:\/\/dreeven.com\/fr\/wp-json\/wp\/v2\/users\/16"}],"replies":[{"embeddable":true,"href":"https:\/\/dreeven.com\/fr\/wp-json\/wp\/v2\/comments?post=9542"}],"version-history":[{"count":0,"href":"https:\/\/dreeven.com\/fr\/wp-json\/wp\/v2\/pages\/9542\/revisions"}],"wp:attachment":[{"href":"https:\/\/dreeven.com\/fr\/wp-json\/wp\/v2\/media?parent=9542"}],"curies":[{"name":"wp","href":"https:\/\/api.w.org\/{rel}","templated":true}]}}