{"id":9319,"date":"2021-12-08T12:02:34","date_gmt":"2021-12-08T17:02:34","guid":{"rendered":"https:\/\/dreeven.com\/?page_id=9319"},"modified":"2021-12-08T12:02:34","modified_gmt":"2021-12-08T17:02:34","slug":"glossaire-entrepreneur-general","status":"publish","type":"page","link":"https:\/\/dreeven.com\/fr\/glossaire-entrepreneur-general\/","title":{"rendered":"Glossaire : Entrepreneur g\u00e9n\u00e9ral"},"content":{"rendered":"<p><div class=\"fusion-fullwidth fullwidth-box fusion-builder-row-1 nonhundred-percent-fullwidth non-hundred-percent-height-scrolling\" style=\"--awb-border-radius-top-left:0px;--awb-border-radius-top-right:0px;--awb-border-radius-bottom-right:0px;--awb-border-radius-bottom-left:0px;--awb-flex-wrap:wrap;\" ><div class=\"fusion-builder-row fusion-row\"><div class=\"fusion-layout-column fusion_builder_column fusion-builder-column-0 fusion_builder_column_1_1 1_1 fusion-one-full fusion-column-first fusion-column-last\" style=\"--awb-bg-size:cover;\"><div class=\"fusion-column-wrapper fusion-column-has-shadow fusion-flex-column-wrapper-legacy\"><div class=\"fusion-text fusion-text-1\"><h2 style=\"text-align: center;\">Glossaire : <span style=\"color: #c95e5d;\">Entrepreneur g\u00e9n\u00e9ral<\/span><\/h2>\n<\/div><div class=\"fusion-clearfix\"><\/div><\/div><\/div><\/div><\/div><div class=\"fusion-fullwidth fullwidth-box fusion-builder-row-2 nonhundred-percent-fullwidth non-hundred-percent-height-scrolling\" style=\"--awb-border-radius-top-left:0px;--awb-border-radius-top-right:0px;--awb-border-radius-bottom-right:0px;--awb-border-radius-bottom-left:0px;--awb-background-color:#f4f4f4;--awb-flex-wrap:wrap;\" ><div class=\"fusion-builder-row fusion-row\"><div class=\"fusion-layout-column fusion_builder_column fusion-builder-column-1 fusion_builder_column_1_1 1_1 fusion-one-full fusion-column-first fusion-column-last\" style=\"--awb-padding-right:60px;--awb-padding-left:60px;--awb-bg-size:cover;\"><div class=\"fusion-column-wrapper fusion-column-has-shadow fusion-flex-column-wrapper-legacy\"><div class=\"fusion-text fusion-text-2\"><h3 style=\"text-align: center;\">Un\u00a0entrepreneur g\u00e9n\u00e9ral\u00a0est en fait celui qui s\u2019occupe de la planification, l\u2019organisation et la coordination du projet. Il pourrait ex\u00e9cuter lui-m\u00eame certains des travaux, mais peut \u00e9galement les confier \u00e0 des entrepreneurs sp\u00e9cialis\u00e9s dans diff\u00e9rents domaines. L\u2019entrepreneur g\u00e9n\u00e9ral est \u00e9videmment bien d\u00e9tenteur d\u2019une licence de la R\u00e9gie du B\u00e2timent du Qu\u00e9bec, mais d\u00e9tient plusieurs comp\u00e9tences afin d\u2019\u00eatre capable de s\u2019assurer que le projet de r\u00e9novation se d\u00e9roule comme il se doit.<\/h3>\n<h3 style=\"text-align: center;\">Cautionnement RBQ, 20 000$<\/h3>\n<\/div><div class=\"fusion-clearfix\"><\/div><\/div><\/div><\/div><\/div><div class=\"fusion-fullwidth fullwidth-box fusion-builder-row-3 nonhundred-percent-fullwidth non-hundred-percent-height-scrolling\" style=\"--awb-border-radius-top-left:0px;--awb-border-radius-top-right:0px;--awb-border-radius-bottom-right:0px;--awb-border-radius-bottom-left:0px;--awb-flex-wrap:wrap;\" ><div class=\"fusion-builder-row fusion-row\"><div class=\"fusion-layout-column fusion_builder_column fusion-builder-column-2 fusion_builder_column_1_1 1_1 fusion-one-full fusion-column-first fusion-column-last\" style=\"--awb-padding-top:20px;--awb-bg-size:cover;\"><div class=\"fusion-column-wrapper fusion-column-has-shadow fusion-flex-column-wrapper-legacy\"><div class=\"fusion-image-element fusion-image-align-center in-legacy-container\" style=\"text-align:center;--awb-caption-title-font-family:var(--h2_typography-font-family);--awb-caption-title-font-weight:var(--h2_typography-font-weight);--awb-caption-title-font-style:var(--h2_typography-font-style);--awb-caption-title-size:var(--h2_typography-font-size);--awb-caption-title-transform:var(--h2_typography-text-transform);--awb-caption-title-line-height:var(--h2_typography-line-height);--awb-caption-title-letter-spacing:var(--h2_typography-letter-spacing);\"><div class=\"imageframe-align-center\"><span class=\" fusion-imageframe imageframe-none imageframe-1 hover-type-none\"><img fetchpriority=\"high\" fetchpriority=\"high\" decoding=\"async\" width=\"900\" height=\"300\" title=\"Entrepreneurs g\u00e9n\u00e9ral\" src=\"https:\/\/i0.wp.com\/dreeven.com\/wp-content\/uploads\/2021\/12\/Entrepreneurs-general.jpg?fit=900%2C300&ssl=1\" data-orig-src=\"https:\/\/i0.wp.com\/dreeven.com\/wp-content\/uploads\/2021\/12\/Entrepreneurs-general.jpg?fit=900%2C300&#038;ssl=1\" alt class=\"lazyload img-responsive wp-image-9321\" srcset=\"data:image\/svg+xml,%3Csvg%20xmlns%3D%27http%3A%2F%2Fwww.w3.org%2F2000%2Fsvg%27%20width%3D%27900%27%20height%3D%27300%27%20viewBox%3D%270%200%20900%20300%27%3E%3Crect%20width%3D%27900%27%20height%3D%27300%27%20fill-opacity%3D%220%22%2F%3E%3C%2Fsvg%3E\" data-srcset=\"https:\/\/i0.wp.com\/dreeven.com\/wp-content\/uploads\/2021\/12\/Entrepreneurs-general.jpg?resize=200%2C67&amp;ssl=1 200w, https:\/\/i0.wp.com\/dreeven.com\/wp-content\/uploads\/2021\/12\/Entrepreneurs-general.jpg?resize=300%2C100&amp;ssl=1 300w, https:\/\/i0.wp.com\/dreeven.com\/wp-content\/uploads\/2021\/12\/Entrepreneurs-general.jpg?resize=400%2C133&amp;ssl=1 400w, https:\/\/i0.wp.com\/dreeven.com\/wp-content\/uploads\/2021\/12\/Entrepreneurs-general.jpg?resize=600%2C200&amp;ssl=1 600w, https:\/\/i0.wp.com\/dreeven.com\/wp-content\/uploads\/2021\/12\/Entrepreneurs-general.jpg?resize=768%2C256&amp;ssl=1 768w, https:\/\/i0.wp.com\/dreeven.com\/wp-content\/uploads\/2021\/12\/Entrepreneurs-general.jpg?resize=800%2C267&amp;ssl=1 800w, https:\/\/i0.wp.com\/dreeven.com\/wp-content\/uploads\/2021\/12\/Entrepreneurs-general.jpg?fit=900%2C300&amp;ssl=1 900w\" data-sizes=\"auto\" data-orig-sizes=\"(max-width: 800px) 100vw, 900px\" \/><\/span><\/div><\/div><div class=\"fusion-clearfix\"><\/div><\/div><\/div><\/div><\/div><\/p>\n","protected":false},"excerpt":{"rendered":"","protected":false},"author":16,"featured_media":0,"parent":0,"menu_order":0,"comment_status":"closed","ping_status":"closed","template":"","meta":{"_acf_changed":false,"_monsterinsights_skip_tracking":false,"_monsterinsights_sitenote_active":false,"_monsterinsights_sitenote_note":"","_monsterinsights_sitenote_category":0,"footnotes":""},"class_list":["post-9319","page","type-page","status-publish","hentry"],"acf":[],"yoast_head":"<!-- This site is optimized with the Yoast SEO plugin v26.6 - https:\/\/yoast.com\/wordpress\/plugins\/seo\/ -->\n<title>Glossaire : Entrepreneur g\u00e9n\u00e9ral - Dreeven<\/title>\n<meta name=\"description\" content=\"D\u00e9finition du titre d&#039;entrepreneur g\u00e9n\u00e9ral dans le domaine de la construction. Un glossaire cr\u00e9e par Dreeven, pour VOUS!\" \/>\n<meta name=\"robots\" content=\"index, follow, max-snippet:-1, max-image-preview:large, max-video-preview:-1\" \/>\n<link rel=\"canonical\" href=\"https:\/\/dreeven.com\/fr\/glossaire-entrepreneur-general\/\" \/>\n<meta property=\"og:locale\" content=\"fr_FR\" \/>\n<meta property=\"og:type\" content=\"article\" \/>\n<meta property=\"og:title\" content=\"Glossaire : Entrepreneur g\u00e9n\u00e9ral - Dreeven\" \/>\n<meta property=\"og:description\" content=\"D\u00e9finition du titre d&#039;entrepreneur g\u00e9n\u00e9ral dans le domaine de la construction. Un glossaire cr\u00e9e par Dreeven, pour VOUS!\" \/>\n<meta property=\"og:url\" content=\"https:\/\/dreeven.com\/fr\/glossaire-entrepreneur-general\/\" \/>\n<meta property=\"og:site_name\" content=\"Dreeven\" \/>\n<meta name=\"twitter:card\" content=\"summary_large_image\" \/>\n<meta name=\"twitter:label1\" content=\"Dur\u00e9e de lecture estim\u00e9e\" \/>\n\t<meta name=\"twitter:data1\" content=\"3 minutes\" \/>\n<script type=\"application\/ld+json\" class=\"yoast-schema-graph\">{\"@context\":\"https:\/\/schema.org\",\"@graph\":[{\"@type\":\"WebPage\",\"@id\":\"https:\/\/dreeven.com\/fr\/glossaire-entrepreneur-general\/\",\"url\":\"https:\/\/dreeven.com\/fr\/glossaire-entrepreneur-general\/\",\"name\":\"Glossaire : Entrepreneur g\u00e9n\u00e9ral - Dreeven\",\"isPartOf\":{\"@id\":\"https:\/\/dreeven.ca\/fr\/#website\"},\"datePublished\":\"2021-12-08T17:02:34+00:00\",\"description\":\"D\u00e9finition du titre d'entrepreneur g\u00e9n\u00e9ral dans le domaine de la construction. Un glossaire cr\u00e9e par Dreeven, pour VOUS!\",\"breadcrumb\":{\"@id\":\"https:\/\/dreeven.com\/fr\/glossaire-entrepreneur-general\/#breadcrumb\"},\"inLanguage\":\"fr-FR\",\"potentialAction\":[{\"@type\":\"ReadAction\",\"target\":[\"https:\/\/dreeven.com\/fr\/glossaire-entrepreneur-general\/\"]}]},{\"@type\":\"BreadcrumbList\",\"@id\":\"https:\/\/dreeven.com\/fr\/glossaire-entrepreneur-general\/#breadcrumb\",\"itemListElement\":[{\"@type\":\"ListItem\",\"position\":1,\"name\":\"Home\",\"item\":\"https:\/\/dreeven.com\/fr\/\"},{\"@type\":\"ListItem\",\"position\":2,\"name\":\"Glossaire : Entrepreneur g\u00e9n\u00e9ral\"}]},{\"@type\":\"WebSite\",\"@id\":\"https:\/\/dreeven.ca\/fr\/#website\",\"url\":\"https:\/\/dreeven.ca\/fr\/\",\"name\":\"Dreeven\",\"description\":\"Logiciel de gestion de chantier\",\"publisher\":{\"@id\":\"https:\/\/dreeven.ca\/fr\/#organization\"},\"potentialAction\":[{\"@type\":\"SearchAction\",\"target\":{\"@type\":\"EntryPoint\",\"urlTemplate\":\"https:\/\/dreeven.ca\/fr\/?s={search_term_string}\"},\"query-input\":{\"@type\":\"PropertyValueSpecification\",\"valueRequired\":true,\"valueName\":\"search_term_string\"}}],\"inLanguage\":\"fr-FR\"},{\"@type\":\"Organization\",\"@id\":\"https:\/\/dreeven.ca\/fr\/#organization\",\"name\":\"Dreeven Technologies inc.\",\"url\":\"https:\/\/dreeven.ca\/fr\/\",\"logo\":{\"@type\":\"ImageObject\",\"inLanguage\":\"fr-FR\",\"@id\":\"https:\/\/dreeven.ca\/fr\/#\/schema\/logo\/image\/\",\"url\":\"https:\/\/i1.wp.com\/dreeven.com\/wp-content\/uploads\/2019\/12\/dreeven-technologies-1.png?fit=150%2C64&ssl=1\",\"contentUrl\":\"https:\/\/i1.wp.com\/dreeven.com\/wp-content\/uploads\/2019\/12\/dreeven-technologies-1.png?fit=150%2C64&ssl=1\",\"width\":150,\"height\":64,\"caption\":\"Dreeven Technologies inc.\"},\"image\":{\"@id\":\"https:\/\/dreeven.ca\/fr\/#\/schema\/logo\/image\/\"},\"sameAs\":[\"https:\/\/www.linkedin.com\/company\/dreeven\/\"]}]}<\/script>\n<!-- \/ Yoast SEO plugin. -->","yoast_head_json":{"title":"Glossaire : Entrepreneur g\u00e9n\u00e9ral - Dreeven","description":"D\u00e9finition du titre d'entrepreneur g\u00e9n\u00e9ral dans le domaine de la construction. Un glossaire cr\u00e9e par Dreeven, pour VOUS!","robots":{"index":"index","follow":"follow","max-snippet":"max-snippet:-1","max-image-preview":"max-image-preview:large","max-video-preview":"max-video-preview:-1"},"canonical":"https:\/\/dreeven.com\/fr\/glossaire-entrepreneur-general\/","og_locale":"fr_FR","og_type":"article","og_title":"Glossaire : Entrepreneur g\u00e9n\u00e9ral - Dreeven","og_description":"D\u00e9finition du titre d'entrepreneur g\u00e9n\u00e9ral dans le domaine de la construction. Un glossaire cr\u00e9e par Dreeven, pour VOUS!","og_url":"https:\/\/dreeven.com\/fr\/glossaire-entrepreneur-general\/","og_site_name":"Dreeven","twitter_card":"summary_large_image","twitter_misc":{"Dur\u00e9e de lecture estim\u00e9e":"3 minutes"},"schema":{"@context":"https:\/\/schema.org","@graph":[{"@type":"WebPage","@id":"https:\/\/dreeven.com\/fr\/glossaire-entrepreneur-general\/","url":"https:\/\/dreeven.com\/fr\/glossaire-entrepreneur-general\/","name":"Glossaire : Entrepreneur g\u00e9n\u00e9ral - Dreeven","isPartOf":{"@id":"https:\/\/dreeven.ca\/fr\/#website"},"datePublished":"2021-12-08T17:02:34+00:00","description":"D\u00e9finition du titre d'entrepreneur g\u00e9n\u00e9ral dans le domaine de la construction. Un glossaire cr\u00e9e par Dreeven, pour VOUS!","breadcrumb":{"@id":"https:\/\/dreeven.com\/fr\/glossaire-entrepreneur-general\/#breadcrumb"},"inLanguage":"fr-FR","potentialAction":[{"@type":"ReadAction","target":["https:\/\/dreeven.com\/fr\/glossaire-entrepreneur-general\/"]}]},{"@type":"BreadcrumbList","@id":"https:\/\/dreeven.com\/fr\/glossaire-entrepreneur-general\/#breadcrumb","itemListElement":[{"@type":"ListItem","position":1,"name":"Home","item":"https:\/\/dreeven.com\/fr\/"},{"@type":"ListItem","position":2,"name":"Glossaire : Entrepreneur g\u00e9n\u00e9ral"}]},{"@type":"WebSite","@id":"https:\/\/dreeven.ca\/fr\/#website","url":"https:\/\/dreeven.ca\/fr\/","name":"Dreeven","description":"Logiciel de gestion de chantier","publisher":{"@id":"https:\/\/dreeven.ca\/fr\/#organization"},"potentialAction":[{"@type":"SearchAction","target":{"@type":"EntryPoint","urlTemplate":"https:\/\/dreeven.ca\/fr\/?s={search_term_string}"},"query-input":{"@type":"PropertyValueSpecification","valueRequired":true,"valueName":"search_term_string"}}],"inLanguage":"fr-FR"},{"@type":"Organization","@id":"https:\/\/dreeven.ca\/fr\/#organization","name":"Dreeven Technologies inc.","url":"https:\/\/dreeven.ca\/fr\/","logo":{"@type":"ImageObject","inLanguage":"fr-FR","@id":"https:\/\/dreeven.ca\/fr\/#\/schema\/logo\/image\/","url":"https:\/\/i1.wp.com\/dreeven.com\/wp-content\/uploads\/2019\/12\/dreeven-technologies-1.png?fit=150%2C64&ssl=1","contentUrl":"https:\/\/i1.wp.com\/dreeven.com\/wp-content\/uploads\/2019\/12\/dreeven-technologies-1.png?fit=150%2C64&ssl=1","width":150,"height":64,"caption":"Dreeven Technologies inc."},"image":{"@id":"https:\/\/dreeven.ca\/fr\/#\/schema\/logo\/image\/"},"sameAs":["https:\/\/www.linkedin.com\/company\/dreeven\/"]}]}},"jetpack_sharing_enabled":true,"_links":{"self":[{"href":"https:\/\/dreeven.com\/fr\/wp-json\/wp\/v2\/pages\/9319","targetHints":{"allow":["GET"]}}],"collection":[{"href":"https:\/\/dreeven.com\/fr\/wp-json\/wp\/v2\/pages"}],"about":[{"href":"https:\/\/dreeven.com\/fr\/wp-json\/wp\/v2\/types\/page"}],"author":[{"embeddable":true,"href":"https:\/\/dreeven.com\/fr\/wp-json\/wp\/v2\/users\/16"}],"replies":[{"embeddable":true,"href":"https:\/\/dreeven.com\/fr\/wp-json\/wp\/v2\/comments?post=9319"}],"version-history":[{"count":0,"href":"https:\/\/dreeven.com\/fr\/wp-json\/wp\/v2\/pages\/9319\/revisions"}],"wp:attachment":[{"href":"https:\/\/dreeven.com\/fr\/wp-json\/wp\/v2\/media?parent=9319"}],"curies":[{"name":"wp","href":"https:\/\/api.w.org\/{rel}","templated":true}]}}