{"id":9164,"date":"2021-12-08T12:23:19","date_gmt":"2021-12-08T17:23:19","guid":{"rendered":"https:\/\/dreeven.com\/?page_id=9164"},"modified":"2021-12-08T12:23:19","modified_gmt":"2021-12-08T17:23:19","slug":"glossaire","status":"publish","type":"page","link":"https:\/\/dreeven.com\/fr\/glossaire\/","title":{"rendered":"Glossaire"},"content":{"rendered":"<p><div class=\"fusion-fullwidth fullwidth-box fusion-builder-row-1 nonhundred-percent-fullwidth non-hundred-percent-height-scrolling\" style=\"--awb-border-radius-top-left:0px;--awb-border-radius-top-right:0px;--awb-border-radius-bottom-right:0px;--awb-border-radius-bottom-left:0px;--awb-flex-wrap:wrap;\" ><div class=\"fusion-builder-row fusion-row\"><div class=\"fusion-layout-column fusion_builder_column fusion-builder-column-0 fusion_builder_column_1_1 1_1 fusion-one-full fusion-column-first fusion-column-last\" style=\"--awb-bg-color:#f4f4f4;--awb-bg-color-hover:#f4f4f4;--awb-bg-size:cover;\"><div class=\"fusion-column-wrapper fusion-column-has-shadow fusion-flex-column-wrapper-legacy\"><div class=\"fusion-text fusion-text-1\"><h1 style=\"text-align: center;\">Glossaire<\/h1>\n<h3 style=\"text-align: center;\">Notre glossaire est cr\u00e9\u00e9 explicitement pour le domaine de la construction et la gestion num\u00e9rique. N&rsquo;h\u00e9sitez pas \u00e0 vous en servir en cas de doutes sur certains mots!<\/h3>\n<\/div><div class=\"fusion-clearfix\"><\/div><\/div><\/div><\/div><\/div><div class=\"fusion-fullwidth fullwidth-box fusion-builder-row-2 nonhundred-percent-fullwidth non-hundred-percent-height-scrolling\" style=\"--awb-border-radius-top-left:0px;--awb-border-radius-top-right:0px;--awb-border-radius-bottom-right:0px;--awb-border-radius-bottom-left:0px;--awb-flex-wrap:wrap;\" ><div class=\"fusion-builder-row fusion-row\"><div class=\"fusion-layout-column fusion_builder_column fusion-builder-column-1 fusion_builder_column_1_1 1_1 fusion-one-full fusion-column-first fusion-column-last\" style=\"--awb-bg-size:cover;\"><div class=\"fusion-column-wrapper fusion-column-has-shadow fusion-flex-column-wrapper-legacy\"><div class=\"fusion-text fusion-text-2\"><h2 style=\"text-align: center;\"><span style=\"color: #c95e5d;\">A &#8211; B &#8211; C &#8211; D &#8211; E &#8211; F &#8211; G &#8211; H &#8211; I &#8211; J &#8211; K &#8211; L &#8211; M &#8211; N &#8211; O &#8211; P &#8211; Q &#8211; R &#8211; S &#8211; T &#8211; U &#8211; V &#8211; W &#8211; X &#8211; Y &#8211; Z<\/span><\/h2>\n<\/div><div class=\"fusion-clearfix\"><\/div><\/div><\/div><\/div><\/div><div class=\"fusion-fullwidth fullwidth-box fusion-builder-row-3 nonhundred-percent-fullwidth non-hundred-percent-height-scrolling\" style=\"--awb-border-radius-top-left:0px;--awb-border-radius-top-right:0px;--awb-border-radius-bottom-right:0px;--awb-border-radius-bottom-left:0px;--awb-flex-wrap:wrap;\" ><div class=\"fusion-builder-row fusion-row\"><div class=\"fusion-layout-column fusion_builder_column fusion-builder-column-2 fusion_builder_column_1_1 1_1 fusion-one-full fusion-column-first fusion-column-last\" style=\"--awb-bg-size:cover;\"><div class=\"fusion-column-wrapper fusion-column-has-shadow fusion-flex-column-wrapper-legacy\"><div class=\"fusion-text fusion-text-3\"><h3><span style=\"color: #c95e5d;\"><strong>A<\/strong><\/span><\/h3>\n<h3><a href=\"https:\/\/dreeven.com\/fr\/glossaire-administration\/\"><span style=\"color: #000000;\">Administration<\/span><\/a><\/h3>\n<h3><a href=\"https:\/\/dreeven.com\/fr\/glossaire-annotations\/\"><span style=\"color: #000000;\">Annotations<\/span><\/a><\/h3>\n<h3><a href=\"https:\/\/dreeven.com\/fr\/glossaire-appel-doffres\/\"><span style=\"color: #000000;\">Appel d&rsquo;offres<\/span><\/a><\/h3>\n<h3><a href=\"https:\/\/dreeven.com\/fr\/glossaire-application\/\"><span style=\"color: #000000;\">Application<\/span><\/a><\/h3>\n<h3><a href=\"https:\/\/dreeven.com\/fr\/glossaire-architectes\/\"><span style=\"color: #000000;\">Architectes<\/span><\/a><\/h3>\n<h3><a href=\"https:\/\/dreeven.com\/fr\/glossaire-ateliers\/\"><span style=\"color: #000000;\">Ateliers<\/span><\/a><\/h3>\n<h3><\/h3>\n<h3><span style=\"color: #c95e5d;\"><strong>B<\/strong><\/span><\/h3>\n<h3><a href=\"https:\/\/dreeven.com\/fr\/glossaire-bi-mensuel\/\"><span style=\"color: #000000;\">Bi-mensuel<\/span><\/a><\/h3>\n<h3><a href=\"https:\/\/dreeven.com\/fr\/glossaire-budget\/\"><span style=\"color: #000000;\">Budget<\/span><\/a><\/h3>\n<h3><\/h3>\n<h3><strong><span style=\"color: #c95e5d;\">C<\/span><\/strong><\/h3>\n<h3><a href=\"https:\/\/dreeven.com\/fr\/glossaire-ccq\/\"><span style=\"color: #000000;\">CCQ<\/span><\/a><\/h3>\n<h3><a href=\"https:\/\/dreeven.com\/fr\/glossaire-centraliser\/\"><span style=\"color: #000000;\">Centraliser<\/span><\/a><\/h3>\n<h3><a href=\"https:\/\/dreeven.com\/fr\/glossaire-chantier\/\"><span style=\"color: #000000;\">Chantier<\/span><\/a><\/h3>\n<h3><a href=\"https:\/\/dreeven.com\/fr\/glossaire-cloud\/\"><span style=\"color: #000000;\">Cloud<\/span><\/a><\/h3>\n<h3><a href=\"https:\/\/dreeven.com\/fr\/glossaire-collaboratif\/\"><span style=\"color: #000000;\">Collaboratif<\/span><\/a><\/h3>\n<h3><a href=\"https:\/\/dreeven.com\/fr\/glossaire-collaborateurs\/\"><span style=\"color: #000000;\">Collaborateurs<\/span><\/a><\/h3>\n<h3><a href=\"https:\/\/dreeven.com\/fr\/glossaire-comptabilite\/\"><span style=\"color: #000000;\">Comptabilit\u00e9<\/span><\/a><\/h3>\n<h3><a href=\"https:\/\/dreeven.com\/fr\/glossaire-contrat\/\"><span style=\"color: #000000;\">Contrat<\/span><\/a><\/h3>\n<h3><a href=\"https:\/\/dreeven.com\/fr\/glossaire-construction\/\"><span style=\"color: #000000;\">Construction\u00a0<\/span><\/a><\/h3>\n<h3><\/h3>\n<h3><strong><span style=\"color: #c95e5d;\">D<\/span><\/strong><\/h3>\n<h3><span style=\"color: #000000;\">D\u00e9ficience<\/span><\/h3>\n<h3><a href=\"https:\/\/dreeven.com\/fr\/glossaire-dessins-dateliers\/\"><span style=\"color: #000000;\">Dessins d\u2019ateliers<\/span><\/a><\/h3>\n<h3><a href=\"https:\/\/dreeven.com\/fr\/glossaire-digital\/\"><span style=\"color: #000000;\">Digital<\/span><\/a><\/h3>\n<h3><a href=\"https:\/\/dreeven.com\/fr\/glossaire-dreeven\/\"><span style=\"color: #000000;\">Dreeven<\/span><\/a><\/h3>\n<h3><\/h3>\n<h3><strong><span style=\"color: #c95e5d;\">E<\/span><\/strong><\/h3>\n<h3><a href=\"https:\/\/dreeven.com\/fr\/glossaire-employe\/\"><span style=\"color: #000000;\">Employ\u00e9s<\/span><\/a><\/h3>\n<h3><a href=\"https:\/\/dreeven.com\/fr\/glossaire-entrepreneur\/\"><span style=\"color: #000000;\">Entrepreneur<\/span><\/a><\/h3>\n<h3><a href=\"https:\/\/dreeven.com\/fr\/glossaire-entrepreneur-general\/\"><span style=\"color: #000000;\">Entrepreneur g\u00e9n\u00e9ral<\/span><\/a><\/h3>\n<h3><a href=\"https:\/\/dreeven.com\/fr\/glossaire-entrepreneur-specialise\/\"><span style=\"color: #000000;\">Entrepreneur sp\u00e9cialis\u00e9<\/span><\/a><\/h3>\n<h3><a href=\"https:\/\/dreeven.com\/fr\/glossaire-equipement\/\"><span style=\"color: #000000;\">\u00c9quipement<\/span><\/a><\/h3>\n<h3><a href=\"https:\/\/dreeven.com\/fr\/glossaire-espace-de-stockage\/\"><span style=\"color: #000000;\">Espace de stockage<\/span><\/a><\/h3>\n<h3><a href=\"https:\/\/dreeven.com\/fr\/glossaire-externe\/\"><span style=\"color: #000000;\">Externe<\/span><\/a><\/h3>\n<h3><\/h3>\n<h3><strong><span style=\"color: #c95e5d;\">F<\/span><\/strong><\/h3>\n<h3><a href=\"https:\/\/dreeven.com\/fr\/glossaire-feuilles-de-temps\/\"><span style=\"color: #000000;\">Feuilles de temps<\/span><\/a><\/h3>\n<h3><\/h3>\n<h3><strong><span style=\"color: #c95e5d;\">G<\/span><\/strong><\/h3>\n<h3><a href=\"https:\/\/dreeven.com\/fr\/glossaire-gestion\/\"><span style=\"color: #000000;\">Gestion<\/span><\/a><\/h3>\n<h3><a href=\"https:\/\/dreeven.com\/fr\/glossaire-gestion-dagenda\/\"><span style=\"color: #000000;\">Gestion d\u2019agenda<\/span><\/a><\/h3>\n<h3><a href=\"https:\/\/dreeven.com\/fr\/glossaire-gestion-documentaire\/\"><span style=\"color: #000000;\">Gestion documentaire<\/span><\/a><\/h3>\n<h3><a href=\"https:\/\/dreeven.com\/fr\/glossaire-gestion-de-projets\/\"><span style=\"color: #000000;\">Gestion de projets<\/span><\/a><\/h3>\n<h3><\/h3>\n<h3><strong><span style=\"color: #c95e5d;\">H<\/span><\/strong><\/h3>\n<h3><\/h3>\n<h3><strong><span style=\"color: #c95e5d;\">I<\/span><\/strong><\/h3>\n<h3><a href=\"https:\/\/dreeven.com\/fr\/glossaire-ingenieur\/\"><span style=\"color: #000000;\">Ing\u00e9nieur<\/span><\/a><\/h3>\n<h3><a href=\"https:\/\/dreeven.com\/fr\/glossaire-integration\/\"><span style=\"color: #000000;\">Int\u00e9gration<\/span><\/a><\/h3>\n<h3><a href=\"https:\/\/dreeven.com\/fr\/glossaire-integrer\/\"><span style=\"color: #000000;\">Int\u00e9grer<\/span><\/a><\/h3>\n<h3><a href=\"https:\/\/dreeven.com\/fr\/glossaire-interface\/\"><span style=\"color: #000000;\">Interface<\/span><\/a><\/h3>\n<h3><a href=\"https:\/\/dreeven.com\/fr\/glossaire-interne\/\"><span style=\"color: #000000;\">Interne<\/span><\/a><\/h3>\n<h3><\/h3>\n<h3><strong><span style=\"color: #c95e5d;\">J<\/span><\/strong><\/h3>\n<h3><a href=\"https:\/\/dreeven.com\/fr\/glossaire-journalier\/\"><span style=\"color: #000000;\">Journalier<\/span><\/a><\/h3>\n<h3><\/h3>\n<h3><span style=\"color: #c95e5d;\"><strong>K<\/strong><\/span><\/h3>\n<h3><\/h3>\n<h3><strong><span style=\"color: #c95e5d;\">L<\/span><\/strong><\/h3>\n<h3><a href=\"https:\/\/dreeven.com\/fr\/glossaire-logiciel\/\"><span style=\"color: #000000;\">Logiciel<\/span><\/a><\/h3>\n<h3><a href=\"https:\/\/dreeven.com\/fr\/glossaire-logistique\/\"><span style=\"color: #000000;\">Logistique<\/span><\/a><\/h3>\n<h3><\/h3>\n<h3><strong><span style=\"color: #c95e5d;\">M<\/span><\/strong><\/h3>\n<h3><a href=\"https:\/\/dreeven.com\/fr\/glossaire-machinerie\/\"><span style=\"color: #000000;\">Machinerie<\/span><\/a><\/h3>\n<h3><a href=\"https:\/\/dreeven.com\/fr\/glossaire-minutes-de-reunions\/\"><span style=\"color: #000000;\">Minutes de r\u00e9unions<\/span><\/a><\/h3>\n<h3><\/h3>\n<h3><strong><span style=\"color: #c95e5d;\">N<\/span><\/strong><\/h3>\n<h3><a href=\"https:\/\/dreeven.com\/fr\/glossaire-numerique\/\"><span style=\"color: #000000;\">Num\u00e9rique<\/span><\/a><\/h3>\n<h3><a href=\"https:\/\/dreeven.com\/fr\/glossaire-numerisation\/\"><span style=\"color: #000000;\">Num\u00e9risation<\/span><\/a><\/h3>\n<h3><\/h3>\n<h3><strong><span style=\"color: #c95e5d;\">O<\/span><\/strong><\/h3>\n<h3><a href=\"https:\/\/dreeven.com\/fr\/glossaire-operations\/\"><span style=\"color: #000000;\">Op\u00e9rations<\/span><\/a><\/h3>\n<h3><a href=\"https:\/\/dreeven.com\/fr\/glossaire-optimiser\/\"><span style=\"color: #000000;\">Optimiser<\/span><\/a><\/h3>\n<h3><\/h3>\n<h3><strong><span style=\"color: #c95e5d;\">P<\/span><\/strong><\/h3>\n<h3><a href=\"https:\/\/dreeven.com\/fr\/glossaire-partenaires\/\">Partenaires<\/a><\/h3>\n<h3><a href=\"https:\/\/dreeven.com\/fr\/glossaire-pdf\/\"><span style=\"color: #000000;\">PDF<\/span><\/a><\/h3>\n<h3><a href=\"https:\/\/dreeven.com\/fr\/glossaire-performance\/\"><span style=\"color: #000000;\">Performance<\/span><\/a><\/h3>\n<h3><a href=\"https:\/\/dreeven.com\/fr\/glossaire-plans\/\"><span style=\"color: #000000;\">Plans<\/span><\/a><\/h3>\n<h3><a href=\"https:\/\/dreeven.com\/fr\/glossaire-plateforme\/\"><span style=\"color: #000000;\">Plateforme<\/span><\/a><\/h3>\n<h3><a href=\"https:\/\/dreeven.com\/fr\/glossaire-plateforme-centralisee\/\"><span style=\"color: #000000;\">Plateforme centralis\u00e9e<\/span><\/a><\/h3>\n<h3><a href=\"https:\/\/dreeven.com\/fr\/glossaire-plateforme-collaborative\/\"><span style=\"color: #000000;\">Plateforme collaborative<\/span><\/a><\/h3>\n<h3><\/h3>\n<h3><span style=\"color: #c95e5d;\"><strong>Q<\/strong><\/span><\/h3>\n<h3><a href=\"https:\/\/dreeven.com\/fr\/glossaire-qrt\/\"><span style=\"color: #000000;\">QRT<\/span><\/a><\/h3>\n<h3><a href=\"https:\/\/dreeven.com\/fr\/glossaire-quittance\/\"><span style=\"color: #000000;\">Quittance<\/span><\/a><\/h3>\n<h3><\/h3>\n<h3><span style=\"color: #c95e5d;\"><strong>R<\/strong><\/span><\/h3>\n<h3><a href=\"https:\/\/dreeven.com\/fr\/glossaire-rapports\/\"><span style=\"color: #000000;\">Rapports<\/span><\/a><\/h3>\n<h3><a href=\"https:\/\/dreeven.com\/fr\/glossaire-rapport-journalier\/\"><span style=\"color: #000000;\">Rapports journalier<\/span><\/a><\/h3>\n<h3><\/h3>\n<h3><strong><span style=\"color: #c95e5d;\">S<\/span><\/strong><\/h3>\n<h3><a href=\"https:\/\/dreeven.com\/fr\/glossaire-soumission\/\"><span style=\"color: #000000;\">Soumission<\/span><\/a><\/h3>\n<h3><a href=\"https:\/\/dreeven.com\/fr\/glossaire-sous-traitants\/\"><span style=\"color: #000000;\">Sous-traitants<\/span><\/a><\/h3>\n<h3><a href=\"https:\/\/dreeven.com\/fr\/glossaire-suivis-de-projets\/\"><span style=\"color: #000000;\">Suivis de projets<\/span><\/a><\/h3>\n<h3><\/h3>\n<h3><strong><span style=\"color: #c95e5d;\">T<\/span><\/strong><\/h3>\n<h3><a href=\"https:\/\/dreeven.com\/fr\/glossaire-teletravail\/\"><span style=\"color: #000000;\">T\u00e9l\u00e9travail<\/span><\/a><\/h3>\n<h3><a href=\"https:\/\/dreeven.com\/fr\/glossaire-televerser\/\"><span style=\"color: #000000;\">T\u00e9l\u00e9verser<\/span><\/a><\/h3>\n<h3><a href=\"https:\/\/dreeven.com\/fr\/glossaire-temoignage\/\"><span style=\"color: #000000;\">T\u00e9moignage<\/span><\/a><\/h3>\n<h3><a href=\"https:\/\/dreeven.com\/fr\/glossaire-temps-reel\/\"><span style=\"color: #000000;\">Temps reel<\/span><\/a><\/h3>\n<h3><a href=\"https:\/\/dreeven.com\/fr\/glossaire-trades\/\"><span style=\"color: #000000;\">Trades<\/span><\/a><\/h3>\n<h3><a href=\"https:\/\/dreeven.com\/fr\/glossaire-trimestre\/\"><span style=\"color: #000000;\">Trimestre<\/span><\/a><\/h3>\n<h3><\/h3>\n<h3><strong><span style=\"color: #c95e5d;\">U<\/span><\/strong><\/h3>\n<h3><\/h3>\n<h3><strong><span style=\"color: #c95e5d;\">V<\/span><\/strong><\/h3>\n<h3><a href=\"https:\/\/dreeven.com\/fr\/glossaire-versement\/\"><span style=\"color: #000000;\">Versement<\/span><\/a><\/h3>\n<h3><\/h3>\n<h3><strong><span style=\"color: #c95e5d;\">W<\/span><\/strong><\/h3>\n<h3><a href=\"https:\/\/dreeven.com\/fr\/glossaire-webinaire\/\"><span style=\"color: #000000;\">Webinaire<\/span><\/a><\/h3>\n<h3><\/h3>\n<h3><strong><span style=\"color: #c95e5d;\">X<\/span><\/strong><\/h3>\n<h3><\/h3>\n<h3><strong><span style=\"color: #c95e5d;\">Y<\/span><\/strong><\/h3>\n<h3><\/h3>\n<h3><strong><span style=\"color: #c95e5d;\">Z<\/span><\/strong><\/h3>\n<\/div><div class=\"fusion-clearfix\"><\/div><\/div><\/div><\/div><\/div><div class=\"fusion-fullwidth fullwidth-box fusion-builder-row-4 nonhundred-percent-fullwidth non-hundred-percent-height-scrolling\" style=\"--awb-border-radius-top-left:0px;--awb-border-radius-top-right:0px;--awb-border-radius-bottom-right:0px;--awb-border-radius-bottom-left:0px;--awb-flex-wrap:wrap;\" ><div class=\"fusion-builder-row fusion-row\"><div class=\"fusion-layout-column fusion_builder_column fusion-builder-column-3 fusion_builder_column_1_1 1_1 fusion-one-full fusion-column-first fusion-column-last\" style=\"--awb-bg-color:#f4f4f4;--awb-bg-color-hover:#f4f4f4;--awb-bg-size:cover;\"><div class=\"fusion-column-wrapper fusion-column-has-shadow fusion-flex-column-wrapper-legacy\"><div class=\"fusion-text fusion-text-4\"><h3 style=\"text-align: center;\">Vous avez une suggestion de mot \u00e0 inclure dans notre glossaire?<\/h3>\n<h3 style=\"text-align: center;\">N&rsquo;h\u00e9sitez pas \u00e0 la faire parvenir \u00e0 notre \u00e9quipe par courriel au info@dreeven.com .<\/h3>\n<\/div><div class=\"fusion-clearfix\"><\/div><\/div><\/div><\/div><\/div><\/p>\n","protected":false},"excerpt":{"rendered":"","protected":false},"author":16,"featured_media":0,"parent":0,"menu_order":0,"comment_status":"closed","ping_status":"closed","template":"","meta":{"_acf_changed":false,"_monsterinsights_skip_tracking":false,"_monsterinsights_sitenote_active":false,"_monsterinsights_sitenote_note":"","_monsterinsights_sitenote_category":0,"footnotes":""},"class_list":["post-9164","page","type-page","status-publish","hentry"],"acf":[],"yoast_head":"<!-- This site is optimized with the Yoast SEO plugin v26.6 - https:\/\/yoast.com\/wordpress\/plugins\/seo\/ -->\n<title>Glossaire - Dreeven<\/title>\n<meta name=\"description\" content=\"Un glossaire num\u00e9rique cr\u00e9e sp\u00e9cifiquement pour les entreprises dans le domaine de la construction et leurs \u00e9quipes.\" \/>\n<meta name=\"robots\" content=\"index, follow, max-snippet:-1, max-image-preview:large, max-video-preview:-1\" \/>\n<link rel=\"canonical\" href=\"https:\/\/dreeven.ca\/fr\/glossaire\/\" \/>\n<meta property=\"og:locale\" content=\"fr_FR\" \/>\n<meta property=\"og:type\" content=\"article\" \/>\n<meta property=\"og:title\" content=\"Glossaire - Dreeven\" \/>\n<meta property=\"og:description\" content=\"Un glossaire num\u00e9rique cr\u00e9e sp\u00e9cifiquement pour les entreprises dans le domaine de la construction et leurs \u00e9quipes.\" \/>\n<meta property=\"og:url\" content=\"https:\/\/dreeven.ca\/fr\/glossaire\/\" \/>\n<meta property=\"og:site_name\" content=\"Dreeven\" \/>\n<meta name=\"twitter:card\" content=\"summary_large_image\" \/>\n<meta name=\"twitter:label1\" content=\"Dur\u00e9e de lecture estim\u00e9e\" \/>\n\t<meta name=\"twitter:data1\" content=\"4 minutes\" \/>\n<script type=\"application\/ld+json\" class=\"yoast-schema-graph\">{\"@context\":\"https:\/\/schema.org\",\"@graph\":[{\"@type\":\"WebPage\",\"@id\":\"https:\/\/dreeven.ca\/fr\/glossaire\/\",\"url\":\"https:\/\/dreeven.ca\/fr\/glossaire\/\",\"name\":\"Glossaire - Dreeven\",\"isPartOf\":{\"@id\":\"https:\/\/dreeven.com\/#website\"},\"datePublished\":\"2021-12-08T17:23:19+00:00\",\"description\":\"Un glossaire num\u00e9rique cr\u00e9e sp\u00e9cifiquement pour les entreprises dans le domaine de la construction et leurs \u00e9quipes.\",\"breadcrumb\":{\"@id\":\"https:\/\/dreeven.ca\/fr\/glossaire\/#breadcrumb\"},\"inLanguage\":\"fr-FR\",\"potentialAction\":[{\"@type\":\"ReadAction\",\"target\":[\"https:\/\/dreeven.ca\/fr\/glossaire\/\"]}]},{\"@type\":\"BreadcrumbList\",\"@id\":\"https:\/\/dreeven.ca\/fr\/glossaire\/#breadcrumb\",\"itemListElement\":[{\"@type\":\"ListItem\",\"position\":1,\"name\":\"Home\",\"item\":\"https:\/\/dreeven.com\/fr\/\"},{\"@type\":\"ListItem\",\"position\":2,\"name\":\"Glossaire\"}]},{\"@type\":\"WebSite\",\"@id\":\"https:\/\/dreeven.com\/#website\",\"url\":\"https:\/\/dreeven.com\/\",\"name\":\"Dreeven\",\"description\":\"Logiciel de gestion de chantier\",\"publisher\":{\"@id\":\"https:\/\/dreeven.com\/#organization\"},\"potentialAction\":[{\"@type\":\"SearchAction\",\"target\":{\"@type\":\"EntryPoint\",\"urlTemplate\":\"https:\/\/dreeven.com\/?s={search_term_string}\"},\"query-input\":{\"@type\":\"PropertyValueSpecification\",\"valueRequired\":true,\"valueName\":\"search_term_string\"}}],\"inLanguage\":\"fr-FR\"},{\"@type\":\"Organization\",\"@id\":\"https:\/\/dreeven.com\/#organization\",\"name\":\"Dreeven Technologies inc.\",\"url\":\"https:\/\/dreeven.com\/\",\"logo\":{\"@type\":\"ImageObject\",\"inLanguage\":\"fr-FR\",\"@id\":\"https:\/\/dreeven.com\/#\/schema\/logo\/image\/\",\"url\":\"https:\/\/i1.wp.com\/dreeven.com\/wp-content\/uploads\/2019\/12\/dreeven-technologies-1.png?fit=150%2C64&ssl=1\",\"contentUrl\":\"https:\/\/i1.wp.com\/dreeven.com\/wp-content\/uploads\/2019\/12\/dreeven-technologies-1.png?fit=150%2C64&ssl=1\",\"width\":150,\"height\":64,\"caption\":\"Dreeven Technologies inc.\"},\"image\":{\"@id\":\"https:\/\/dreeven.com\/#\/schema\/logo\/image\/\"},\"sameAs\":[\"https:\/\/www.linkedin.com\/company\/dreeven\/\"]}]}<\/script>\n<!-- \/ Yoast SEO plugin. -->","yoast_head_json":{"title":"Glossaire - Dreeven","description":"Un glossaire num\u00e9rique cr\u00e9e sp\u00e9cifiquement pour les entreprises dans le domaine de la construction et leurs \u00e9quipes.","robots":{"index":"index","follow":"follow","max-snippet":"max-snippet:-1","max-image-preview":"max-image-preview:large","max-video-preview":"max-video-preview:-1"},"canonical":"https:\/\/dreeven.ca\/fr\/glossaire\/","og_locale":"fr_FR","og_type":"article","og_title":"Glossaire - Dreeven","og_description":"Un glossaire num\u00e9rique cr\u00e9e sp\u00e9cifiquement pour les entreprises dans le domaine de la construction et leurs \u00e9quipes.","og_url":"https:\/\/dreeven.ca\/fr\/glossaire\/","og_site_name":"Dreeven","twitter_card":"summary_large_image","twitter_misc":{"Dur\u00e9e de lecture estim\u00e9e":"4 minutes"},"schema":{"@context":"https:\/\/schema.org","@graph":[{"@type":"WebPage","@id":"https:\/\/dreeven.ca\/fr\/glossaire\/","url":"https:\/\/dreeven.ca\/fr\/glossaire\/","name":"Glossaire - Dreeven","isPartOf":{"@id":"https:\/\/dreeven.com\/#website"},"datePublished":"2021-12-08T17:23:19+00:00","description":"Un glossaire num\u00e9rique cr\u00e9e sp\u00e9cifiquement pour les entreprises dans le domaine de la construction et leurs \u00e9quipes.","breadcrumb":{"@id":"https:\/\/dreeven.ca\/fr\/glossaire\/#breadcrumb"},"inLanguage":"fr-FR","potentialAction":[{"@type":"ReadAction","target":["https:\/\/dreeven.ca\/fr\/glossaire\/"]}]},{"@type":"BreadcrumbList","@id":"https:\/\/dreeven.ca\/fr\/glossaire\/#breadcrumb","itemListElement":[{"@type":"ListItem","position":1,"name":"Home","item":"https:\/\/dreeven.com\/fr\/"},{"@type":"ListItem","position":2,"name":"Glossaire"}]},{"@type":"WebSite","@id":"https:\/\/dreeven.com\/#website","url":"https:\/\/dreeven.com\/","name":"Dreeven","description":"Logiciel de gestion de chantier","publisher":{"@id":"https:\/\/dreeven.com\/#organization"},"potentialAction":[{"@type":"SearchAction","target":{"@type":"EntryPoint","urlTemplate":"https:\/\/dreeven.com\/?s={search_term_string}"},"query-input":{"@type":"PropertyValueSpecification","valueRequired":true,"valueName":"search_term_string"}}],"inLanguage":"fr-FR"},{"@type":"Organization","@id":"https:\/\/dreeven.com\/#organization","name":"Dreeven Technologies inc.","url":"https:\/\/dreeven.com\/","logo":{"@type":"ImageObject","inLanguage":"fr-FR","@id":"https:\/\/dreeven.com\/#\/schema\/logo\/image\/","url":"https:\/\/i1.wp.com\/dreeven.com\/wp-content\/uploads\/2019\/12\/dreeven-technologies-1.png?fit=150%2C64&ssl=1","contentUrl":"https:\/\/i1.wp.com\/dreeven.com\/wp-content\/uploads\/2019\/12\/dreeven-technologies-1.png?fit=150%2C64&ssl=1","width":150,"height":64,"caption":"Dreeven Technologies inc."},"image":{"@id":"https:\/\/dreeven.com\/#\/schema\/logo\/image\/"},"sameAs":["https:\/\/www.linkedin.com\/company\/dreeven\/"]}]}},"jetpack_sharing_enabled":true,"_links":{"self":[{"href":"https:\/\/dreeven.com\/fr\/wp-json\/wp\/v2\/pages\/9164","targetHints":{"allow":["GET"]}}],"collection":[{"href":"https:\/\/dreeven.com\/fr\/wp-json\/wp\/v2\/pages"}],"about":[{"href":"https:\/\/dreeven.com\/fr\/wp-json\/wp\/v2\/types\/page"}],"author":[{"embeddable":true,"href":"https:\/\/dreeven.com\/fr\/wp-json\/wp\/v2\/users\/16"}],"replies":[{"embeddable":true,"href":"https:\/\/dreeven.com\/fr\/wp-json\/wp\/v2\/comments?post=9164"}],"version-history":[{"count":0,"href":"https:\/\/dreeven.com\/fr\/wp-json\/wp\/v2\/pages\/9164\/revisions"}],"wp:attachment":[{"href":"https:\/\/dreeven.com\/fr\/wp-json\/wp\/v2\/media?parent=9164"}],"curies":[{"name":"wp","href":"https:\/\/api.w.org\/{rel}","templated":true}]}}