{"id":6218,"date":"2020-07-21T14:07:00","date_gmt":"2020-07-21T19:07:00","guid":{"rendered":"https:\/\/dreeven.com\/annotations-sur-plans\/"},"modified":"2021-10-25T06:55:26","modified_gmt":"2021-10-25T11:55:26","slug":"annotations-sur-plans","status":"publish","type":"page","link":"https:\/\/dreeven.com\/fr\/annotations-sur-plans\/","title":{"rendered":"annotations sur plans"},"content":{"rendered":"<div class=\"fusion-fullwidth fullwidth-box fusion-builder-row-1 nonhundred-percent-fullwidth non-hundred-percent-height-scrolling\" style=\"--awb-border-radius-top-left:0px;--awb-border-radius-top-right:0px;--awb-border-radius-bottom-right:0px;--awb-border-radius-bottom-left:0px;--awb-flex-wrap:wrap;\" ><div class=\"fusion-builder-row fusion-row\"><div class=\"fusion-layout-column fusion_builder_column fusion-builder-column-0 fusion_builder_column_1_3 1_3 fusion-one-third fusion-column-first\" style=\"--awb-bg-size:cover;width:33.333333333333%;width:calc(33.333333333333% - ( ( 4% ) * 0.33333333333333 ) );margin-right: 4%;\"><div class=\"fusion-column-wrapper fusion-column-has-shadow fusion-flex-column-wrapper-legacy\"><div class=\"fusion-sep-clear\"><\/div><div class=\"fusion-separator fusion-no-small-visibility fusion-no-medium-visibility fusion-full-width-sep\" style=\"margin-left: auto;margin-right: auto;margin-top:20px;width:100%;\"><\/div><div class=\"fusion-sep-clear\"><\/div><div class=\"fusion-image-element in-legacy-container\" style=\"--awb-caption-title-font-family:var(--h2_typography-font-family);--awb-caption-title-font-weight:var(--h2_typography-font-weight);--awb-caption-title-font-style:var(--h2_typography-font-style);--awb-caption-title-size:var(--h2_typography-font-size);--awb-caption-title-transform:var(--h2_typography-text-transform);--awb-caption-title-line-height:var(--h2_typography-line-height);--awb-caption-title-letter-spacing:var(--h2_typography-letter-spacing);\"><span class=\" fusion-imageframe imageframe-none imageframe-1 hover-type-none fusion-animated\" style=\"border-radius:5px;\" data-animationType=\"zoomIn\" data-animationDuration=\"0.3\" data-animationOffset=\"top-into-view\"><img fetchpriority=\"high\" fetchpriority=\"high\" decoding=\"async\" width=\"1000\" height=\"667\" title=\"Dreeven about Annotation plans 1000\" src=\"https:\/\/i0.wp.com\/dreeven.com\/wp-content\/uploads\/2020\/04\/Dreeven-about-Annotation-plans-1000.png?fit=1000%2C667&ssl=1\" data-orig-src=\"https:\/\/i0.wp.com\/dreeven.com\/wp-content\/uploads\/2020\/04\/Dreeven-about-Annotation-plans-1000.png?fit=1000%2C667&#038;ssl=1\" alt class=\"lazyload img-responsive wp-image-5486\" srcset=\"data:image\/svg+xml,%3Csvg%20xmlns%3D%27http%3A%2F%2Fwww.w3.org%2F2000%2Fsvg%27%20width%3D%271000%27%20height%3D%27667%27%20viewBox%3D%270%200%201000%20667%27%3E%3Crect%20width%3D%271000%27%20height%3D%27667%27%20fill-opacity%3D%220%22%2F%3E%3C%2Fsvg%3E\" data-srcset=\"https:\/\/i0.wp.com\/dreeven.com\/wp-content\/uploads\/2020\/04\/Dreeven-about-Annotation-plans-1000.png?resize=200%2C133&amp;ssl=1 200w, https:\/\/i0.wp.com\/dreeven.com\/wp-content\/uploads\/2020\/04\/Dreeven-about-Annotation-plans-1000.png?resize=300%2C200&amp;ssl=1 300w, https:\/\/i0.wp.com\/dreeven.com\/wp-content\/uploads\/2020\/04\/Dreeven-about-Annotation-plans-1000.png?resize=400%2C267&amp;ssl=1 400w, https:\/\/i0.wp.com\/dreeven.com\/wp-content\/uploads\/2020\/04\/Dreeven-about-Annotation-plans-1000.png?resize=600%2C400&amp;ssl=1 600w, https:\/\/i0.wp.com\/dreeven.com\/wp-content\/uploads\/2020\/04\/Dreeven-about-Annotation-plans-1000.png?resize=768%2C512&amp;ssl=1 768w, https:\/\/i0.wp.com\/dreeven.com\/wp-content\/uploads\/2020\/04\/Dreeven-about-Annotation-plans-1000.png?resize=800%2C534&amp;ssl=1 800w, https:\/\/i0.wp.com\/dreeven.com\/wp-content\/uploads\/2020\/04\/Dreeven-about-Annotation-plans-1000.png?fit=1000%2C667&amp;ssl=1 1000w\" data-sizes=\"auto\" data-orig-sizes=\"(max-width: 800px) 100vw, 400px\" \/><\/span><\/div><div class=\"fusion-clearfix\"><\/div><\/div><\/div><div class=\"fusion-layout-column fusion_builder_column fusion-builder-column-1 fusion_builder_column_1_2 1_2 fusion-one-half fusion-column-last\" style=\"--awb-bg-size:cover;width:50%;width:calc(50% - ( ( 4% ) * 0.5 ) );\"><div class=\"fusion-column-wrapper fusion-column-has-shadow fusion-flex-column-wrapper-legacy\"><div class=\"fusion-title title fusion-title-1 fusion-title-text fusion-title-size-five\" style=\"--awb-text-color:#303030;--awb-margin-bottom:-5px;--awb-margin-bottom-small:-5px;\"><h5 class=\"fusion-title-heading title-heading-left fusion-responsive-typography-calculated\" style=\"margin:0;--fontSize:16;--minFontSize:16;line-height:1.85;\"><strong>Annotations sur plan<\/strong><\/h5><span class=\"awb-title-spacer\"><\/span><div class=\"title-sep-container\"><div class=\"title-sep sep- sep-solid\" style=\"border-color:#e0dede;\"><\/div><\/div><\/div><div class=\"fusion-title title fusion-title-2 fusion-title-text fusion-title-size-three\" style=\"--awb-text-color:#00334e;--awb-margin-bottom:-20px;--awb-margin-bottom-small:-20px;\"><h3 class=\"fusion-title-heading title-heading-left fusion-responsive-typography-calculated\" style=\"margin:0;--fontSize:24;line-height:1.6;\">Laisse ta trace.<\/h3><span class=\"awb-title-spacer\"><\/span><div class=\"title-sep-container\"><div class=\"title-sep sep- sep-solid\" style=\"border-color:#e0dede;\"><\/div><\/div><\/div><div class=\"fusion-text fusion-text-1\"><h5 style=\"color: #303030;\" data-fontsize=\"16\" data-lineheight=\"29\">Annotez directement les plans. Faites passer vos points de vue, mettez en \u00e9vidence les \u00e9l\u00e9ments cl\u00e9s du plan et sachez ce qui se passe.<\/h5>\n<h5 style=\"color: #303030;\" data-fontsize=\"16\" data-lineheight=\"29\">Allez droit au but avec les annotations dans Dreeven.<\/h5>\n<\/div><div class=\"fusion-alignleft\"><a class=\"fusion-button button-flat button-medium button-default fusion-button-default button-1 fusion-button-default-span fusion-button-default-type\" style=\"--button_text_transform:none;\" target=\"_self\" href=\"https:\/\/dreeven.com\/fr\/demande-de-demo\/\"><span class=\"fusion-button-text awb-button__text awb-button__text--default\">D\u00e9mo<\/span><\/a><\/div><div class=\"fusion-clearfix\"><\/div><\/div><\/div><\/div><\/div>\n","protected":false},"excerpt":{"rendered":"","protected":false},"author":12,"featured_media":0,"parent":0,"menu_order":0,"comment_status":"closed","ping_status":"closed","template":"","meta":{"_acf_changed":false,"_monsterinsights_skip_tracking":false,"_monsterinsights_sitenote_active":false,"_monsterinsights_sitenote_note":"","_monsterinsights_sitenote_category":0,"footnotes":""},"class_list":["post-6218","page","type-page","status-publish","hentry"],"acf":[],"yoast_head":"<!-- This site is optimized with the Yoast SEO plugin v26.6 - https:\/\/yoast.com\/wordpress\/plugins\/seo\/ -->\n<title>annotations sur plans - Augmentez votre productivit\u00e9 - Dreeven<\/title>\n<meta name=\"description\" content=\"Annotez directement les plans. Faites passer vos points de vue, mettez en \u00e9vidence les \u00e9l\u00e9ments cl\u00e9s du plan et sachez ce qui se passe.\" \/>\n<meta name=\"robots\" content=\"index, follow, max-snippet:-1, max-image-preview:large, max-video-preview:-1\" \/>\n<link rel=\"canonical\" href=\"https:\/\/dreeven.com\/fr\/annotations-sur-plans\/\" \/>\n<meta property=\"og:locale\" content=\"fr_FR\" \/>\n<meta property=\"og:type\" content=\"article\" \/>\n<meta property=\"og:title\" content=\"annotations sur plans - Augmentez votre productivit\u00e9 - Dreeven\" \/>\n<meta property=\"og:description\" content=\"Annotez directement les plans. Faites passer vos points de vue, mettez en \u00e9vidence les \u00e9l\u00e9ments cl\u00e9s du plan et sachez ce qui se passe.\" \/>\n<meta property=\"og:url\" content=\"https:\/\/dreeven.com\/fr\/annotations-sur-plans\/\" \/>\n<meta property=\"og:site_name\" content=\"Dreeven\" \/>\n<meta property=\"article:modified_time\" content=\"2021-10-25T11:55:26+00:00\" \/>\n<meta name=\"twitter:card\" content=\"summary_large_image\" \/>\n<meta name=\"twitter:label1\" content=\"Dur\u00e9e de lecture estim\u00e9e\" \/>\n\t<meta name=\"twitter:data1\" content=\"4 minutes\" \/>\n<script type=\"application\/ld+json\" class=\"yoast-schema-graph\">{\"@context\":\"https:\/\/schema.org\",\"@graph\":[{\"@type\":\"WebPage\",\"@id\":\"https:\/\/dreeven.com\/fr\/annotations-sur-plans\/\",\"url\":\"https:\/\/dreeven.com\/fr\/annotations-sur-plans\/\",\"name\":\"annotations sur plans - Augmentez votre productivit\u00e9 - Dreeven\",\"isPartOf\":{\"@id\":\"https:\/\/dreeven.ca\/#website\"},\"datePublished\":\"2020-07-21T19:07:00+00:00\",\"dateModified\":\"2021-10-25T11:55:26+00:00\",\"description\":\"Annotez directement les plans. Faites passer vos points de vue, mettez en \u00e9vidence les \u00e9l\u00e9ments cl\u00e9s du plan et sachez ce qui se passe.\",\"breadcrumb\":{\"@id\":\"https:\/\/dreeven.com\/fr\/annotations-sur-plans\/#breadcrumb\"},\"inLanguage\":\"fr-FR\",\"potentialAction\":[{\"@type\":\"ReadAction\",\"target\":[\"https:\/\/dreeven.com\/fr\/annotations-sur-plans\/\"]}]},{\"@type\":\"BreadcrumbList\",\"@id\":\"https:\/\/dreeven.com\/fr\/annotations-sur-plans\/#breadcrumb\",\"itemListElement\":[{\"@type\":\"ListItem\",\"position\":1,\"name\":\"Home\",\"item\":\"https:\/\/dreeven.com\/fr\/\"},{\"@type\":\"ListItem\",\"position\":2,\"name\":\"annotations sur plans\"}]},{\"@type\":\"WebSite\",\"@id\":\"https:\/\/dreeven.ca\/#website\",\"url\":\"https:\/\/dreeven.ca\/\",\"name\":\"Dreeven\",\"description\":\"Logiciel de gestion de chantier\",\"publisher\":{\"@id\":\"https:\/\/dreeven.ca\/#organization\"},\"potentialAction\":[{\"@type\":\"SearchAction\",\"target\":{\"@type\":\"EntryPoint\",\"urlTemplate\":\"https:\/\/dreeven.ca\/?s={search_term_string}\"},\"query-input\":{\"@type\":\"PropertyValueSpecification\",\"valueRequired\":true,\"valueName\":\"search_term_string\"}}],\"inLanguage\":\"fr-FR\"},{\"@type\":\"Organization\",\"@id\":\"https:\/\/dreeven.ca\/#organization\",\"name\":\"Dreeven Technologies inc.\",\"url\":\"https:\/\/dreeven.ca\/\",\"logo\":{\"@type\":\"ImageObject\",\"inLanguage\":\"fr-FR\",\"@id\":\"https:\/\/dreeven.ca\/#\/schema\/logo\/image\/\",\"url\":\"https:\/\/i1.wp.com\/dreeven.com\/wp-content\/uploads\/2019\/12\/dreeven-technologies-1.png?fit=150%2C64&ssl=1\",\"contentUrl\":\"https:\/\/i1.wp.com\/dreeven.com\/wp-content\/uploads\/2019\/12\/dreeven-technologies-1.png?fit=150%2C64&ssl=1\",\"width\":150,\"height\":64,\"caption\":\"Dreeven Technologies inc.\"},\"image\":{\"@id\":\"https:\/\/dreeven.ca\/#\/schema\/logo\/image\/\"},\"sameAs\":[\"https:\/\/www.linkedin.com\/company\/dreeven\/\"]}]}<\/script>\n<!-- \/ Yoast SEO plugin. -->","yoast_head_json":{"title":"annotations sur plans - Augmentez votre productivit\u00e9 - Dreeven","description":"Annotez directement les plans. Faites passer vos points de vue, mettez en \u00e9vidence les \u00e9l\u00e9ments cl\u00e9s du plan et sachez ce qui se passe.","robots":{"index":"index","follow":"follow","max-snippet":"max-snippet:-1","max-image-preview":"max-image-preview:large","max-video-preview":"max-video-preview:-1"},"canonical":"https:\/\/dreeven.com\/fr\/annotations-sur-plans\/","og_locale":"fr_FR","og_type":"article","og_title":"annotations sur plans - Augmentez votre productivit\u00e9 - Dreeven","og_description":"Annotez directement les plans. Faites passer vos points de vue, mettez en \u00e9vidence les \u00e9l\u00e9ments cl\u00e9s du plan et sachez ce qui se passe.","og_url":"https:\/\/dreeven.com\/fr\/annotations-sur-plans\/","og_site_name":"Dreeven","article_modified_time":"2021-10-25T11:55:26+00:00","twitter_card":"summary_large_image","twitter_misc":{"Dur\u00e9e de lecture estim\u00e9e":"4 minutes"},"schema":{"@context":"https:\/\/schema.org","@graph":[{"@type":"WebPage","@id":"https:\/\/dreeven.com\/fr\/annotations-sur-plans\/","url":"https:\/\/dreeven.com\/fr\/annotations-sur-plans\/","name":"annotations sur plans - Augmentez votre productivit\u00e9 - Dreeven","isPartOf":{"@id":"https:\/\/dreeven.ca\/#website"},"datePublished":"2020-07-21T19:07:00+00:00","dateModified":"2021-10-25T11:55:26+00:00","description":"Annotez directement les plans. Faites passer vos points de vue, mettez en \u00e9vidence les \u00e9l\u00e9ments cl\u00e9s du plan et sachez ce qui se passe.","breadcrumb":{"@id":"https:\/\/dreeven.com\/fr\/annotations-sur-plans\/#breadcrumb"},"inLanguage":"fr-FR","potentialAction":[{"@type":"ReadAction","target":["https:\/\/dreeven.com\/fr\/annotations-sur-plans\/"]}]},{"@type":"BreadcrumbList","@id":"https:\/\/dreeven.com\/fr\/annotations-sur-plans\/#breadcrumb","itemListElement":[{"@type":"ListItem","position":1,"name":"Home","item":"https:\/\/dreeven.com\/fr\/"},{"@type":"ListItem","position":2,"name":"annotations sur plans"}]},{"@type":"WebSite","@id":"https:\/\/dreeven.ca\/#website","url":"https:\/\/dreeven.ca\/","name":"Dreeven","description":"Logiciel de gestion de chantier","publisher":{"@id":"https:\/\/dreeven.ca\/#organization"},"potentialAction":[{"@type":"SearchAction","target":{"@type":"EntryPoint","urlTemplate":"https:\/\/dreeven.ca\/?s={search_term_string}"},"query-input":{"@type":"PropertyValueSpecification","valueRequired":true,"valueName":"search_term_string"}}],"inLanguage":"fr-FR"},{"@type":"Organization","@id":"https:\/\/dreeven.ca\/#organization","name":"Dreeven Technologies inc.","url":"https:\/\/dreeven.ca\/","logo":{"@type":"ImageObject","inLanguage":"fr-FR","@id":"https:\/\/dreeven.ca\/#\/schema\/logo\/image\/","url":"https:\/\/i1.wp.com\/dreeven.com\/wp-content\/uploads\/2019\/12\/dreeven-technologies-1.png?fit=150%2C64&ssl=1","contentUrl":"https:\/\/i1.wp.com\/dreeven.com\/wp-content\/uploads\/2019\/12\/dreeven-technologies-1.png?fit=150%2C64&ssl=1","width":150,"height":64,"caption":"Dreeven Technologies inc."},"image":{"@id":"https:\/\/dreeven.ca\/#\/schema\/logo\/image\/"},"sameAs":["https:\/\/www.linkedin.com\/company\/dreeven\/"]}]}},"jetpack_sharing_enabled":true,"_links":{"self":[{"href":"https:\/\/dreeven.com\/fr\/wp-json\/wp\/v2\/pages\/6218","targetHints":{"allow":["GET"]}}],"collection":[{"href":"https:\/\/dreeven.com\/fr\/wp-json\/wp\/v2\/pages"}],"about":[{"href":"https:\/\/dreeven.com\/fr\/wp-json\/wp\/v2\/types\/page"}],"author":[{"embeddable":true,"href":"https:\/\/dreeven.com\/fr\/wp-json\/wp\/v2\/users\/12"}],"replies":[{"embeddable":true,"href":"https:\/\/dreeven.com\/fr\/wp-json\/wp\/v2\/comments?post=6218"}],"version-history":[{"count":0,"href":"https:\/\/dreeven.com\/fr\/wp-json\/wp\/v2\/pages\/6218\/revisions"}],"wp:attachment":[{"href":"https:\/\/dreeven.com\/fr\/wp-json\/wp\/v2\/media?parent=6218"}],"curies":[{"name":"wp","href":"https:\/\/api.w.org\/{rel}","templated":true}]}}