{"id":3886,"date":"2019-12-24T18:05:02","date_gmt":"2019-12-24T23:05:02","guid":{"rendered":"https:\/\/dreeven.com\/demande-de-demo\/"},"modified":"2026-01-22T11:58:59","modified_gmt":"2026-01-22T16:58:59","slug":"demande-de-demo","status":"publish","type":"page","link":"https:\/\/dreeven.com\/fr\/demande-de-demo\/","title":{"rendered":"Demande de d\u00e9mo"},"content":{"rendered":"\t\t<div data-elementor-type=\"wp-page\" data-elementor-id=\"3886\" class=\"elementor elementor-3886 elementor-3726\" data-elementor-post-type=\"page\">\n\t\t\t\t<div class=\"elementor-element elementor-element-14a6582 e-flex e-con-boxed e-con e-parent\" data-id=\"14a6582\" data-element_type=\"container\" data-e-type=\"container\" id=\"formulaire\" data-settings=\"{&quot;background_background&quot;:&quot;classic&quot;}\">\n\t\t\t\t\t<div class=\"e-con-inner\">\n\t\t<div class=\"elementor-element elementor-element-dfb749a e-con-full e-flex e-con e-child\" data-id=\"dfb749a\" data-element_type=\"container\" data-e-type=\"container\">\n\t\t\t\t<div class=\"elementor-element elementor-element-fa4e8b6 elementor-widget elementor-widget-text-editor\" data-id=\"fa4e8b6\" data-element_type=\"widget\" data-e-type=\"widget\" data-widget_type=\"text-editor.default\">\n\t\t\t\t<div class=\"elementor-widget-container\">\n\t\t\t\t\t\t\t\t\tGestion collaborative de projets de construction\t\t\t\t\t\t\t\t<\/div>\n\t\t\t\t<\/div>\n\t\t\t\t<div class=\"elementor-element elementor-element-ce0dab8 elementor-widget elementor-widget-heading\" data-id=\"ce0dab8\" data-element_type=\"widget\" data-e-type=\"widget\" data-widget_type=\"heading.default\">\n\t\t\t\t<div class=\"elementor-widget-container\">\n\t\t\t\t\t<h2 class=\"elementor-heading-title elementor-size-default\">Voyez Dreeven <br>\nen action.<\/h2>\t\t\t\t<\/div>\n\t\t\t\t<\/div>\n\t\t\t\t<\/div>\n\t\t\t\t\t<\/div>\n\t\t\t\t<\/div>\n\t\t<div class=\"elementor-element elementor-element-7291824 e-flex e-con-boxed e-con e-parent\" data-id=\"7291824\" data-element_type=\"container\" data-e-type=\"container\" data-settings=\"{&quot;background_background&quot;:&quot;classic&quot;}\">\n\t\t\t\t\t<div class=\"e-con-inner\">\n\t\t\t\t<div class=\"elementor-element elementor-element-9f72c7f elementor-hidden-desktop elementor-hidden-laptop elementor-hidden-tablet elementor-widget elementor-widget-text-editor\" data-id=\"9f72c7f\" data-element_type=\"widget\" data-e-type=\"widget\" data-widget_type=\"text-editor.default\">\n\t\t\t\t<div class=\"elementor-widget-container\">\n\t\t\t\t\t\t\t\t\t<iframe id=\"overlapping-form\" style=\"height: 920px; width: 99%; border: none;\" src=\"https:\/\/forms.zohopublic.com\/dreeven\/form\/ClientDetails\/formperma\/YpuMKZ5Y71VAZBGF9fQ85VvYYeD3Dag16ITvE0P3nK0\" frameborder=\"0\" aria-label=\"Demande de d\u00e9mo\"><\/iframe>\t\t\t\t\t\t\t\t<\/div>\n\t\t\t\t<\/div>\n\t\t\t\t\t<\/div>\n\t\t\t\t<\/div>\n\t\t<div class=\"elementor-element elementor-element-cc35838 e-flex e-con-boxed e-con e-parent\" data-id=\"cc35838\" data-element_type=\"container\" data-e-type=\"container\" data-settings=\"{&quot;background_background&quot;:&quot;classic&quot;}\">\n\t\t\t\t\t<div class=\"e-con-inner\">\n\t\t<div class=\"elementor-element elementor-element-fc3a777 e-con-full e-flex e-con e-child\" data-id=\"fc3a777\" data-element_type=\"container\" data-e-type=\"container\">\n\t\t\t\t<div class=\"elementor-element elementor-element-3804816 elementor-widget elementor-widget-heading\" data-id=\"3804816\" data-element_type=\"widget\" data-e-type=\"widget\" data-widget_type=\"heading.default\">\n\t\t\t\t<div class=\"elementor-widget-container\">\n\t\t\t\t\t<h1 class=\"elementor-heading-title elementor-size-default\">R\u00e9servez votre d\u00e9mo personnalis\u00e9e<\/h1>\t\t\t\t<\/div>\n\t\t\t\t<\/div>\n\t\t\t\t<div class=\"elementor-element elementor-element-03ef0e1 elementor-widget elementor-widget-text-editor\" data-id=\"03ef0e1\" data-element_type=\"widget\" data-e-type=\"widget\" data-widget_type=\"text-editor.default\">\n\t\t\t\t<div class=\"elementor-widget-container\">\n\t\t\t\t\t\t\t\t\tDreeven peut <strong>propulser votre comp\u00e9titivit\u00e9<\/strong> et <strong>accro\u00eetre votre productivit\u00e9<\/strong>.\t\t\t\t\t\t\t\t<\/div>\n\t\t\t\t<\/div>\n\t\t\t\t<div class=\"elementor-element elementor-element-ad080d2 elementor-widget elementor-widget-text-editor\" data-id=\"ad080d2\" data-element_type=\"widget\" data-e-type=\"widget\" data-widget_type=\"text-editor.default\">\n\t\t\t\t<div class=\"elementor-widget-container\">\n\t\t\t\t\t\t\t\t\t<strong>Faites l&rsquo;exp\u00e9rience d&rsquo;une d\u00e9monstration gratuite <\/strong> <i style=\"padding-left:5px;\" id=\"demo-chevron\" class=\"fa fa-chevron-right fa-sm\" aria-hidden=\"true\"><\/i>\t\t\t\t\t\t\t\t<\/div>\n\t\t\t\t<\/div>\n\t\t\t\t<div class=\"elementor-element elementor-element-07b83a3 elementor-widget-divider--view-line elementor-widget elementor-widget-divider\" data-id=\"07b83a3\" data-element_type=\"widget\" data-e-type=\"widget\" data-widget_type=\"divider.default\">\n\t\t\t\t<div class=\"elementor-widget-container\">\n\t\t\t\t\t\t\t<div class=\"elementor-divider\">\n\t\t\t<span class=\"elementor-divider-separator\">\n\t\t\t\t\t\t<\/span>\n\t\t<\/div>\n\t\t\t\t\t\t<\/div>\n\t\t\t\t<\/div>\n\t\t\t\t<div class=\"elementor-element elementor-element-53b76ae elementor-widget elementor-widget-text-editor\" data-id=\"53b76ae\" data-element_type=\"widget\" data-e-type=\"widget\" data-widget_type=\"text-editor.default\">\n\t\t\t\t<div class=\"elementor-widget-container\">\n\t\t\t\t\t\t\t\t\t\u00c0 quoi s&rsquo;attendre?\t\t\t\t\t\t\t\t<\/div>\n\t\t\t\t<\/div>\n\t\t\t\t<div class=\"elementor-element elementor-element-c7784c2 elementor-widget elementor-widget-heading\" data-id=\"c7784c2\" data-element_type=\"widget\" data-e-type=\"widget\" data-widget_type=\"heading.default\">\n\t\t\t\t<div class=\"elementor-widget-container\">\n\t\t\t\t\t<h1 class=\"elementor-heading-title elementor-size-default\">L'heure la plus rentable de votre semaine<\/h1>\t\t\t\t<\/div>\n\t\t\t\t<\/div>\n\t\t\t\t<div class=\"elementor-element elementor-element-71d717c elementor-widget elementor-widget-text-editor\" data-id=\"71d717c\" data-element_type=\"widget\" data-e-type=\"widget\" data-widget_type=\"text-editor.default\">\n\t\t\t\t<div class=\"elementor-widget-container\">\n\t\t\t\t\t\t\t\t\tLa d\u00e9monstration vous permettra d&rsquo;appr\u00e9cier comment profiter de nos <strong>fonctionnalit\u00e9s 100% adapt\u00e9es aux r\u00e9alit\u00e9s de l&rsquo;industrie<\/strong> de la construction:\t\t\t\t\t\t\t\t<\/div>\n\t\t\t\t<\/div>\n\t\t<div class=\"elementor-element elementor-element-ba481e2 e-con-full e-flex e-con e-child\" data-id=\"ba481e2\" data-element_type=\"container\" data-e-type=\"container\">\n\t\t\t\t<div class=\"elementor-element elementor-element-588b3b0 elementor-widget elementor-widget-heading\" data-id=\"588b3b0\" data-element_type=\"widget\" data-e-type=\"widget\" data-widget_type=\"heading.default\">\n\t\t\t\t<div class=\"elementor-widget-container\">\n\t\t\t\t\t<h1 class=\"elementor-heading-title elementor-size-default\">Automatiser l\u2019administration des projets<\/h1>\t\t\t\t<\/div>\n\t\t\t\t<\/div>\n\t\t\t\t<div class=\"elementor-element elementor-element-9107404 elementor-widget elementor-widget-text-editor\" data-id=\"9107404\" data-element_type=\"widget\" data-e-type=\"widget\" data-widget_type=\"text-editor.default\">\n\t\t\t\t<div class=\"elementor-widget-container\">\n\t\t\t\t\t\t\t\t\t<ul class=\"red-checkmark1 st2\">\n \t<li>Rapports journaliers<\/li>\n \t<li>Feuilles de temps<\/li>\n \t<li>Bons de travail<\/li>\n<\/ul>\t\t\t\t\t\t\t\t<\/div>\n\t\t\t\t<\/div>\n\t\t\t\t<\/div>\n\t\t<div class=\"elementor-element elementor-element-c75464b e-con-full e-flex e-con e-child\" data-id=\"c75464b\" data-element_type=\"container\" data-e-type=\"container\">\n\t\t\t\t<div class=\"elementor-element elementor-element-7631f0c elementor-widget elementor-widget-heading\" data-id=\"7631f0c\" data-element_type=\"widget\" data-e-type=\"widget\" data-widget_type=\"heading.default\">\n\t\t\t\t<div class=\"elementor-widget-container\">\n\t\t\t\t\t<h1 class=\"elementor-heading-title elementor-size-default\">Centraliser toute la documentation<\/h1>\t\t\t\t<\/div>\n\t\t\t\t<\/div>\n\t\t\t\t<div class=\"elementor-element elementor-element-6522e9a elementor-widget elementor-widget-text-editor\" data-id=\"6522e9a\" data-element_type=\"widget\" data-e-type=\"widget\" data-widget_type=\"text-editor.default\">\n\t\t\t\t<div class=\"elementor-widget-container\">\n\t\t\t\t\t\t\t\t\t<ul class=\"red-checkmark1 st2\">\n \t<li>Plans, mesures &#038; annotations<\/li>\n <li>Photos<\/li>\n <li>Dessins d\u2019atelier<\/li>\n <li>Appels d\u2019offre<\/li>\n<\/ul>\t\t\t\t\t\t\t\t<\/div>\n\t\t\t\t<\/div>\n\t\t\t\t<\/div>\n\t\t<div class=\"elementor-element elementor-element-34a001a e-con-full e-flex e-con e-child\" data-id=\"34a001a\" data-element_type=\"container\" data-e-type=\"container\">\n\t\t\t\t<div class=\"elementor-element elementor-element-6a40a88 elementor-widget elementor-widget-heading\" data-id=\"6a40a88\" data-element_type=\"widget\" data-e-type=\"widget\" data-widget_type=\"heading.default\">\n\t\t\t\t<div class=\"elementor-widget-container\">\n\t\t\t\t\t<h1 class=\"elementor-heading-title elementor-size-default\">Faire les suivis en temps r\u00e9el<\/h1>\t\t\t\t<\/div>\n\t\t\t\t<\/div>\n\t\t\t\t<div class=\"elementor-element elementor-element-1098649 elementor-widget elementor-widget-text-editor\" data-id=\"1098649\" data-element_type=\"widget\" data-e-type=\"widget\" data-widget_type=\"text-editor.default\">\n\t\t\t\t<div class=\"elementor-widget-container\">\n\t\t\t\t\t\t\t\t\t<ul class=\"red-checkmark1 st2\">\n \t<li>QRT &#038; d\u00e9ficiences<\/li>\n <li>Demandes de changement<\/li>\n <li>Int\u00e9gration au syst\u00e8me comptable<\/li>\n<\/ul>\t\t\t\t\t\t\t\t<\/div>\n\t\t\t\t<\/div>\n\t\t\t\t<\/div>\n\t\t\t\t<div class=\"elementor-element elementor-element-8e90a37 elementor-widget elementor-widget-heading\" data-id=\"8e90a37\" data-element_type=\"widget\" data-e-type=\"widget\" data-widget_type=\"heading.default\">\n\t\t\t\t<div class=\"elementor-widget-container\">\n\t\t\t\t\t<h1 class=\"elementor-heading-title elementor-size-default\">...et plus encore!<\/h1>\t\t\t\t<\/div>\n\t\t\t\t<\/div>\n\t\t\t\t<\/div>\n\t\t<div class=\"elementor-element elementor-element-7c15589 e-con-full elementor-hidden-mobile e-flex e-con e-child\" data-id=\"7c15589\" data-element_type=\"container\" data-e-type=\"container\">\n\t\t\t\t<div class=\"elementor-element elementor-element-fa08b14 elementor-widget elementor-widget-text-editor\" data-id=\"fa08b14\" data-element_type=\"widget\" data-e-type=\"widget\" id=\"overlapping-form\" data-widget_type=\"text-editor.default\">\n\t\t\t\t<div class=\"elementor-widget-container\">\n\t\t\t\t\t\t\t\t\t<iframe id=\"overlapping-form\" style=\"height: 1045px; width: 99%; border: none;\" src=\"https:\/\/forms.zohopublic.com\/dreeven\/form\/ClientDetails\/formperma\/YpuMKZ5Y71VAZBGF9fQ85VvYYeD3Dag16ITvE0P3nK0\" frameborder=\"0\" aria-label=\"Demande de d\u00e9mo\"><\/iframe>\t\t\t\t\t\t\t\t<\/div>\n\t\t\t\t<\/div>\n\t\t\t\t<div class=\"elementor-element elementor-element-6713dd9 elementor-widget elementor-widget-image\" data-id=\"6713dd9\" data-element_type=\"widget\" data-e-type=\"widget\" data-widget_type=\"image.default\">\n\t\t\t\t<div class=\"elementor-widget-container\">\n\t\t\t\t\t\t\t\t\t\t\t\t\t\t\t<img fetchpriority=\"high\" decoding=\"async\" width=\"768\" height=\"256\" src=\"https:\/\/i0.wp.com\/dreeven.com\/wp-content\/uploads\/2023\/01\/Dreeven_Multiplateformes.png?fit=768%2C256&amp;ssl=1\" class=\"attachment-large size-large wp-image-10000 lazyload\" alt=\"The Dreeven app across multiple platforms\" srcset=\"data:image\/svg+xml,%3Csvg%20xmlns%3D%27http%3A%2F%2Fwww.w3.org%2F2000%2Fsvg%27%20width%3D%27768%27%20height%3D%27256%27%20viewBox%3D%270%200%20768%20256%27%3E%3Crect%20width%3D%27768%27%20height%3D%27256%27%20fill-opacity%3D%220%22%2F%3E%3C%2Fsvg%3E\" data-orig-src=\"https:\/\/i0.wp.com\/dreeven.com\/wp-content\/uploads\/2023\/01\/Dreeven_Multiplateformes.png?fit=768%2C256&amp;ssl=1\" data-srcset=\"https:\/\/i0.wp.com\/dreeven.com\/wp-content\/uploads\/2023\/01\/Dreeven_Multiplateformes.png?resize=200%2C67&amp;ssl=1 200w, https:\/\/i0.wp.com\/dreeven.com\/wp-content\/uploads\/2023\/01\/Dreeven_Multiplateformes.png?resize=300%2C100&amp;ssl=1 300w, https:\/\/i0.wp.com\/dreeven.com\/wp-content\/uploads\/2023\/01\/Dreeven_Multiplateformes.png?resize=400%2C133&amp;ssl=1 400w, https:\/\/i0.wp.com\/dreeven.com\/wp-content\/uploads\/2023\/01\/Dreeven_Multiplateformes.png?resize=600%2C200&amp;ssl=1 600w, https:\/\/i0.wp.com\/dreeven.com\/wp-content\/uploads\/2023\/01\/Dreeven_Multiplateformes.png?fit=768%2C256&amp;ssl=1 768w\" data-sizes=\"auto\" \/>\t\t\t\t\t\t\t\t\t\t\t\t\t\t\t<\/div>\n\t\t\t\t<\/div>\n\t\t\t\t<\/div>\n\t\t\t\t\t<\/div>\n\t\t\t\t<\/div>\n\t\t<div class=\"elementor-element elementor-element-fd8fdb2 e-flex e-con-boxed e-con e-parent\" data-id=\"fd8fdb2\" data-element_type=\"container\" data-e-type=\"container\" data-settings=\"{&quot;background_background&quot;:&quot;classic&quot;}\">\n\t\t\t\t\t<div class=\"e-con-inner\">\n\t\t\t\t<div class=\"elementor-element elementor-element-6629980 elementor-widget-divider--view-line elementor-widget elementor-widget-divider\" data-id=\"6629980\" data-element_type=\"widget\" data-e-type=\"widget\" data-widget_type=\"divider.default\">\n\t\t\t\t<div class=\"elementor-widget-container\">\n\t\t\t\t\t\t\t<div class=\"elementor-divider\">\n\t\t\t<span class=\"elementor-divider-separator\">\n\t\t\t\t\t\t<\/span>\n\t\t<\/div>\n\t\t\t\t\t\t<\/div>\n\t\t\t\t<\/div>\n\t\t\t\t<div class=\"elementor-element elementor-element-36cff89 elementor-widget elementor-widget-heading\" data-id=\"36cff89\" data-element_type=\"widget\" data-e-type=\"widget\" data-widget_type=\"heading.default\">\n\t\t\t\t<div class=\"elementor-widget-container\">\n\t\t\t\t\t<h1 class=\"elementor-heading-title elementor-size-default\">Ne vous contentez pas de nous croire sur parole.<\/h1>\t\t\t\t<\/div>\n\t\t\t\t<\/div>\n\t\t\t\t<div class=\"elementor-element elementor-element-0fdd8cd elementor-widget elementor-widget-text-editor\" data-id=\"0fdd8cd\" data-element_type=\"widget\" data-e-type=\"widget\" data-widget_type=\"text-editor.default\">\n\t\t\t\t<div class=\"elementor-widget-container\">\n\t\t\t\t\t\t\t\t\tVoyez par vous-m\u00eame pourquoi <strong>plus de 71,000 utilisateurs<\/strong> font confiance \u00e0 Dreeven pour g\u00e9rer leurs op\u00e9rations et collaborer avec un seul logiciel.\t\t\t\t\t\t\t\t<\/div>\n\t\t\t\t<\/div>\n\t\t\t\t<div class=\"elementor-element elementor-element-400ecd4 elementor-align-center elementor-widget elementor-widget-button\" data-id=\"400ecd4\" data-element_type=\"widget\" data-e-type=\"widget\" data-widget_type=\"button.default\">\n\t\t\t\t<div class=\"elementor-widget-container\">\n\t\t\t\t\t\t\t\t\t<div class=\"elementor-button-wrapper\">\n\t\t\t\t\t<a class=\"elementor-button elementor-button-link elementor-size-sm\" href=\"https:\/\/dreeven.com\/fr\/demande-de-demo\/#formulaire\">\n\t\t\t\t\t\t<span class=\"elementor-button-content-wrapper\">\n\t\t\t\t\t\t\t\t\t<span class=\"elementor-button-text\">Obtenez une d\u00e9monstration<\/span>\n\t\t\t\t\t<\/span>\n\t\t\t\t\t<\/a>\n\t\t\t\t<\/div>\n\t\t\t\t\t\t\t\t<\/div>\n\t\t\t\t<\/div>\n\t\t\t\t\t<\/div>\n\t\t\t\t<\/div>\n\t\t\t\t<\/div>\n\t\t","protected":false},"excerpt":{"rendered":"<p>Gestion collaborative de projets de construction Voyez Dreeven en action. R\u00e9servez votre d\u00e9mo personnalis\u00e9e Dreeven peut propulser votre comp\u00e9titivit\u00e9 et accro\u00eetre votre productivit\u00e9.Faites l&rsquo;exp\u00e9rience d&rsquo;une d\u00e9monstration gratuite \u00c0 quoi s&rsquo;attendre? L&rsquo;heure la plus rentable de votre semaine La d\u00e9monstration vous permettra d&rsquo;appr\u00e9cier comment profiter de nos fonctionnalit\u00e9s 100% adapt\u00e9es aux r\u00e9alit\u00e9s de l&rsquo;industrie de la<\/p>\n","protected":false},"author":16,"featured_media":0,"parent":0,"menu_order":0,"comment_status":"closed","ping_status":"closed","template":"","meta":{"_acf_changed":false,"_monsterinsights_skip_tracking":false,"_monsterinsights_sitenote_active":false,"_monsterinsights_sitenote_note":"","_monsterinsights_sitenote_category":0,"footnotes":""},"class_list":["post-3886","page","type-page","status-publish","hentry"],"acf":[],"yoast_head":"<!-- This site is optimized with the Yoast SEO plugin v26.6 - https:\/\/yoast.com\/wordpress\/plugins\/seo\/ -->\n<title>Demande de d\u00e9mo - Webinaire gratuit -Dreeven<\/title>\n<meta name=\"description\" content=\"L\u2019\u00e9quipe de Dreeven, vous invite \u00e0 un webinaire gratuit! Notre d\u00e9mo gratuite de 30 ou 60 minutes sera l\u2019heure la plus rentable de votre mois!\" \/>\n<meta name=\"robots\" content=\"index, follow, max-snippet:-1, max-image-preview:large, max-video-preview:-1\" \/>\n<link rel=\"canonical\" href=\"https:\/\/dreeven.com\/fr\/demande-de-demo\/\" \/>\n<meta property=\"og:locale\" content=\"fr_FR\" \/>\n<meta property=\"og:type\" content=\"article\" \/>\n<meta property=\"og:title\" content=\"Demande de d\u00e9mo - Webinaire gratuit -Dreeven\" \/>\n<meta property=\"og:description\" content=\"L\u2019\u00e9quipe de Dreeven, vous invite \u00e0 un webinaire gratuit! Notre d\u00e9mo gratuite de 30 ou 60 minutes sera l\u2019heure la plus rentable de votre mois!\" \/>\n<meta property=\"og:url\" content=\"https:\/\/dreeven.com\/fr\/demande-de-demo\/\" \/>\n<meta property=\"og:site_name\" content=\"Dreeven\" \/>\n<meta property=\"article:modified_time\" content=\"2026-01-22T16:58:59+00:00\" \/>\n<meta property=\"og:image\" content=\"http:\/\/dreeven.com\/wp-content\/uploads\/2023\/01\/Dreeven_Multiplateformes.png\" \/>\n<meta name=\"twitter:card\" content=\"summary_large_image\" \/>\n<meta name=\"twitter:label1\" content=\"Dur\u00e9e de lecture estim\u00e9e\" \/>\n\t<meta name=\"twitter:data1\" content=\"1 minute\" \/>\n<script type=\"application\/ld+json\" class=\"yoast-schema-graph\">{\"@context\":\"https:\/\/schema.org\",\"@graph\":[{\"@type\":\"WebPage\",\"@id\":\"https:\/\/dreeven.com\/fr\/demande-de-demo\/\",\"url\":\"https:\/\/dreeven.com\/fr\/demande-de-demo\/\",\"name\":\"Demande de d\u00e9mo - Webinaire gratuit -Dreeven\",\"isPartOf\":{\"@id\":\"https:\/\/dreeven.com\/#website\"},\"primaryImageOfPage\":{\"@id\":\"https:\/\/dreeven.com\/fr\/demande-de-demo\/#primaryimage\"},\"image\":{\"@id\":\"https:\/\/dreeven.com\/fr\/demande-de-demo\/#primaryimage\"},\"thumbnailUrl\":\"http:\/\/dreeven.com\/wp-content\/uploads\/2023\/01\/Dreeven_Multiplateformes.png\",\"datePublished\":\"2019-12-24T23:05:02+00:00\",\"dateModified\":\"2026-01-22T16:58:59+00:00\",\"description\":\"L\u2019\u00e9quipe de Dreeven, vous invite \u00e0 un webinaire gratuit! Notre d\u00e9mo gratuite de 30 ou 60 minutes sera l\u2019heure la plus rentable de votre mois!\",\"breadcrumb\":{\"@id\":\"https:\/\/dreeven.com\/fr\/demande-de-demo\/#breadcrumb\"},\"inLanguage\":\"fr-FR\",\"potentialAction\":[{\"@type\":\"ReadAction\",\"target\":[\"https:\/\/dreeven.com\/fr\/demande-de-demo\/\"]}]},{\"@type\":\"ImageObject\",\"inLanguage\":\"fr-FR\",\"@id\":\"https:\/\/dreeven.com\/fr\/demande-de-demo\/#primaryimage\",\"url\":\"http:\/\/dreeven.com\/wp-content\/uploads\/2023\/01\/Dreeven_Multiplateformes.png\",\"contentUrl\":\"http:\/\/dreeven.com\/wp-content\/uploads\/2023\/01\/Dreeven_Multiplateformes.png\"},{\"@type\":\"BreadcrumbList\",\"@id\":\"https:\/\/dreeven.com\/fr\/demande-de-demo\/#breadcrumb\",\"itemListElement\":[{\"@type\":\"ListItem\",\"position\":1,\"name\":\"Home\",\"item\":\"https:\/\/dreeven.com\/fr\/\"},{\"@type\":\"ListItem\",\"position\":2,\"name\":\"Demande de d\u00e9mo\"}]},{\"@type\":\"WebSite\",\"@id\":\"https:\/\/dreeven.com\/#website\",\"url\":\"https:\/\/dreeven.com\/\",\"name\":\"Dreeven\",\"description\":\"Logiciel de gestion de chantier\",\"publisher\":{\"@id\":\"https:\/\/dreeven.com\/#organization\"},\"potentialAction\":[{\"@type\":\"SearchAction\",\"target\":{\"@type\":\"EntryPoint\",\"urlTemplate\":\"https:\/\/dreeven.com\/?s={search_term_string}\"},\"query-input\":{\"@type\":\"PropertyValueSpecification\",\"valueRequired\":true,\"valueName\":\"search_term_string\"}}],\"inLanguage\":\"fr-FR\"},{\"@type\":\"Organization\",\"@id\":\"https:\/\/dreeven.com\/#organization\",\"name\":\"Dreeven Technologies inc.\",\"url\":\"https:\/\/dreeven.com\/\",\"logo\":{\"@type\":\"ImageObject\",\"inLanguage\":\"fr-FR\",\"@id\":\"https:\/\/dreeven.com\/#\/schema\/logo\/image\/\",\"url\":\"https:\/\/i1.wp.com\/dreeven.com\/wp-content\/uploads\/2019\/12\/dreeven-technologies-1.png?fit=150%2C64&ssl=1\",\"contentUrl\":\"https:\/\/i1.wp.com\/dreeven.com\/wp-content\/uploads\/2019\/12\/dreeven-technologies-1.png?fit=150%2C64&ssl=1\",\"width\":150,\"height\":64,\"caption\":\"Dreeven Technologies inc.\"},\"image\":{\"@id\":\"https:\/\/dreeven.com\/#\/schema\/logo\/image\/\"},\"sameAs\":[\"https:\/\/www.linkedin.com\/company\/dreeven\/\"]}]}<\/script>\n<!-- \/ Yoast SEO plugin. -->","yoast_head_json":{"title":"Demande de d\u00e9mo - Webinaire gratuit -Dreeven","description":"L\u2019\u00e9quipe de Dreeven, vous invite \u00e0 un webinaire gratuit! Notre d\u00e9mo gratuite de 30 ou 60 minutes sera l\u2019heure la plus rentable de votre mois!","robots":{"index":"index","follow":"follow","max-snippet":"max-snippet:-1","max-image-preview":"max-image-preview:large","max-video-preview":"max-video-preview:-1"},"canonical":"https:\/\/dreeven.com\/fr\/demande-de-demo\/","og_locale":"fr_FR","og_type":"article","og_title":"Demande de d\u00e9mo - Webinaire gratuit -Dreeven","og_description":"L\u2019\u00e9quipe de Dreeven, vous invite \u00e0 un webinaire gratuit! Notre d\u00e9mo gratuite de 30 ou 60 minutes sera l\u2019heure la plus rentable de votre mois!","og_url":"https:\/\/dreeven.com\/fr\/demande-de-demo\/","og_site_name":"Dreeven","article_modified_time":"2026-01-22T16:58:59+00:00","og_image":[{"url":"http:\/\/dreeven.com\/wp-content\/uploads\/2023\/01\/Dreeven_Multiplateformes.png","type":"","width":"","height":""}],"twitter_card":"summary_large_image","twitter_misc":{"Dur\u00e9e de lecture estim\u00e9e":"1 minute"},"schema":{"@context":"https:\/\/schema.org","@graph":[{"@type":"WebPage","@id":"https:\/\/dreeven.com\/fr\/demande-de-demo\/","url":"https:\/\/dreeven.com\/fr\/demande-de-demo\/","name":"Demande de d\u00e9mo - Webinaire gratuit -Dreeven","isPartOf":{"@id":"https:\/\/dreeven.com\/#website"},"primaryImageOfPage":{"@id":"https:\/\/dreeven.com\/fr\/demande-de-demo\/#primaryimage"},"image":{"@id":"https:\/\/dreeven.com\/fr\/demande-de-demo\/#primaryimage"},"thumbnailUrl":"http:\/\/dreeven.com\/wp-content\/uploads\/2023\/01\/Dreeven_Multiplateformes.png","datePublished":"2019-12-24T23:05:02+00:00","dateModified":"2026-01-22T16:58:59+00:00","description":"L\u2019\u00e9quipe de Dreeven, vous invite \u00e0 un webinaire gratuit! Notre d\u00e9mo gratuite de 30 ou 60 minutes sera l\u2019heure la plus rentable de votre mois!","breadcrumb":{"@id":"https:\/\/dreeven.com\/fr\/demande-de-demo\/#breadcrumb"},"inLanguage":"fr-FR","potentialAction":[{"@type":"ReadAction","target":["https:\/\/dreeven.com\/fr\/demande-de-demo\/"]}]},{"@type":"ImageObject","inLanguage":"fr-FR","@id":"https:\/\/dreeven.com\/fr\/demande-de-demo\/#primaryimage","url":"http:\/\/dreeven.com\/wp-content\/uploads\/2023\/01\/Dreeven_Multiplateformes.png","contentUrl":"http:\/\/dreeven.com\/wp-content\/uploads\/2023\/01\/Dreeven_Multiplateformes.png"},{"@type":"BreadcrumbList","@id":"https:\/\/dreeven.com\/fr\/demande-de-demo\/#breadcrumb","itemListElement":[{"@type":"ListItem","position":1,"name":"Home","item":"https:\/\/dreeven.com\/fr\/"},{"@type":"ListItem","position":2,"name":"Demande de d\u00e9mo"}]},{"@type":"WebSite","@id":"https:\/\/dreeven.com\/#website","url":"https:\/\/dreeven.com\/","name":"Dreeven","description":"Logiciel de gestion de chantier","publisher":{"@id":"https:\/\/dreeven.com\/#organization"},"potentialAction":[{"@type":"SearchAction","target":{"@type":"EntryPoint","urlTemplate":"https:\/\/dreeven.com\/?s={search_term_string}"},"query-input":{"@type":"PropertyValueSpecification","valueRequired":true,"valueName":"search_term_string"}}],"inLanguage":"fr-FR"},{"@type":"Organization","@id":"https:\/\/dreeven.com\/#organization","name":"Dreeven Technologies inc.","url":"https:\/\/dreeven.com\/","logo":{"@type":"ImageObject","inLanguage":"fr-FR","@id":"https:\/\/dreeven.com\/#\/schema\/logo\/image\/","url":"https:\/\/i1.wp.com\/dreeven.com\/wp-content\/uploads\/2019\/12\/dreeven-technologies-1.png?fit=150%2C64&ssl=1","contentUrl":"https:\/\/i1.wp.com\/dreeven.com\/wp-content\/uploads\/2019\/12\/dreeven-technologies-1.png?fit=150%2C64&ssl=1","width":150,"height":64,"caption":"Dreeven Technologies inc."},"image":{"@id":"https:\/\/dreeven.com\/#\/schema\/logo\/image\/"},"sameAs":["https:\/\/www.linkedin.com\/company\/dreeven\/"]}]}},"jetpack_sharing_enabled":true,"_links":{"self":[{"href":"https:\/\/dreeven.com\/fr\/wp-json\/wp\/v2\/pages\/3886","targetHints":{"allow":["GET"]}}],"collection":[{"href":"https:\/\/dreeven.com\/fr\/wp-json\/wp\/v2\/pages"}],"about":[{"href":"https:\/\/dreeven.com\/fr\/wp-json\/wp\/v2\/types\/page"}],"author":[{"embeddable":true,"href":"https:\/\/dreeven.com\/fr\/wp-json\/wp\/v2\/users\/16"}],"replies":[{"embeddable":true,"href":"https:\/\/dreeven.com\/fr\/wp-json\/wp\/v2\/comments?post=3886"}],"version-history":[{"count":0,"href":"https:\/\/dreeven.com\/fr\/wp-json\/wp\/v2\/pages\/3886\/revisions"}],"wp:attachment":[{"href":"https:\/\/dreeven.com\/fr\/wp-json\/wp\/v2\/media?parent=3886"}],"curies":[{"name":"wp","href":"https:\/\/api.w.org\/{rel}","templated":true}]}}