{"id":25894,"date":"2026-02-24T14:24:47","date_gmt":"2026-02-24T19:24:47","guid":{"rendered":"https:\/\/dreeven.com\/?page_id=25894"},"modified":"2026-02-24T14:31:09","modified_gmt":"2026-02-24T19:31:09","slug":"avis-non-responsabilite","status":"publish","type":"page","link":"https:\/\/dreeven.com\/fr\/avis-non-responsabilite\/","title":{"rendered":"Avis de non-responsabilit\u00e9"},"content":{"rendered":"\t\t<div data-elementor-type=\"wp-page\" data-elementor-id=\"25894\" class=\"elementor elementor-25894 elementor-25893\" data-elementor-post-type=\"page\">\n\t\t\t\t<div class=\"elementor-element elementor-element-cdce73e e-con-full e-flex e-con e-parent\" data-id=\"cdce73e\" data-element_type=\"container\" data-e-type=\"container\" data-settings=\"{&quot;background_background&quot;:&quot;classic&quot;}\">\n\t\t\t\t<div class=\"elementor-element elementor-element-7dab94d elementor-widget elementor-widget-heading\" data-id=\"7dab94d\" data-element_type=\"widget\" data-e-type=\"widget\" data-widget_type=\"heading.default\">\n\t\t\t\t<div class=\"elementor-widget-container\">\n\t\t\t\t\t<h1 class=\"elementor-heading-title elementor-size-default\">Avis de non-responsabilit\u00e9<\/h1>\t\t\t\t<\/div>\n\t\t\t\t<\/div>\n\t\t\t\t<div class=\"elementor-element elementor-element-91a7ebd elementor-widget elementor-widget-text-editor\" data-id=\"91a7ebd\" data-element_type=\"widget\" data-e-type=\"widget\" data-widget_type=\"text-editor.default\">\n\t\t\t\t<div class=\"elementor-widget-container\">\n\t\t\t\t\t\t\t\t\tDerni\u00e8re mise \u00e0 jour: F\u00e9vrier 2026\t\t\t\t\t\t\t\t<\/div>\n\t\t\t\t<\/div>\n\t\t\t\t<div class=\"elementor-element elementor-element-838f654 elementor-widget elementor-widget-spacer\" data-id=\"838f654\" data-element_type=\"widget\" data-e-type=\"widget\" data-widget_type=\"spacer.default\">\n\t\t\t\t<div class=\"elementor-widget-container\">\n\t\t\t\t\t\t\t<div class=\"elementor-spacer\">\n\t\t\t<div class=\"elementor-spacer-inner\"><\/div>\n\t\t<\/div>\n\t\t\t\t\t\t<\/div>\n\t\t\t\t<\/div>\n\t\t\t\t<\/div>\n\t\t<div class=\"elementor-element elementor-element-8e0842c e-flex e-con-boxed e-con e-parent\" data-id=\"8e0842c\" data-element_type=\"container\" data-e-type=\"container\">\n\t\t\t\t\t<div class=\"e-con-inner\">\n\t\t<div class=\"elementor-element elementor-element-2a59e9e e-con-full e-flex e-con e-child\" data-id=\"2a59e9e\" data-element_type=\"container\" data-e-type=\"container\">\n\t\t\t\t<div class=\"elementor-element elementor-element-009672c elementor-widget elementor-widget-text-editor\" data-id=\"009672c\" data-element_type=\"widget\" data-e-type=\"widget\" data-widget_type=\"text-editor.default\">\n\t\t\t\t<div class=\"elementor-widget-container\">\n\t\t\t\t\t\t\t\t\tLes informations pr\u00e9sent\u00e9es sur ce site sont fournies \u00e0 titre informatif.\t\t\t\t\t\t\t\t<\/div>\n\t\t\t\t<\/div>\n\t\t\t\t<div class=\"elementor-element elementor-element-9df8927 elementor-widget elementor-widget-text-editor\" data-id=\"9df8927\" data-element_type=\"widget\" data-e-type=\"widget\" data-widget_type=\"text-editor.default\">\n\t\t\t\t<div class=\"elementor-widget-container\">\n\t\t\t\t\t\t\t\t\tElles ne constituent pas un avis juridique, financier ou professionnel.\t\t\t\t\t\t\t\t<\/div>\n\t\t\t\t<\/div>\n\t\t\t\t<div class=\"elementor-element elementor-element-a9de2e1 elementor-widget elementor-widget-text-editor\" data-id=\"a9de2e1\" data-element_type=\"widget\" data-e-type=\"widget\" data-widget_type=\"text-editor.default\">\n\t\t\t\t<div class=\"elementor-widget-container\">\n\t\t\t\t\t\t\t\t\tDreeven ne peut \u00eatre tenue responsable:\t\t\t\t\t\t\t\t<\/div>\n\t\t\t\t<\/div>\n\t\t\t\t<div class=\"elementor-element elementor-element-8ede5cf elementor-widget elementor-widget-text-editor\" data-id=\"8ede5cf\" data-element_type=\"widget\" data-e-type=\"widget\" data-widget_type=\"text-editor.default\">\n\t\t\t\t<div class=\"elementor-widget-container\">\n\t\t\t\t\t\t\t\t\t<ul>\n \t<li style=\"padding-bottom: 15px;\">Des erreurs ou omissions<\/li>\n \t<li style=\"padding-bottom: 15px;\">De l\u2019interpr\u00e9tation ou de l\u2019utilisation des informations<\/li>\n \t<li style=\"padding-bottom: 15px;\">Du contenu de sites tiers accessibles par hyperlien<\/li>\n<\/ul>\t\t\t\t\t\t\t\t<\/div>\n\t\t\t\t<\/div>\n\t\t\t\t<div class=\"elementor-element elementor-element-9d95525 elementor-widget elementor-widget-text-editor\" data-id=\"9d95525\" data-element_type=\"widget\" data-e-type=\"widget\" data-widget_type=\"text-editor.default\">\n\t\t\t\t<div class=\"elementor-widget-container\">\n\t\t\t\t\t\t\t\t\tL\u2019utilisation de ce site implique l\u2019acceptation des pr\u00e9sentes conditions.\t\t\t\t\t\t\t\t<\/div>\n\t\t\t\t<\/div>\n\t\t\t\t<div class=\"elementor-element elementor-element-54fd747 elementor-widget elementor-widget-text-editor\" data-id=\"54fd747\" data-element_type=\"widget\" data-e-type=\"widget\" data-widget_type=\"text-editor.default\">\n\t\t\t\t<div class=\"elementor-widget-container\">\n\t\t\t\t\t\t\t\t\tPour toute question: <a href=\"mailto:vie.privee@dreeven.com&quot;\"><strong>vie.privee@dreeven.com<\/strong><\/a>\t\t\t\t\t\t\t\t<\/div>\n\t\t\t\t<\/div>\n\t\t\t\t<div class=\"elementor-element elementor-element-c1d2061 elementor-widget elementor-widget-spacer\" data-id=\"c1d2061\" data-element_type=\"widget\" data-e-type=\"widget\" data-widget_type=\"spacer.default\">\n\t\t\t\t<div class=\"elementor-widget-container\">\n\t\t\t\t\t\t\t<div class=\"elementor-spacer\">\n\t\t\t<div class=\"elementor-spacer-inner\"><\/div>\n\t\t<\/div>\n\t\t\t\t\t\t<\/div>\n\t\t\t\t<\/div>\n\t\t\t\t<\/div>\n\t\t\t\t\t<\/div>\n\t\t\t\t<\/div>\n\t\t\t\t<\/div>\n\t\t","protected":false},"excerpt":{"rendered":"<p>Avis de non-responsabilit\u00e9 Derni\u00e8re mise \u00e0 jour: F\u00e9vrier 2026 Les informations pr\u00e9sent\u00e9es sur ce site sont fournies \u00e0 titre informatif.Elles ne constituent pas un avis juridique, financier ou professionnel.Dreeven ne peut \u00eatre tenue responsable: Des erreurs ou omissions De l\u2019interpr\u00e9tation ou de l\u2019utilisation des informations Du contenu de sites tiers accessibles par hyperlien L\u2019utilisation de<\/p>\n","protected":false},"author":16,"featured_media":0,"parent":0,"menu_order":0,"comment_status":"closed","ping_status":"open","template":"","meta":{"_acf_changed":false,"_monsterinsights_skip_tracking":false,"_monsterinsights_sitenote_active":false,"_monsterinsights_sitenote_note":"","_monsterinsights_sitenote_category":0,"footnotes":""},"class_list":["post-25894","page","type-page","status-publish","hentry"],"acf":[],"yoast_head":"<!-- This site is optimized with the Yoast SEO plugin v26.6 - https:\/\/yoast.com\/wordpress\/plugins\/seo\/ -->\n<title>Avis de non-responsabilit\u00e9 | Limitation de responsabilit\u00e9 Dreeven<\/title>\n<meta name=\"description\" content=\"Consultez l\u2019avis de non-responsabilit\u00e9 de Dreeven concernant l\u2019utilisation du site, la limitation de responsabilit\u00e9 et les liens vers des sites tiers.\" \/>\n<meta name=\"robots\" content=\"index, follow, max-snippet:-1, max-image-preview:large, max-video-preview:-1\" \/>\n<link rel=\"canonical\" href=\"https:\/\/dreeven.ca\/fr\/avis-non-responsabilite\/\" \/>\n<meta property=\"og:locale\" content=\"fr_FR\" \/>\n<meta property=\"og:type\" content=\"article\" \/>\n<meta property=\"og:title\" content=\"Avis de non-responsabilit\u00e9 | Limitation de responsabilit\u00e9 Dreeven\" \/>\n<meta property=\"og:description\" content=\"Consultez l\u2019avis de non-responsabilit\u00e9 de Dreeven concernant l\u2019utilisation du site, la limitation de responsabilit\u00e9 et les liens vers des sites tiers.\" \/>\n<meta property=\"og:url\" content=\"https:\/\/dreeven.ca\/fr\/avis-non-responsabilite\/\" \/>\n<meta property=\"og:site_name\" content=\"Dreeven\" \/>\n<meta property=\"article:modified_time\" content=\"2026-02-24T19:31:09+00:00\" \/>\n<meta name=\"twitter:card\" content=\"summary_large_image\" \/>\n<meta name=\"twitter:label1\" content=\"Dur\u00e9e de lecture estim\u00e9e\" \/>\n\t<meta name=\"twitter:data1\" content=\"1 minute\" \/>\n<script type=\"application\/ld+json\" class=\"yoast-schema-graph\">{\"@context\":\"https:\/\/schema.org\",\"@graph\":[{\"@type\":\"WebPage\",\"@id\":\"https:\/\/dreeven.ca\/fr\/avis-non-responsabilite\/\",\"url\":\"https:\/\/dreeven.ca\/fr\/avis-non-responsabilite\/\",\"name\":\"Avis de non-responsabilit\u00e9 | Limitation de responsabilit\u00e9 Dreeven\",\"isPartOf\":{\"@id\":\"https:\/\/dreeven.com\/#website\"},\"datePublished\":\"2026-02-24T19:24:47+00:00\",\"dateModified\":\"2026-02-24T19:31:09+00:00\",\"description\":\"Consultez l\u2019avis de non-responsabilit\u00e9 de Dreeven concernant l\u2019utilisation du site, la limitation de responsabilit\u00e9 et les liens vers des sites tiers.\",\"breadcrumb\":{\"@id\":\"https:\/\/dreeven.ca\/fr\/avis-non-responsabilite\/#breadcrumb\"},\"inLanguage\":\"fr-FR\",\"potentialAction\":[{\"@type\":\"ReadAction\",\"target\":[\"https:\/\/dreeven.ca\/fr\/avis-non-responsabilite\/\"]}]},{\"@type\":\"BreadcrumbList\",\"@id\":\"https:\/\/dreeven.ca\/fr\/avis-non-responsabilite\/#breadcrumb\",\"itemListElement\":[{\"@type\":\"ListItem\",\"position\":1,\"name\":\"Home\",\"item\":\"https:\/\/dreeven.com\/fr\/\"},{\"@type\":\"ListItem\",\"position\":2,\"name\":\"Avis de non-responsabilit\u00e9\"}]},{\"@type\":\"WebSite\",\"@id\":\"https:\/\/dreeven.com\/#website\",\"url\":\"https:\/\/dreeven.com\/\",\"name\":\"Dreeven\",\"description\":\"Logiciel de gestion de chantier\",\"publisher\":{\"@id\":\"https:\/\/dreeven.com\/#organization\"},\"potentialAction\":[{\"@type\":\"SearchAction\",\"target\":{\"@type\":\"EntryPoint\",\"urlTemplate\":\"https:\/\/dreeven.com\/?s={search_term_string}\"},\"query-input\":{\"@type\":\"PropertyValueSpecification\",\"valueRequired\":true,\"valueName\":\"search_term_string\"}}],\"inLanguage\":\"fr-FR\"},{\"@type\":\"Organization\",\"@id\":\"https:\/\/dreeven.com\/#organization\",\"name\":\"Dreeven Technologies inc.\",\"url\":\"https:\/\/dreeven.com\/\",\"logo\":{\"@type\":\"ImageObject\",\"inLanguage\":\"fr-FR\",\"@id\":\"https:\/\/dreeven.com\/#\/schema\/logo\/image\/\",\"url\":\"https:\/\/i1.wp.com\/dreeven.com\/wp-content\/uploads\/2019\/12\/dreeven-technologies-1.png?fit=150%2C64&ssl=1\",\"contentUrl\":\"https:\/\/i1.wp.com\/dreeven.com\/wp-content\/uploads\/2019\/12\/dreeven-technologies-1.png?fit=150%2C64&ssl=1\",\"width\":150,\"height\":64,\"caption\":\"Dreeven Technologies inc.\"},\"image\":{\"@id\":\"https:\/\/dreeven.com\/#\/schema\/logo\/image\/\"},\"sameAs\":[\"https:\/\/www.linkedin.com\/company\/dreeven\/\"]}]}<\/script>\n<!-- \/ Yoast SEO plugin. -->","yoast_head_json":{"title":"Avis de non-responsabilit\u00e9 | Limitation de responsabilit\u00e9 Dreeven","description":"Consultez l\u2019avis de non-responsabilit\u00e9 de Dreeven concernant l\u2019utilisation du site, la limitation de responsabilit\u00e9 et les liens vers des sites tiers.","robots":{"index":"index","follow":"follow","max-snippet":"max-snippet:-1","max-image-preview":"max-image-preview:large","max-video-preview":"max-video-preview:-1"},"canonical":"https:\/\/dreeven.ca\/fr\/avis-non-responsabilite\/","og_locale":"fr_FR","og_type":"article","og_title":"Avis de non-responsabilit\u00e9 | Limitation de responsabilit\u00e9 Dreeven","og_description":"Consultez l\u2019avis de non-responsabilit\u00e9 de Dreeven concernant l\u2019utilisation du site, la limitation de responsabilit\u00e9 et les liens vers des sites tiers.","og_url":"https:\/\/dreeven.ca\/fr\/avis-non-responsabilite\/","og_site_name":"Dreeven","article_modified_time":"2026-02-24T19:31:09+00:00","twitter_card":"summary_large_image","twitter_misc":{"Dur\u00e9e de lecture estim\u00e9e":"1 minute"},"schema":{"@context":"https:\/\/schema.org","@graph":[{"@type":"WebPage","@id":"https:\/\/dreeven.ca\/fr\/avis-non-responsabilite\/","url":"https:\/\/dreeven.ca\/fr\/avis-non-responsabilite\/","name":"Avis de non-responsabilit\u00e9 | Limitation de responsabilit\u00e9 Dreeven","isPartOf":{"@id":"https:\/\/dreeven.com\/#website"},"datePublished":"2026-02-24T19:24:47+00:00","dateModified":"2026-02-24T19:31:09+00:00","description":"Consultez l\u2019avis de non-responsabilit\u00e9 de Dreeven concernant l\u2019utilisation du site, la limitation de responsabilit\u00e9 et les liens vers des sites tiers.","breadcrumb":{"@id":"https:\/\/dreeven.ca\/fr\/avis-non-responsabilite\/#breadcrumb"},"inLanguage":"fr-FR","potentialAction":[{"@type":"ReadAction","target":["https:\/\/dreeven.ca\/fr\/avis-non-responsabilite\/"]}]},{"@type":"BreadcrumbList","@id":"https:\/\/dreeven.ca\/fr\/avis-non-responsabilite\/#breadcrumb","itemListElement":[{"@type":"ListItem","position":1,"name":"Home","item":"https:\/\/dreeven.com\/fr\/"},{"@type":"ListItem","position":2,"name":"Avis de non-responsabilit\u00e9"}]},{"@type":"WebSite","@id":"https:\/\/dreeven.com\/#website","url":"https:\/\/dreeven.com\/","name":"Dreeven","description":"Logiciel de gestion de chantier","publisher":{"@id":"https:\/\/dreeven.com\/#organization"},"potentialAction":[{"@type":"SearchAction","target":{"@type":"EntryPoint","urlTemplate":"https:\/\/dreeven.com\/?s={search_term_string}"},"query-input":{"@type":"PropertyValueSpecification","valueRequired":true,"valueName":"search_term_string"}}],"inLanguage":"fr-FR"},{"@type":"Organization","@id":"https:\/\/dreeven.com\/#organization","name":"Dreeven Technologies inc.","url":"https:\/\/dreeven.com\/","logo":{"@type":"ImageObject","inLanguage":"fr-FR","@id":"https:\/\/dreeven.com\/#\/schema\/logo\/image\/","url":"https:\/\/i1.wp.com\/dreeven.com\/wp-content\/uploads\/2019\/12\/dreeven-technologies-1.png?fit=150%2C64&ssl=1","contentUrl":"https:\/\/i1.wp.com\/dreeven.com\/wp-content\/uploads\/2019\/12\/dreeven-technologies-1.png?fit=150%2C64&ssl=1","width":150,"height":64,"caption":"Dreeven Technologies inc."},"image":{"@id":"https:\/\/dreeven.com\/#\/schema\/logo\/image\/"},"sameAs":["https:\/\/www.linkedin.com\/company\/dreeven\/"]}]}},"jetpack_sharing_enabled":true,"_links":{"self":[{"href":"https:\/\/dreeven.com\/fr\/wp-json\/wp\/v2\/pages\/25894","targetHints":{"allow":["GET"]}}],"collection":[{"href":"https:\/\/dreeven.com\/fr\/wp-json\/wp\/v2\/pages"}],"about":[{"href":"https:\/\/dreeven.com\/fr\/wp-json\/wp\/v2\/types\/page"}],"author":[{"embeddable":true,"href":"https:\/\/dreeven.com\/fr\/wp-json\/wp\/v2\/users\/16"}],"replies":[{"embeddable":true,"href":"https:\/\/dreeven.com\/fr\/wp-json\/wp\/v2\/comments?post=25894"}],"version-history":[{"count":0,"href":"https:\/\/dreeven.com\/fr\/wp-json\/wp\/v2\/pages\/25894\/revisions"}],"wp:attachment":[{"href":"https:\/\/dreeven.com\/fr\/wp-json\/wp\/v2\/media?parent=25894"}],"curies":[{"name":"wp","href":"https:\/\/api.w.org\/{rel}","templated":true}]}}