{"id":25870,"date":"2026-02-24T14:07:53","date_gmt":"2026-02-24T19:07:53","guid":{"rendered":"https:\/\/dreeven.com\/?page_id=25870"},"modified":"2026-02-24T14:17:45","modified_gmt":"2026-02-24T19:17:45","slug":"mentions-legales","status":"publish","type":"page","link":"https:\/\/dreeven.com\/fr\/mentions-legales\/","title":{"rendered":"Mentions l\u00e9gales"},"content":{"rendered":"\t\t<div data-elementor-type=\"wp-page\" data-elementor-id=\"25870\" class=\"elementor elementor-25870 elementor-25869\" data-elementor-post-type=\"page\">\n\t\t\t\t<div class=\"elementor-element elementor-element-cdce73e e-con-full e-flex e-con e-parent\" data-id=\"cdce73e\" data-element_type=\"container\" data-e-type=\"container\" data-settings=\"{&quot;background_background&quot;:&quot;classic&quot;}\">\n\t\t\t\t<div class=\"elementor-element elementor-element-7dab94d elementor-widget elementor-widget-heading\" data-id=\"7dab94d\" data-element_type=\"widget\" data-e-type=\"widget\" data-widget_type=\"heading.default\">\n\t\t\t\t<div class=\"elementor-widget-container\">\n\t\t\t\t\t<h1 class=\"elementor-heading-title elementor-size-default\">Mentions l\u00e9gales<\/h1>\t\t\t\t<\/div>\n\t\t\t\t<\/div>\n\t\t\t\t<div class=\"elementor-element elementor-element-91a7ebd elementor-widget elementor-widget-text-editor\" data-id=\"91a7ebd\" data-element_type=\"widget\" data-e-type=\"widget\" data-widget_type=\"text-editor.default\">\n\t\t\t\t<div class=\"elementor-widget-container\">\n\t\t\t\t\t\t\t\t\tDerni\u00e8re mise \u00e0 jour: F\u00e9vrier 2026\t\t\t\t\t\t\t\t<\/div>\n\t\t\t\t<\/div>\n\t\t\t\t<div class=\"elementor-element elementor-element-838f654 elementor-widget elementor-widget-spacer\" data-id=\"838f654\" data-element_type=\"widget\" data-e-type=\"widget\" data-widget_type=\"spacer.default\">\n\t\t\t\t<div class=\"elementor-widget-container\">\n\t\t\t\t\t\t\t<div class=\"elementor-spacer\">\n\t\t\t<div class=\"elementor-spacer-inner\"><\/div>\n\t\t<\/div>\n\t\t\t\t\t\t<\/div>\n\t\t\t\t<\/div>\n\t\t\t\t<\/div>\n\t\t<div class=\"elementor-element elementor-element-9d751ca e-flex e-con-boxed e-con e-parent\" data-id=\"9d751ca\" data-element_type=\"container\" data-e-type=\"container\">\n\t\t\t\t\t<div class=\"e-con-inner\">\n\t\t<div class=\"elementor-element elementor-element-4690607 e-con-full e-flex e-con e-child\" data-id=\"4690607\" data-element_type=\"container\" data-e-type=\"container\">\n\t\t\t\t<div class=\"elementor-element elementor-element-a0cfe3b elementor-widget elementor-widget-text-editor\" data-id=\"a0cfe3b\" data-element_type=\"widget\" data-e-type=\"widget\" data-widget_type=\"text-editor.default\">\n\t\t\t\t<div class=\"elementor-widget-container\">\n\t\t\t\t\t\t\t\t\t\u00c9diteur du site\t\t\t\t\t\t\t\t<\/div>\n\t\t\t\t<\/div>\n\t\t\t\t<div class=\"elementor-element elementor-element-91983b2 elementor-widget elementor-widget-text-editor\" data-id=\"91983b2\" data-element_type=\"widget\" data-e-type=\"widget\" data-widget_type=\"text-editor.default\">\n\t\t\t\t<div class=\"elementor-widget-container\">\n\t\t\t\t\t\t\t\t\tDreeven Technologies<br>\n795 av. St-Charles, <br>St-Lambert, Qu\u00e9bec, J4P 2A2<br>\nT\u00e9l\u00e9phone: (514) 532-0155<br>\nNEQ: 1172436926\t\t\t\t\t\t\t\t<\/div>\n\t\t\t\t<\/div>\n\t\t\t\t<div class=\"elementor-element elementor-element-d3a0461 elementor-widget elementor-widget-spacer\" data-id=\"d3a0461\" data-element_type=\"widget\" data-e-type=\"widget\" data-widget_type=\"spacer.default\">\n\t\t\t\t<div class=\"elementor-widget-container\">\n\t\t\t\t\t\t\t<div class=\"elementor-spacer\">\n\t\t\t<div class=\"elementor-spacer-inner\"><\/div>\n\t\t<\/div>\n\t\t\t\t\t\t<\/div>\n\t\t\t\t<\/div>\n\t\t\t\t<div class=\"elementor-element elementor-element-50b653b elementor-widget elementor-widget-text-editor\" data-id=\"50b653b\" data-element_type=\"widget\" data-e-type=\"widget\" data-widget_type=\"text-editor.default\">\n\t\t\t\t<div class=\"elementor-widget-container\">\n\t\t\t\t\t\t\t\t\tResponsable de la protection des renseignements personnels\t\t\t\t\t\t\t\t<\/div>\n\t\t\t\t<\/div>\n\t\t\t\t<div class=\"elementor-element elementor-element-b8a7de2 elementor-widget elementor-widget-text-editor\" data-id=\"b8a7de2\" data-element_type=\"widget\" data-e-type=\"widget\" data-widget_type=\"text-editor.default\">\n\t\t\t\t<div class=\"elementor-widget-container\">\n\t\t\t\t\t\t\t\t\t<p>David Provencher<br \/><a href=\"mailto:vie.privee@dreeven.com&quot;\"><strong>vie.privee@dreeven.com<\/strong><\/a><\/p>\t\t\t\t\t\t\t\t<\/div>\n\t\t\t\t<\/div>\n\t\t\t\t<div class=\"elementor-element elementor-element-1011a70 elementor-widget elementor-widget-spacer\" data-id=\"1011a70\" data-element_type=\"widget\" data-e-type=\"widget\" data-widget_type=\"spacer.default\">\n\t\t\t\t<div class=\"elementor-widget-container\">\n\t\t\t\t\t\t\t<div class=\"elementor-spacer\">\n\t\t\t<div class=\"elementor-spacer-inner\"><\/div>\n\t\t<\/div>\n\t\t\t\t\t\t<\/div>\n\t\t\t\t<\/div>\n\t\t\t\t<div class=\"elementor-element elementor-element-677a447 elementor-widget elementor-widget-text-editor\" data-id=\"677a447\" data-element_type=\"widget\" data-e-type=\"widget\" data-widget_type=\"text-editor.default\">\n\t\t\t\t<div class=\"elementor-widget-container\">\n\t\t\t\t\t\t\t\t\tH\u00e9bergement\t\t\t\t\t\t\t\t<\/div>\n\t\t\t\t<\/div>\n\t\t\t\t<div class=\"elementor-element elementor-element-b5a1fda elementor-widget elementor-widget-text-editor\" data-id=\"b5a1fda\" data-element_type=\"widget\" data-e-type=\"widget\" data-widget_type=\"text-editor.default\">\n\t\t\t\t<div class=\"elementor-widget-container\">\n\t\t\t\t\t\t\t\t\t<p>Amazon Web Services (AWS) au Canada<\/p>\t\t\t\t\t\t\t\t<\/div>\n\t\t\t\t<\/div>\n\t\t\t\t<div class=\"elementor-element elementor-element-01c9cb4 elementor-widget elementor-widget-spacer\" data-id=\"01c9cb4\" data-element_type=\"widget\" data-e-type=\"widget\" data-widget_type=\"spacer.default\">\n\t\t\t\t<div class=\"elementor-widget-container\">\n\t\t\t\t\t\t\t<div class=\"elementor-spacer\">\n\t\t\t<div class=\"elementor-spacer-inner\"><\/div>\n\t\t<\/div>\n\t\t\t\t\t\t<\/div>\n\t\t\t\t<\/div>\n\t\t\t\t<div class=\"elementor-element elementor-element-013c7aa elementor-widget elementor-widget-text-editor\" data-id=\"013c7aa\" data-element_type=\"widget\" data-e-type=\"widget\" data-widget_type=\"text-editor.default\">\n\t\t\t\t<div class=\"elementor-widget-container\">\n\t\t\t\t\t\t\t\t\tPropri\u00e9t\u00e9 intellectuelle\t\t\t\t\t\t\t\t<\/div>\n\t\t\t\t<\/div>\n\t\t\t\t<div class=\"elementor-element elementor-element-f8553c6 elementor-widget elementor-widget-text-editor\" data-id=\"f8553c6\" data-element_type=\"widget\" data-e-type=\"widget\" data-widget_type=\"text-editor.default\">\n\t\t\t\t<div class=\"elementor-widget-container\">\n\t\t\t\t\t\t\t\t\tL\u2019ensemble du contenu du site (textes, visuels, logos, structure) est prot\u00e9g\u00e9 par les lois applicables.\t\t\t\t\t\t\t\t<\/div>\n\t\t\t\t<\/div>\n\t\t\t\t<div class=\"elementor-element elementor-element-a9c46b3 elementor-widget elementor-widget-text-editor\" data-id=\"a9c46b3\" data-element_type=\"widget\" data-e-type=\"widget\" data-widget_type=\"text-editor.default\">\n\t\t\t\t<div class=\"elementor-widget-container\">\n\t\t\t\t\t\t\t\t\t<p>Toute reproduction ou utilisation sans autorisation \u00e9crite est interdite.<\/p>\t\t\t\t\t\t\t\t<\/div>\n\t\t\t\t<\/div>\n\t\t\t\t<div class=\"elementor-element elementor-element-eff2e06 elementor-widget elementor-widget-spacer\" data-id=\"eff2e06\" data-element_type=\"widget\" data-e-type=\"widget\" data-widget_type=\"spacer.default\">\n\t\t\t\t<div class=\"elementor-widget-container\">\n\t\t\t\t\t\t\t<div class=\"elementor-spacer\">\n\t\t\t<div class=\"elementor-spacer-inner\"><\/div>\n\t\t<\/div>\n\t\t\t\t\t\t<\/div>\n\t\t\t\t<\/div>\n\t\t\t\t<div class=\"elementor-element elementor-element-afe77ce elementor-widget elementor-widget-text-editor\" data-id=\"afe77ce\" data-element_type=\"widget\" data-e-type=\"widget\" data-widget_type=\"text-editor.default\">\n\t\t\t\t<div class=\"elementor-widget-container\">\n\t\t\t\t\t\t\t\t\tExactitude de l\u2019information\t\t\t\t\t\t\t\t<\/div>\n\t\t\t\t<\/div>\n\t\t\t\t<div class=\"elementor-element elementor-element-b6b7246 elementor-widget elementor-widget-text-editor\" data-id=\"b6b7246\" data-element_type=\"widget\" data-e-type=\"widget\" data-widget_type=\"text-editor.default\">\n\t\t\t\t<div class=\"elementor-widget-container\">\n\t\t\t\t\t\t\t\t\tNous faisons des efforts raisonnables pour assurer l\u2019exactitude des informations publi\u00e9es. Toutefois, certaines informations peuvent \u00eatre mises \u00e0 jour sans pr\u00e9avis.\t\t\t\t\t\t\t\t<\/div>\n\t\t\t\t<\/div>\n\t\t\t\t<div class=\"elementor-element elementor-element-4683953 elementor-widget elementor-widget-spacer\" data-id=\"4683953\" data-element_type=\"widget\" data-e-type=\"widget\" data-widget_type=\"spacer.default\">\n\t\t\t\t<div class=\"elementor-widget-container\">\n\t\t\t\t\t\t\t<div class=\"elementor-spacer\">\n\t\t\t<div class=\"elementor-spacer-inner\"><\/div>\n\t\t<\/div>\n\t\t\t\t\t\t<\/div>\n\t\t\t\t<\/div>\n\t\t\t\t<\/div>\n\t\t\t\t\t<\/div>\n\t\t\t\t<\/div>\n\t\t\t\t<\/div>\n\t\t","protected":false},"excerpt":{"rendered":"<p>Mentions l\u00e9gales Derni\u00e8re mise \u00e0 jour: F\u00e9vrier 2026 \u00c9diteur du siteDreeven Technologies 795 av. St-Charles, St-Lambert, Qu\u00e9bec, J4P 2A2 T\u00e9l\u00e9phone: (514) 532-0155 NEQ: 1172436926 Responsable de la protection des renseignements personnels David Provenchervie.privee@dreeven.com H\u00e9bergement Amazon Web Services (AWS) au Canada Propri\u00e9t\u00e9 intellectuelleL\u2019ensemble du contenu du site (textes, visuels, logos, structure) est prot\u00e9g\u00e9 par les lois<\/p>\n","protected":false},"author":16,"featured_media":0,"parent":0,"menu_order":0,"comment_status":"closed","ping_status":"open","template":"","meta":{"_acf_changed":false,"_monsterinsights_skip_tracking":false,"_monsterinsights_sitenote_active":false,"_monsterinsights_sitenote_note":"","_monsterinsights_sitenote_category":0,"footnotes":""},"class_list":["post-25870","page","type-page","status-publish","hentry"],"acf":[],"yoast_head":"<!-- This site is optimized with the Yoast SEO plugin v26.6 - https:\/\/yoast.com\/wordpress\/plugins\/seo\/ -->\n<title>Mentions l\u00e9gales Dreeven | Informations juridiques officielles<\/title>\n<meta name=\"description\" content=\"Consultez les mentions l\u00e9gales de Dreeven Technologies: informations sur l\u2019\u00e9diteur, l\u2019h\u00e9bergement, la propri\u00e9t\u00e9 intellectuelle et la protection des renseignements personnels.\" \/>\n<meta name=\"robots\" content=\"index, follow, max-snippet:-1, max-image-preview:large, max-video-preview:-1\" \/>\n<link rel=\"canonical\" href=\"https:\/\/dreeven.com\/fr\/mentions-legales\/\" \/>\n<meta property=\"og:locale\" content=\"fr_FR\" \/>\n<meta property=\"og:type\" content=\"article\" \/>\n<meta property=\"og:title\" content=\"Mentions l\u00e9gales Dreeven | Informations juridiques officielles\" \/>\n<meta property=\"og:description\" content=\"Consultez les mentions l\u00e9gales de Dreeven Technologies: informations sur l\u2019\u00e9diteur, l\u2019h\u00e9bergement, la propri\u00e9t\u00e9 intellectuelle et la protection des renseignements personnels.\" \/>\n<meta property=\"og:url\" content=\"https:\/\/dreeven.com\/fr\/mentions-legales\/\" \/>\n<meta property=\"og:site_name\" content=\"Dreeven\" \/>\n<meta property=\"article:modified_time\" content=\"2026-02-24T19:17:45+00:00\" \/>\n<meta name=\"twitter:card\" content=\"summary_large_image\" \/>\n<meta name=\"twitter:label1\" content=\"Dur\u00e9e de lecture estim\u00e9e\" \/>\n\t<meta name=\"twitter:data1\" content=\"1 minute\" \/>\n<script type=\"application\/ld+json\" class=\"yoast-schema-graph\">{\"@context\":\"https:\/\/schema.org\",\"@graph\":[{\"@type\":\"WebPage\",\"@id\":\"https:\/\/dreeven.com\/fr\/mentions-legales\/\",\"url\":\"https:\/\/dreeven.com\/fr\/mentions-legales\/\",\"name\":\"Mentions l\u00e9gales Dreeven | Informations juridiques officielles\",\"isPartOf\":{\"@id\":\"https:\/\/dreeven.com\/#website\"},\"datePublished\":\"2026-02-24T19:07:53+00:00\",\"dateModified\":\"2026-02-24T19:17:45+00:00\",\"description\":\"Consultez les mentions l\u00e9gales de Dreeven Technologies: informations sur l\u2019\u00e9diteur, l\u2019h\u00e9bergement, la propri\u00e9t\u00e9 intellectuelle et la protection des renseignements personnels.\",\"breadcrumb\":{\"@id\":\"https:\/\/dreeven.com\/fr\/mentions-legales\/#breadcrumb\"},\"inLanguage\":\"fr-FR\",\"potentialAction\":[{\"@type\":\"ReadAction\",\"target\":[\"https:\/\/dreeven.com\/fr\/mentions-legales\/\"]}]},{\"@type\":\"BreadcrumbList\",\"@id\":\"https:\/\/dreeven.com\/fr\/mentions-legales\/#breadcrumb\",\"itemListElement\":[{\"@type\":\"ListItem\",\"position\":1,\"name\":\"Home\",\"item\":\"https:\/\/dreeven.com\/fr\/\"},{\"@type\":\"ListItem\",\"position\":2,\"name\":\"Mentions l\u00e9gales\"}]},{\"@type\":\"WebSite\",\"@id\":\"https:\/\/dreeven.com\/#website\",\"url\":\"https:\/\/dreeven.com\/\",\"name\":\"Dreeven\",\"description\":\"Logiciel de gestion de chantier\",\"publisher\":{\"@id\":\"https:\/\/dreeven.com\/#organization\"},\"potentialAction\":[{\"@type\":\"SearchAction\",\"target\":{\"@type\":\"EntryPoint\",\"urlTemplate\":\"https:\/\/dreeven.com\/?s={search_term_string}\"},\"query-input\":{\"@type\":\"PropertyValueSpecification\",\"valueRequired\":true,\"valueName\":\"search_term_string\"}}],\"inLanguage\":\"fr-FR\"},{\"@type\":\"Organization\",\"@id\":\"https:\/\/dreeven.com\/#organization\",\"name\":\"Dreeven Technologies inc.\",\"url\":\"https:\/\/dreeven.com\/\",\"logo\":{\"@type\":\"ImageObject\",\"inLanguage\":\"fr-FR\",\"@id\":\"https:\/\/dreeven.com\/#\/schema\/logo\/image\/\",\"url\":\"https:\/\/i1.wp.com\/dreeven.com\/wp-content\/uploads\/2019\/12\/dreeven-technologies-1.png?fit=150%2C64&ssl=1\",\"contentUrl\":\"https:\/\/i1.wp.com\/dreeven.com\/wp-content\/uploads\/2019\/12\/dreeven-technologies-1.png?fit=150%2C64&ssl=1\",\"width\":150,\"height\":64,\"caption\":\"Dreeven Technologies inc.\"},\"image\":{\"@id\":\"https:\/\/dreeven.com\/#\/schema\/logo\/image\/\"},\"sameAs\":[\"https:\/\/www.linkedin.com\/company\/dreeven\/\"]}]}<\/script>\n<!-- \/ Yoast SEO plugin. -->","yoast_head_json":{"title":"Mentions l\u00e9gales Dreeven | Informations juridiques officielles","description":"Consultez les mentions l\u00e9gales de Dreeven Technologies: informations sur l\u2019\u00e9diteur, l\u2019h\u00e9bergement, la propri\u00e9t\u00e9 intellectuelle et la protection des renseignements personnels.","robots":{"index":"index","follow":"follow","max-snippet":"max-snippet:-1","max-image-preview":"max-image-preview:large","max-video-preview":"max-video-preview:-1"},"canonical":"https:\/\/dreeven.com\/fr\/mentions-legales\/","og_locale":"fr_FR","og_type":"article","og_title":"Mentions l\u00e9gales Dreeven | Informations juridiques officielles","og_description":"Consultez les mentions l\u00e9gales de Dreeven Technologies: informations sur l\u2019\u00e9diteur, l\u2019h\u00e9bergement, la propri\u00e9t\u00e9 intellectuelle et la protection des renseignements personnels.","og_url":"https:\/\/dreeven.com\/fr\/mentions-legales\/","og_site_name":"Dreeven","article_modified_time":"2026-02-24T19:17:45+00:00","twitter_card":"summary_large_image","twitter_misc":{"Dur\u00e9e de lecture estim\u00e9e":"1 minute"},"schema":{"@context":"https:\/\/schema.org","@graph":[{"@type":"WebPage","@id":"https:\/\/dreeven.com\/fr\/mentions-legales\/","url":"https:\/\/dreeven.com\/fr\/mentions-legales\/","name":"Mentions l\u00e9gales Dreeven | Informations juridiques officielles","isPartOf":{"@id":"https:\/\/dreeven.com\/#website"},"datePublished":"2026-02-24T19:07:53+00:00","dateModified":"2026-02-24T19:17:45+00:00","description":"Consultez les mentions l\u00e9gales de Dreeven Technologies: informations sur l\u2019\u00e9diteur, l\u2019h\u00e9bergement, la propri\u00e9t\u00e9 intellectuelle et la protection des renseignements personnels.","breadcrumb":{"@id":"https:\/\/dreeven.com\/fr\/mentions-legales\/#breadcrumb"},"inLanguage":"fr-FR","potentialAction":[{"@type":"ReadAction","target":["https:\/\/dreeven.com\/fr\/mentions-legales\/"]}]},{"@type":"BreadcrumbList","@id":"https:\/\/dreeven.com\/fr\/mentions-legales\/#breadcrumb","itemListElement":[{"@type":"ListItem","position":1,"name":"Home","item":"https:\/\/dreeven.com\/fr\/"},{"@type":"ListItem","position":2,"name":"Mentions l\u00e9gales"}]},{"@type":"WebSite","@id":"https:\/\/dreeven.com\/#website","url":"https:\/\/dreeven.com\/","name":"Dreeven","description":"Logiciel de gestion de chantier","publisher":{"@id":"https:\/\/dreeven.com\/#organization"},"potentialAction":[{"@type":"SearchAction","target":{"@type":"EntryPoint","urlTemplate":"https:\/\/dreeven.com\/?s={search_term_string}"},"query-input":{"@type":"PropertyValueSpecification","valueRequired":true,"valueName":"search_term_string"}}],"inLanguage":"fr-FR"},{"@type":"Organization","@id":"https:\/\/dreeven.com\/#organization","name":"Dreeven Technologies inc.","url":"https:\/\/dreeven.com\/","logo":{"@type":"ImageObject","inLanguage":"fr-FR","@id":"https:\/\/dreeven.com\/#\/schema\/logo\/image\/","url":"https:\/\/i1.wp.com\/dreeven.com\/wp-content\/uploads\/2019\/12\/dreeven-technologies-1.png?fit=150%2C64&ssl=1","contentUrl":"https:\/\/i1.wp.com\/dreeven.com\/wp-content\/uploads\/2019\/12\/dreeven-technologies-1.png?fit=150%2C64&ssl=1","width":150,"height":64,"caption":"Dreeven Technologies inc."},"image":{"@id":"https:\/\/dreeven.com\/#\/schema\/logo\/image\/"},"sameAs":["https:\/\/www.linkedin.com\/company\/dreeven\/"]}]}},"jetpack_sharing_enabled":true,"_links":{"self":[{"href":"https:\/\/dreeven.com\/fr\/wp-json\/wp\/v2\/pages\/25870","targetHints":{"allow":["GET"]}}],"collection":[{"href":"https:\/\/dreeven.com\/fr\/wp-json\/wp\/v2\/pages"}],"about":[{"href":"https:\/\/dreeven.com\/fr\/wp-json\/wp\/v2\/types\/page"}],"author":[{"embeddable":true,"href":"https:\/\/dreeven.com\/fr\/wp-json\/wp\/v2\/users\/16"}],"replies":[{"embeddable":true,"href":"https:\/\/dreeven.com\/fr\/wp-json\/wp\/v2\/comments?post=25870"}],"version-history":[{"count":0,"href":"https:\/\/dreeven.com\/fr\/wp-json\/wp\/v2\/pages\/25870\/revisions"}],"wp:attachment":[{"href":"https:\/\/dreeven.com\/fr\/wp-json\/wp\/v2\/media?parent=25870"}],"curies":[{"name":"wp","href":"https:\/\/api.w.org\/{rel}","templated":true}]}}