{"id":20180,"date":"2025-10-16T10:03:47","date_gmt":"2025-10-16T15:03:47","guid":{"rendered":"https:\/\/dreeven.com\/?page_id=20180"},"modified":"2025-10-20T09:11:06","modified_gmt":"2025-10-20T14:11:06","slug":"inscription-infolettre-b2c","status":"publish","type":"page","link":"https:\/\/dreeven.com\/fr\/inscription-infolettre-b2c\/","title":{"rendered":"Infolettre Dreeven B2C"},"content":{"rendered":"\t\t<div data-elementor-type=\"wp-page\" data-elementor-id=\"20180\" class=\"elementor elementor-20180\" data-elementor-post-type=\"page\">\n\t\t\t\t<div class=\"elementor-element elementor-element-d756efa e-flex e-con-boxed e-con e-parent\" data-id=\"d756efa\" data-element_type=\"container\" data-e-type=\"container\" data-settings=\"{&quot;background_background&quot;:&quot;classic&quot;}\">\n\t\t\t\t\t<div class=\"e-con-inner\">\n\t\t\t\t<div class=\"elementor-element elementor-element-118da98 elementor-widget elementor-widget-text-editor\" data-id=\"118da98\" data-element_type=\"widget\" data-e-type=\"widget\" data-widget_type=\"text-editor.default\">\n\t\t\t\t<div class=\"elementor-widget-container\">\n\t\t\t\t\t\t\t\t\tInfolettre Dreeven\t\t\t\t\t\t\t\t<\/div>\n\t\t\t\t<\/div>\n\t\t\t\t<div class=\"elementor-element elementor-element-d460002 elementor-widget elementor-widget-heading\" data-id=\"d460002\" data-element_type=\"widget\" data-e-type=\"widget\" data-widget_type=\"heading.default\">\n\t\t\t\t<div class=\"elementor-widget-container\">\n\t\t\t\t\t<h3 class=\"elementor-heading-title elementor-size-default\"><strong>Restez \u00e0 l'aff\u00fbt des derni\u00e8res nouveaut\u00e9s<\/strong> <br class=\"mobile-hidden\">d\u00e9ploy\u00e9es dans votre plateforme:<\/h3>\t\t\t\t<\/div>\n\t\t\t\t<\/div>\n\t\t\t\t<div class=\"elementor-element elementor-element-c75ca20 elementor-widget elementor-widget-html\" data-id=\"c75ca20\" data-element_type=\"widget\" data-e-type=\"widget\" data-widget_type=\"html.default\">\n\t\t\t\t<div class=\"elementor-widget-container\">\n\t\t\t\t\t<!--Zoho Campaigns Web-Optin Form's Header Code Starts Here-->\n\n<script type=\"text\/javascript\" src=\"https:\/\/bfdi-zgph.maillist-manage.com\/js\/optin.min.js\" onload=\"setupSF('sf3z484cd0cc88c1a1cd453c410e21d7a1492a096e3fa88e707e9e19b7dbf3749326','ZCFORMVIEW',false,'light',false,'0')\"><\/script>\n<script type=\"text\/javascript\">\n\tfunction runOnFormSubmit_sf3z484cd0cc88c1a1cd453c410e21d7a1492a096e3fa88e707e9e19b7dbf3749326(th){\n\t\t\/*Before submit, if you want to trigger your event, \"include your code here\"*\/\n\t};\n<\/script>\n\n<style>.quick_form_31_css * { -webkit-box-sizing: border-box !important; -moz-box-sizing: border-box !important; box-sizing: border-box !important; overflow-wrap: break-word }@media only screen and (max-width: 600px) {.quick_form_31_css[name=\"SIGNUP_BODY\"] { width: 100% !important; min-width: 100% !important; margin: 0px auto !important; padding: 0px !important } .SIGNUP_FLD { width: 90% !important; margin: 10px 5% !important; padding: 0px !important } .SIGNUP_FLD input { margin: 0 !important } }<\/style>\n\n<!--Zoho Campaigns Web-Optin Form's Header Code Ends Here--><!--Zoho Campaigns Web-Optin Form Starts Here-->\n\n<div id=\"sf3z484cd0cc88c1a1cd453c410e21d7a1492a096e3fa88e707e9e19b7dbf3749326\" data-type=\"signupform\" style=\"opacity: 1;\">\n\t<div id=\"customForm\">\n\t\t<div class=\"quick_form_31_css\" style=\"background-color: rgb(238, 238, 238); width: 600px; z-index: 2; font-family: Arial; border-width: 1px; border-style: solid; border-color: rgb(235, 235, 235); overflow: hidden\" name=\"SIGNUP_BODY\">\n\t\t\t<div>\n\t\t\t\t<div style=\"font-size: 14px; font-family: &quot;Arial&quot;; font-weight: bold; color: rgb(138, 104, 215); text-align: left; padding: 15px 30px 5px; width: 100%; display: block\" id=\"SIGNUP_HEADING\"><\/div>\n\t\t\t\t<div style=\"position:relative;\">\n\t\t\t\t\t<div id=\"Zc_SignupSuccess\" style=\"display:none;position:absolute;margin-left:4%;width:90%;background-color: white; padding: 3px; border: 3px solid rgb(194, 225, 154);  margin-top: 10px;margin-bottom:10px;word-break:break-all\">\n\t\t\t\t\t\t<table width=\"100%\" cellpadding=\"0\" cellspacing=\"0\" border=\"0\">\n\t\t\t\t\t\t\t<tbody>\n\t\t\t\t\t\t\t\t<tr>\n\t\t\t\t\t\t\t\t\t<td width=\"10%\">\n\t\t\t\t\t\t\t\t\t\t<img decoding=\"async\" class=\"lazyload successicon\" src=\"data:image\/gif;base64,R0lGODlhAQABAAAAACH5BAEKAAEALAAAAAABAAEAAAICTAEAOw==\" data-orig-src=\"https:\/\/bfdi-zgph.maillist-manage.com\/images\/challangeiconenable.jpg\" align=\"absmiddle\">\n\t\t\t\t\t\t\t\t\t<\/td>\n\t\t\t\t\t\t\t\t\t<td>\n\t\t\t\t\t\t\t\t\t\t<span id=\"signupSuccessMsg\" style=\"color: rgb(73, 140, 132); font-family: sans-serif; font-size: 14px;word-break:break-word\">&nbsp;&nbsp;Thank you for Signing Up<\/span>\n\t\t\t\t\t\t\t\t\t<\/td>\n\t\t\t\t\t\t\t\t<\/tr>\n\t\t\t\t\t\t\t<\/tbody>\n\t\t\t\t\t\t<\/table>\n\t\t\t\t\t<\/div>\n\t\t\t\t<\/div>\n\t\t\t\t<form method=\"POST\" id=\"zcampaignOptinForm\" style=\"margin: 0px; width: 100%; padding: 0px 25px\" action=\"https:\/\/bfdi-zgph.maillist-manage.com\/weboptin.zc\" target=\"_zcSignup\">\n\t\t\t\t\t<div style=\"background-color: rgb(255, 235, 232); padding: 10px; color: rgb(210, 0, 0); font-size: 11px; margin: 20px 10px 0px; border: 1px solid rgb(255, 217, 211); opacity: 1; display: none\" id=\"errorMsgDiv\">Please correct the marked field(s) below.<\/div>\n\t\t\t\t\t<div style=\"position: relative; margin: 15px 0 30px; width: 320px; height: 36px; display: inline-block\" class=\"SIGNUP_FLD\">\n\t\t\t\t\t\t<input type=\"text\" style=\"font-size: 14px; border: 1px solid rgb(235, 235, 235); border-radius: 50px; width: 100%; height: 100%; z-index: 4; outline: none; padding: 5px 10px; color: rgb(136, 136, 136); text-align: left; font-family: Lato, Helvetica, sans-serif; background-color: rgb(255, 255, 255); box-sizing: border-box\" placeholder=\"Courriel d'entreprise\" changeitem=\"SIGNUP_FORM_FIELD\" name=\"CONTACT_EMAIL\" id=\"EMBED_FORM_EMAIL_LABEL\">\n\t\t\t\t\t<\/div>\n\t\t\t\t\t<div style=\"position: relative; width: 180px; height: 38px; margin: 0 0 0 20px; text-align: left; display: inline-block\" class=\"SIGNUP_FLD\">\n\t\t\t\t\t\t<input type=\"button\" style=\"text-align: center; width: 100%; height: 100%; z-index: 5; border: 0px; color: rgb(255, 255, 255); cursor: pointer; outline: none; font-size: 14px; background-color: #ee3d3d; border-radius: 50px\" name=\"SIGNUP_SUBMIT_BUTTON\" id=\"zcWebOptin\" value=\"Je m'inscris\">\n\t\t\t\t\t<\/div>\n\t\t\t\t\t<input type=\"hidden\" id=\"fieldBorder\" value=\"\">\n\t\t\t\t\t<input type=\"hidden\" id=\"submitType\" name=\"submitType\" value=\"optinCustomView\">\n\t\t\t\t\t<input type=\"hidden\" id=\"emailReportId\" name=\"emailReportId\" value=\"\">\n\t\t\t\t\t<input type=\"hidden\" id=\"formType\" name=\"formType\" value=\"QuickForm\">\n\t\t\t\t\t<input type=\"hidden\" name=\"zx\" id=\"cmpZuid\" value=\"12fb0f31c\">\n\t\t\t\t\t<input type=\"hidden\" name=\"zcvers\" value=\"3.0\">\n\t\t\t\t\t<input type=\"hidden\" name=\"oldListIds\" id=\"allCheckedListIds\" value=\"\">\n\t\t\t\t\t<input type=\"hidden\" id=\"mode\" name=\"mode\" value=\"OptinCreateView\">\n\t\t\t\t\t<input type=\"hidden\" id=\"zcld\" name=\"zcld\" value=\"1a0d29bb6abfe926\">\n\t\t\t\t\t<input type=\"hidden\" id=\"zctd\" name=\"zctd\" value=\"\">\n\t\t\t\t\t<input type=\"hidden\" id=\"document_domain\" value=\"\">\n\t\t\t\t\t<input type=\"hidden\" id=\"zc_Url\" value=\"bfdi-zgph.maillist-manage.com\">\n\t\t\t\t\t<input type=\"hidden\" id=\"new_optin_response_in\" value=\"2\">\n\t\t\t\t\t<input type=\"hidden\" id=\"duplicate_optin_response_in\" value=\"2\">\n\t\t\t\t\t<input type=\"hidden\" name=\"zc_trackCode\" id=\"zc_trackCode\" value=\"ZCFORMVIEW\">\n\t\t\t\t\t<input type=\"hidden\" id=\"zc_formIx\" name=\"zc_formIx\" value=\"3z484cd0cc88c1a1cd453c410e21d7a1492a096e3fa88e707e9e19b7dbf3749326\">\n\t\t\t\t\t<input type=\"hidden\" id=\"viewFrom\" value=\"URL_ACTION\">\n\t\t\t\t\t<span style=\"display: none\" id=\"dt_CONTACT_EMAIL\">1,true,6,Contact Email,2<\/span>\n\t\t\t\t<\/form>\n\t\t\t<\/div>\n\t\t<\/div>\n\t<\/div>\n\t<img class=\"lazyload\" decoding=\"async\" src=\"data:image\/gif;base64,R0lGODlhAQABAAAAACH5BAEKAAEALAAAAAABAAEAAAICTAEAOw==\" data-orig-src=\"https:\/\/bfdi-zgph.maillist-manage.com\/images\/spacer.gif\" id=\"refImage\" onload=\"referenceSetter(this)\" style=\"display:none;\">\n<\/div>\n<input type=\"hidden\" id=\"signupFormType\" value=\"QuickForm_Horizontal\">\n<div id=\"zcOptinOverLay\" oncontextmenu=\"return false\" style=\"display:none;text-align: center; background-color: rgb(0, 0, 0); opacity: 0.5; z-index: 100; position: fixed; width: 100%; top: 0px; left: 0px; height: 988px;\"><\/div>\n<div id=\"zcOptinSuccessPopup\" style=\"display:none;z-index: 9999;width: 800px; height: 40%;top: 84px;position: fixed; left: 26%;background-color: #FFFFFF;border-color: #E6E6E6; border-style: solid; border-width: 1px;  box-shadow: 0 1px 10px #424242;padding: 35px;\">\n\t<span style=\"position: absolute;top: -16px;right:-14px;z-index:99999;cursor: pointer;\" id=\"closeSuccess\">\n\t\t<img class=\"lazyload\" decoding=\"async\" src=\"data:image\/gif;base64,R0lGODlhAQABAAAAACH5BAEKAAEALAAAAAABAAEAAAICTAEAOw==\" data-orig-src=\"https:\/\/bfdi-zgph.maillist-manage.com\/images\/videoclose.png\">\n\t<\/span>\n\t<div id=\"zcOptinSuccessPanel\"><\/div>\n<\/div>\n\n<!--Zoho Campaigns Web-Optin Form Ends Here-->\t\t\t\t<\/div>\n\t\t\t\t<\/div>\n\t\t\t\t\t<\/div>\n\t\t\t\t<\/div>\n\t\t\t\t<\/div>\n\t\t","protected":false},"excerpt":{"rendered":"<p>Infolettre Dreeven Restez \u00e0 l&rsquo;aff\u00fbt des derni\u00e8res nouveaut\u00e9s d\u00e9ploy\u00e9es dans votre plateforme: &nbsp;&nbsp;Thank you for Signing Up Please correct the marked field(s) below. 1,true,6,Contact Email,2<\/p>\n","protected":false},"author":16,"featured_media":0,"parent":0,"menu_order":0,"comment_status":"closed","ping_status":"closed","template":"","meta":{"_acf_changed":false,"_monsterinsights_skip_tracking":false,"_monsterinsights_sitenote_active":false,"_monsterinsights_sitenote_note":"","_monsterinsights_sitenote_category":0,"footnotes":""},"class_list":["post-20180","page","type-page","status-publish","hentry"],"acf":[],"yoast_head":"<!-- This site is optimized with the Yoast SEO plugin v26.6 - https:\/\/yoast.com\/wordpress\/plugins\/seo\/ -->\n<title>Infolettre Dreeven B2C - Innovation et r\u00e9ussite - Dreeven<\/title>\n<meta name=\"description\" content=\"Inscrivez-vous pour rester \u00e0 l&#039;aff\u00fbt des derni\u00e8res nouveaut\u00e9s d\u00e9ploy\u00e9es dans la plateforme Dreeven en tant qu&#039;utilisateur.\" \/>\n<meta name=\"robots\" content=\"index, follow, max-snippet:-1, max-image-preview:large, max-video-preview:-1\" \/>\n<link rel=\"canonical\" href=\"https:\/\/dreeven.com\/fr\/inscription-infolettre-b2c\/\" \/>\n<meta property=\"og:locale\" content=\"fr_FR\" \/>\n<meta property=\"og:type\" content=\"article\" \/>\n<meta property=\"og:title\" content=\"Infolettre Dreeven B2C - Innovation et r\u00e9ussite - Dreeven\" \/>\n<meta property=\"og:description\" content=\"Inscrivez-vous pour rester \u00e0 l&#039;aff\u00fbt des derni\u00e8res nouveaut\u00e9s d\u00e9ploy\u00e9es dans la plateforme Dreeven en tant qu&#039;utilisateur.\" \/>\n<meta property=\"og:url\" content=\"https:\/\/dreeven.com\/fr\/inscription-infolettre-b2c\/\" \/>\n<meta property=\"og:site_name\" content=\"Dreeven\" \/>\n<meta property=\"article:modified_time\" content=\"2025-10-20T14:11:06+00:00\" \/>\n<meta property=\"og:image\" content=\"https:\/\/bfdi-zgph.maillist-manage.com\/images\/challangeiconenable.jpg\" \/>\n<meta name=\"twitter:card\" content=\"summary_large_image\" \/>\n<meta name=\"twitter:label1\" content=\"Dur\u00e9e de lecture estim\u00e9e\" \/>\n\t<meta name=\"twitter:data1\" content=\"1 minute\" \/>\n<script type=\"application\/ld+json\" class=\"yoast-schema-graph\">{\"@context\":\"https:\/\/schema.org\",\"@graph\":[{\"@type\":\"WebPage\",\"@id\":\"https:\/\/dreeven.com\/fr\/inscription-infolettre-b2c\/\",\"url\":\"https:\/\/dreeven.com\/fr\/inscription-infolettre-b2c\/\",\"name\":\"Infolettre Dreeven B2C - Innovation et r\u00e9ussite - Dreeven\",\"isPartOf\":{\"@id\":\"https:\/\/dreeven.com\/#website\"},\"primaryImageOfPage\":{\"@id\":\"https:\/\/dreeven.com\/fr\/inscription-infolettre-b2c\/#primaryimage\"},\"image\":{\"@id\":\"https:\/\/dreeven.com\/fr\/inscription-infolettre-b2c\/#primaryimage\"},\"thumbnailUrl\":\"https:\/\/bfdi-zgph.maillist-manage.com\/images\/challangeiconenable.jpg\",\"datePublished\":\"2025-10-16T15:03:47+00:00\",\"dateModified\":\"2025-10-20T14:11:06+00:00\",\"description\":\"Inscrivez-vous pour rester \u00e0 l'aff\u00fbt des derni\u00e8res nouveaut\u00e9s d\u00e9ploy\u00e9es dans la plateforme Dreeven en tant qu'utilisateur.\",\"breadcrumb\":{\"@id\":\"https:\/\/dreeven.com\/fr\/inscription-infolettre-b2c\/#breadcrumb\"},\"inLanguage\":\"fr-FR\",\"potentialAction\":[{\"@type\":\"ReadAction\",\"target\":[\"https:\/\/dreeven.com\/fr\/inscription-infolettre-b2c\/\"]}]},{\"@type\":\"ImageObject\",\"inLanguage\":\"fr-FR\",\"@id\":\"https:\/\/dreeven.com\/fr\/inscription-infolettre-b2c\/#primaryimage\",\"url\":\"https:\/\/bfdi-zgph.maillist-manage.com\/images\/challangeiconenable.jpg\",\"contentUrl\":\"https:\/\/bfdi-zgph.maillist-manage.com\/images\/challangeiconenable.jpg\"},{\"@type\":\"BreadcrumbList\",\"@id\":\"https:\/\/dreeven.com\/fr\/inscription-infolettre-b2c\/#breadcrumb\",\"itemListElement\":[{\"@type\":\"ListItem\",\"position\":1,\"name\":\"Home\",\"item\":\"https:\/\/dreeven.com\/fr\/\"},{\"@type\":\"ListItem\",\"position\":2,\"name\":\"Infolettre Dreeven B2C\"}]},{\"@type\":\"WebSite\",\"@id\":\"https:\/\/dreeven.com\/#website\",\"url\":\"https:\/\/dreeven.com\/\",\"name\":\"Dreeven\",\"description\":\"Logiciel de gestion de chantier\",\"publisher\":{\"@id\":\"https:\/\/dreeven.com\/#organization\"},\"potentialAction\":[{\"@type\":\"SearchAction\",\"target\":{\"@type\":\"EntryPoint\",\"urlTemplate\":\"https:\/\/dreeven.com\/?s={search_term_string}\"},\"query-input\":{\"@type\":\"PropertyValueSpecification\",\"valueRequired\":true,\"valueName\":\"search_term_string\"}}],\"inLanguage\":\"fr-FR\"},{\"@type\":\"Organization\",\"@id\":\"https:\/\/dreeven.com\/#organization\",\"name\":\"Dreeven Technologies inc.\",\"url\":\"https:\/\/dreeven.com\/\",\"logo\":{\"@type\":\"ImageObject\",\"inLanguage\":\"fr-FR\",\"@id\":\"https:\/\/dreeven.com\/#\/schema\/logo\/image\/\",\"url\":\"https:\/\/i1.wp.com\/dreeven.com\/wp-content\/uploads\/2019\/12\/dreeven-technologies-1.png?fit=150%2C64&ssl=1\",\"contentUrl\":\"https:\/\/i1.wp.com\/dreeven.com\/wp-content\/uploads\/2019\/12\/dreeven-technologies-1.png?fit=150%2C64&ssl=1\",\"width\":150,\"height\":64,\"caption\":\"Dreeven Technologies inc.\"},\"image\":{\"@id\":\"https:\/\/dreeven.com\/#\/schema\/logo\/image\/\"},\"sameAs\":[\"https:\/\/www.linkedin.com\/company\/dreeven\/\"]}]}<\/script>\n<!-- \/ Yoast SEO plugin. -->","yoast_head_json":{"title":"Infolettre Dreeven B2C - Innovation et r\u00e9ussite - Dreeven","description":"Inscrivez-vous pour rester \u00e0 l'aff\u00fbt des derni\u00e8res nouveaut\u00e9s d\u00e9ploy\u00e9es dans la plateforme Dreeven en tant qu'utilisateur.","robots":{"index":"index","follow":"follow","max-snippet":"max-snippet:-1","max-image-preview":"max-image-preview:large","max-video-preview":"max-video-preview:-1"},"canonical":"https:\/\/dreeven.com\/fr\/inscription-infolettre-b2c\/","og_locale":"fr_FR","og_type":"article","og_title":"Infolettre Dreeven B2C - Innovation et r\u00e9ussite - Dreeven","og_description":"Inscrivez-vous pour rester \u00e0 l'aff\u00fbt des derni\u00e8res nouveaut\u00e9s d\u00e9ploy\u00e9es dans la plateforme Dreeven en tant qu'utilisateur.","og_url":"https:\/\/dreeven.com\/fr\/inscription-infolettre-b2c\/","og_site_name":"Dreeven","article_modified_time":"2025-10-20T14:11:06+00:00","og_image":[{"url":"https:\/\/bfdi-zgph.maillist-manage.com\/images\/challangeiconenable.jpg","type":"","width":"","height":""}],"twitter_card":"summary_large_image","twitter_misc":{"Dur\u00e9e de lecture estim\u00e9e":"1 minute"},"schema":{"@context":"https:\/\/schema.org","@graph":[{"@type":"WebPage","@id":"https:\/\/dreeven.com\/fr\/inscription-infolettre-b2c\/","url":"https:\/\/dreeven.com\/fr\/inscription-infolettre-b2c\/","name":"Infolettre Dreeven B2C - Innovation et r\u00e9ussite - Dreeven","isPartOf":{"@id":"https:\/\/dreeven.com\/#website"},"primaryImageOfPage":{"@id":"https:\/\/dreeven.com\/fr\/inscription-infolettre-b2c\/#primaryimage"},"image":{"@id":"https:\/\/dreeven.com\/fr\/inscription-infolettre-b2c\/#primaryimage"},"thumbnailUrl":"https:\/\/bfdi-zgph.maillist-manage.com\/images\/challangeiconenable.jpg","datePublished":"2025-10-16T15:03:47+00:00","dateModified":"2025-10-20T14:11:06+00:00","description":"Inscrivez-vous pour rester \u00e0 l'aff\u00fbt des derni\u00e8res nouveaut\u00e9s d\u00e9ploy\u00e9es dans la plateforme Dreeven en tant qu'utilisateur.","breadcrumb":{"@id":"https:\/\/dreeven.com\/fr\/inscription-infolettre-b2c\/#breadcrumb"},"inLanguage":"fr-FR","potentialAction":[{"@type":"ReadAction","target":["https:\/\/dreeven.com\/fr\/inscription-infolettre-b2c\/"]}]},{"@type":"ImageObject","inLanguage":"fr-FR","@id":"https:\/\/dreeven.com\/fr\/inscription-infolettre-b2c\/#primaryimage","url":"https:\/\/bfdi-zgph.maillist-manage.com\/images\/challangeiconenable.jpg","contentUrl":"https:\/\/bfdi-zgph.maillist-manage.com\/images\/challangeiconenable.jpg"},{"@type":"BreadcrumbList","@id":"https:\/\/dreeven.com\/fr\/inscription-infolettre-b2c\/#breadcrumb","itemListElement":[{"@type":"ListItem","position":1,"name":"Home","item":"https:\/\/dreeven.com\/fr\/"},{"@type":"ListItem","position":2,"name":"Infolettre Dreeven B2C"}]},{"@type":"WebSite","@id":"https:\/\/dreeven.com\/#website","url":"https:\/\/dreeven.com\/","name":"Dreeven","description":"Logiciel de gestion de chantier","publisher":{"@id":"https:\/\/dreeven.com\/#organization"},"potentialAction":[{"@type":"SearchAction","target":{"@type":"EntryPoint","urlTemplate":"https:\/\/dreeven.com\/?s={search_term_string}"},"query-input":{"@type":"PropertyValueSpecification","valueRequired":true,"valueName":"search_term_string"}}],"inLanguage":"fr-FR"},{"@type":"Organization","@id":"https:\/\/dreeven.com\/#organization","name":"Dreeven Technologies inc.","url":"https:\/\/dreeven.com\/","logo":{"@type":"ImageObject","inLanguage":"fr-FR","@id":"https:\/\/dreeven.com\/#\/schema\/logo\/image\/","url":"https:\/\/i1.wp.com\/dreeven.com\/wp-content\/uploads\/2019\/12\/dreeven-technologies-1.png?fit=150%2C64&ssl=1","contentUrl":"https:\/\/i1.wp.com\/dreeven.com\/wp-content\/uploads\/2019\/12\/dreeven-technologies-1.png?fit=150%2C64&ssl=1","width":150,"height":64,"caption":"Dreeven Technologies inc."},"image":{"@id":"https:\/\/dreeven.com\/#\/schema\/logo\/image\/"},"sameAs":["https:\/\/www.linkedin.com\/company\/dreeven\/"]}]}},"jetpack_sharing_enabled":true,"_links":{"self":[{"href":"https:\/\/dreeven.com\/fr\/wp-json\/wp\/v2\/pages\/20180","targetHints":{"allow":["GET"]}}],"collection":[{"href":"https:\/\/dreeven.com\/fr\/wp-json\/wp\/v2\/pages"}],"about":[{"href":"https:\/\/dreeven.com\/fr\/wp-json\/wp\/v2\/types\/page"}],"author":[{"embeddable":true,"href":"https:\/\/dreeven.com\/fr\/wp-json\/wp\/v2\/users\/16"}],"replies":[{"embeddable":true,"href":"https:\/\/dreeven.com\/fr\/wp-json\/wp\/v2\/comments?post=20180"}],"version-history":[{"count":0,"href":"https:\/\/dreeven.com\/fr\/wp-json\/wp\/v2\/pages\/20180\/revisions"}],"wp:attachment":[{"href":"https:\/\/dreeven.com\/fr\/wp-json\/wp\/v2\/media?parent=20180"}],"curies":[{"name":"wp","href":"https:\/\/api.w.org\/{rel}","templated":true}]}}