{"id":17776,"date":"2025-05-01T15:05:50","date_gmt":"2025-05-01T20:05:50","guid":{"rendered":"https:\/\/dreeven.com\/?page_id=17776"},"modified":"2025-05-01T15:56:30","modified_gmt":"2025-05-01T20:56:30","slug":"maintenance","status":"publish","type":"page","link":"https:\/\/dreeven.com\/fr\/maintenance\/","title":{"rendered":"Maintenance en cours"},"content":{"rendered":"\t\t<div data-elementor-type=\"wp-page\" data-elementor-id=\"17776\" class=\"elementor elementor-17776\" data-elementor-post-type=\"page\">\n\t\t\t\t<div class=\"elementor-element elementor-element-abd398d e-flex e-con-boxed e-con e-parent\" data-id=\"abd398d\" data-element_type=\"container\" data-e-type=\"container\" data-settings=\"{&quot;background_background&quot;:&quot;classic&quot;}\">\n\t\t\t\t\t<div class=\"e-con-inner\">\n\t\t\t\t<div class=\"elementor-element elementor-element-86b7674 elementor-widget elementor-widget-text-editor\" data-id=\"86b7674\" data-element_type=\"widget\" data-e-type=\"widget\" data-widget_type=\"text-editor.default\">\n\t\t\t\t<div class=\"elementor-widget-container\">\n\t\t\t\t\t\t\t\t\tMaintenance en cours\t\t\t\t\t\t\t\t<\/div>\n\t\t\t\t<\/div>\n\t\t\t\t<div class=\"elementor-element elementor-element-6a864a8 elementor-widget elementor-widget-heading\" data-id=\"6a864a8\" data-element_type=\"widget\" data-e-type=\"widget\" data-widget_type=\"heading.default\">\n\t\t\t\t<div class=\"elementor-widget-container\">\n\t\t\t\t\t<h3 class=\"elementor-heading-title elementor-size-default\"><strong>Nous sommes actuellement en maintenance.<\/strong> <br>L'acc\u00e8s au logiciel est temporairement suspendu.<\/h3>\t\t\t\t<\/div>\n\t\t\t\t<\/div>\n\t\t\t\t<div class=\"elementor-element elementor-element-b6f3298 elementor-widget elementor-widget-heading\" data-id=\"b6f3298\" data-element_type=\"widget\" data-e-type=\"widget\" data-widget_type=\"heading.default\">\n\t\t\t\t<div class=\"elementor-widget-container\">\n\t\t\t\t\t<h3 class=\"elementor-heading-title elementor-size-default\">Merci de votre patience.<\/h3>\t\t\t\t<\/div>\n\t\t\t\t<\/div>\n\t\t\t\t<div class=\"elementor-element elementor-element-5e9598c elementor-widget elementor-widget-image\" data-id=\"5e9598c\" data-element_type=\"widget\" data-e-type=\"widget\" data-widget_type=\"image.default\">\n\t\t\t\t<div class=\"elementor-widget-container\">\n\t\t\t\t\t\t\t\t\t\t\t\t\t\t\t<img class=\"lazyload\" decoding=\"async\" src=\"data:image\/gif;base64,R0lGODlhAQABAAAAACH5BAEKAAEALAAAAAABAAEAAAICTAEAOw==\" data-orig-src=\"https:\/\/i0.wp.com\/dreeven.com\/wp-content\/uploads\/2025\/05\/AppMaintenance_SiteWeb_Dreeven-5.png?fit=450%2C363&#038;ssl=1\" title=\"Maintenance du logiciel en cours\" alt=\"Maintenance du logiciel en cours\" loading=\"lazy\" \/>\t\t\t\t\t\t\t\t\t\t\t\t\t\t\t<\/div>\n\t\t\t\t<\/div>\n\t\t\t\t\t<\/div>\n\t\t\t\t<\/div>\n\t\t<div class=\"elementor-element elementor-element-51cddee e-flex e-con-boxed e-con e-parent\" data-id=\"51cddee\" data-element_type=\"container\" data-e-type=\"container\" data-settings=\"{&quot;background_background&quot;:&quot;classic&quot;}\">\n\t\t\t\t\t<div class=\"e-con-inner\">\n\t\t\t\t\t<\/div>\n\t\t\t\t<\/div>\n\t\t\t\t<\/div>\n\t\t","protected":false},"excerpt":{"rendered":"","protected":false},"author":16,"featured_media":0,"parent":0,"menu_order":0,"comment_status":"closed","ping_status":"closed","template":"","meta":{"_acf_changed":false,"_monsterinsights_skip_tracking":false,"_monsterinsights_sitenote_active":false,"_monsterinsights_sitenote_note":"","_monsterinsights_sitenote_category":0,"footnotes":""},"class_list":["post-17776","page","type-page","status-publish","hentry"],"acf":[],"yoast_head":"<!-- This site is optimized with the Yoast SEO plugin v26.6 - https:\/\/yoast.com\/wordpress\/plugins\/seo\/ -->\n<title>Maintenance en cours - Dreeven<\/title>\n<meta name=\"description\" content=\"Une maintenance est en cours afin d&#039;am\u00e9liorer la stabilit\u00e9 et performance de notre logiciel: l&#039;acc\u00e8s est temporairement suspendu.\" \/>\n<meta name=\"robots\" content=\"index, follow, max-snippet:-1, max-image-preview:large, max-video-preview:-1\" \/>\n<link rel=\"canonical\" href=\"https:\/\/dreeven.com\/maintenance\/\" \/>\n<meta property=\"og:locale\" content=\"fr_FR\" \/>\n<meta property=\"og:type\" content=\"article\" \/>\n<meta property=\"og:title\" content=\"Maintenance en cours - Dreeven\" \/>\n<meta property=\"og:description\" content=\"Une maintenance est en cours afin d&#039;am\u00e9liorer la stabilit\u00e9 et performance de notre logiciel: l&#039;acc\u00e8s est temporairement suspendu.\" \/>\n<meta property=\"og:url\" content=\"https:\/\/dreeven.com\/maintenance\/\" \/>\n<meta property=\"og:site_name\" content=\"Dreeven\" \/>\n<meta property=\"article:modified_time\" content=\"2025-05-01T20:56:30+00:00\" \/>\n<meta property=\"og:image\" content=\"https:\/\/dreeven.com\/wp-content\/uploads\/elementor\/thumbs\/AppMaintenance_SiteWeb_Dreeven-5-r56olz4lbg9jwo7k6og7tsgzsegkmbkxxxr0wjobe6.png\" \/>\n<meta name=\"twitter:card\" content=\"summary_large_image\" \/>\n<meta name=\"twitter:label1\" content=\"Dur\u00e9e de lecture estim\u00e9e\" \/>\n\t<meta name=\"twitter:data1\" content=\"1 minute\" \/>\n<script type=\"application\/ld+json\" class=\"yoast-schema-graph\">{\"@context\":\"https:\/\/schema.org\",\"@graph\":[{\"@type\":\"WebPage\",\"@id\":\"https:\/\/dreeven.com\/maintenance\/\",\"url\":\"https:\/\/dreeven.com\/maintenance\/\",\"name\":\"Maintenance en cours - Dreeven\",\"isPartOf\":{\"@id\":\"https:\/\/dreeven.com\/#website\"},\"primaryImageOfPage\":{\"@id\":\"https:\/\/dreeven.com\/maintenance\/#primaryimage\"},\"image\":{\"@id\":\"https:\/\/dreeven.com\/maintenance\/#primaryimage\"},\"thumbnailUrl\":\"https:\/\/dreeven.com\/wp-content\/uploads\/elementor\/thumbs\/AppMaintenance_SiteWeb_Dreeven-5-r56olz4lbg9jwo7k6og7tsgzsegkmbkxxxr0wjobe6.png\",\"datePublished\":\"2025-05-01T20:05:50+00:00\",\"dateModified\":\"2025-05-01T20:56:30+00:00\",\"description\":\"Une maintenance est en cours afin d'am\u00e9liorer la stabilit\u00e9 et performance de notre logiciel: l'acc\u00e8s est temporairement suspendu.\",\"breadcrumb\":{\"@id\":\"https:\/\/dreeven.com\/maintenance\/#breadcrumb\"},\"inLanguage\":\"fr-FR\",\"potentialAction\":[{\"@type\":\"ReadAction\",\"target\":[\"https:\/\/dreeven.com\/maintenance\/\"]}]},{\"@type\":\"ImageObject\",\"inLanguage\":\"fr-FR\",\"@id\":\"https:\/\/dreeven.com\/maintenance\/#primaryimage\",\"url\":\"https:\/\/dreeven.com\/wp-content\/uploads\/elementor\/thumbs\/AppMaintenance_SiteWeb_Dreeven-5-r56olz4lbg9jwo7k6og7tsgzsegkmbkxxxr0wjobe6.png\",\"contentUrl\":\"https:\/\/dreeven.com\/wp-content\/uploads\/elementor\/thumbs\/AppMaintenance_SiteWeb_Dreeven-5-r56olz4lbg9jwo7k6og7tsgzsegkmbkxxxr0wjobe6.png\"},{\"@type\":\"BreadcrumbList\",\"@id\":\"https:\/\/dreeven.com\/maintenance\/#breadcrumb\",\"itemListElement\":[{\"@type\":\"ListItem\",\"position\":1,\"name\":\"Home\",\"item\":\"https:\/\/dreeven.com\/fr\/\"},{\"@type\":\"ListItem\",\"position\":2,\"name\":\"Maintenance en cours\"}]},{\"@type\":\"WebSite\",\"@id\":\"https:\/\/dreeven.com\/#website\",\"url\":\"https:\/\/dreeven.com\/\",\"name\":\"Dreeven\",\"description\":\"Logiciel de gestion de chantier\",\"publisher\":{\"@id\":\"https:\/\/dreeven.com\/#organization\"},\"potentialAction\":[{\"@type\":\"SearchAction\",\"target\":{\"@type\":\"EntryPoint\",\"urlTemplate\":\"https:\/\/dreeven.com\/?s={search_term_string}\"},\"query-input\":{\"@type\":\"PropertyValueSpecification\",\"valueRequired\":true,\"valueName\":\"search_term_string\"}}],\"inLanguage\":\"fr-FR\"},{\"@type\":\"Organization\",\"@id\":\"https:\/\/dreeven.com\/#organization\",\"name\":\"Dreeven Technologies inc.\",\"url\":\"https:\/\/dreeven.com\/\",\"logo\":{\"@type\":\"ImageObject\",\"inLanguage\":\"fr-FR\",\"@id\":\"https:\/\/dreeven.com\/#\/schema\/logo\/image\/\",\"url\":\"https:\/\/i1.wp.com\/dreeven.com\/wp-content\/uploads\/2019\/12\/dreeven-technologies-1.png?fit=150%2C64&ssl=1\",\"contentUrl\":\"https:\/\/i1.wp.com\/dreeven.com\/wp-content\/uploads\/2019\/12\/dreeven-technologies-1.png?fit=150%2C64&ssl=1\",\"width\":150,\"height\":64,\"caption\":\"Dreeven Technologies inc.\"},\"image\":{\"@id\":\"https:\/\/dreeven.com\/#\/schema\/logo\/image\/\"},\"sameAs\":[\"https:\/\/www.linkedin.com\/company\/dreeven\/\"]}]}<\/script>\n<!-- \/ Yoast SEO plugin. -->","yoast_head_json":{"title":"Maintenance en cours - Dreeven","description":"Une maintenance est en cours afin d'am\u00e9liorer la stabilit\u00e9 et performance de notre logiciel: l'acc\u00e8s est temporairement suspendu.","robots":{"index":"index","follow":"follow","max-snippet":"max-snippet:-1","max-image-preview":"max-image-preview:large","max-video-preview":"max-video-preview:-1"},"canonical":"https:\/\/dreeven.com\/maintenance\/","og_locale":"fr_FR","og_type":"article","og_title":"Maintenance en cours - Dreeven","og_description":"Une maintenance est en cours afin d'am\u00e9liorer la stabilit\u00e9 et performance de notre logiciel: l'acc\u00e8s est temporairement suspendu.","og_url":"https:\/\/dreeven.com\/maintenance\/","og_site_name":"Dreeven","article_modified_time":"2025-05-01T20:56:30+00:00","og_image":[{"url":"https:\/\/dreeven.com\/wp-content\/uploads\/elementor\/thumbs\/AppMaintenance_SiteWeb_Dreeven-5-r56olz4lbg9jwo7k6og7tsgzsegkmbkxxxr0wjobe6.png","type":"","width":"","height":""}],"twitter_card":"summary_large_image","twitter_misc":{"Dur\u00e9e de lecture estim\u00e9e":"1 minute"},"schema":{"@context":"https:\/\/schema.org","@graph":[{"@type":"WebPage","@id":"https:\/\/dreeven.com\/maintenance\/","url":"https:\/\/dreeven.com\/maintenance\/","name":"Maintenance en cours - Dreeven","isPartOf":{"@id":"https:\/\/dreeven.com\/#website"},"primaryImageOfPage":{"@id":"https:\/\/dreeven.com\/maintenance\/#primaryimage"},"image":{"@id":"https:\/\/dreeven.com\/maintenance\/#primaryimage"},"thumbnailUrl":"https:\/\/dreeven.com\/wp-content\/uploads\/elementor\/thumbs\/AppMaintenance_SiteWeb_Dreeven-5-r56olz4lbg9jwo7k6og7tsgzsegkmbkxxxr0wjobe6.png","datePublished":"2025-05-01T20:05:50+00:00","dateModified":"2025-05-01T20:56:30+00:00","description":"Une maintenance est en cours afin d'am\u00e9liorer la stabilit\u00e9 et performance de notre logiciel: l'acc\u00e8s est temporairement suspendu.","breadcrumb":{"@id":"https:\/\/dreeven.com\/maintenance\/#breadcrumb"},"inLanguage":"fr-FR","potentialAction":[{"@type":"ReadAction","target":["https:\/\/dreeven.com\/maintenance\/"]}]},{"@type":"ImageObject","inLanguage":"fr-FR","@id":"https:\/\/dreeven.com\/maintenance\/#primaryimage","url":"https:\/\/dreeven.com\/wp-content\/uploads\/elementor\/thumbs\/AppMaintenance_SiteWeb_Dreeven-5-r56olz4lbg9jwo7k6og7tsgzsegkmbkxxxr0wjobe6.png","contentUrl":"https:\/\/dreeven.com\/wp-content\/uploads\/elementor\/thumbs\/AppMaintenance_SiteWeb_Dreeven-5-r56olz4lbg9jwo7k6og7tsgzsegkmbkxxxr0wjobe6.png"},{"@type":"BreadcrumbList","@id":"https:\/\/dreeven.com\/maintenance\/#breadcrumb","itemListElement":[{"@type":"ListItem","position":1,"name":"Home","item":"https:\/\/dreeven.com\/fr\/"},{"@type":"ListItem","position":2,"name":"Maintenance en cours"}]},{"@type":"WebSite","@id":"https:\/\/dreeven.com\/#website","url":"https:\/\/dreeven.com\/","name":"Dreeven","description":"Logiciel de gestion de chantier","publisher":{"@id":"https:\/\/dreeven.com\/#organization"},"potentialAction":[{"@type":"SearchAction","target":{"@type":"EntryPoint","urlTemplate":"https:\/\/dreeven.com\/?s={search_term_string}"},"query-input":{"@type":"PropertyValueSpecification","valueRequired":true,"valueName":"search_term_string"}}],"inLanguage":"fr-FR"},{"@type":"Organization","@id":"https:\/\/dreeven.com\/#organization","name":"Dreeven Technologies inc.","url":"https:\/\/dreeven.com\/","logo":{"@type":"ImageObject","inLanguage":"fr-FR","@id":"https:\/\/dreeven.com\/#\/schema\/logo\/image\/","url":"https:\/\/i1.wp.com\/dreeven.com\/wp-content\/uploads\/2019\/12\/dreeven-technologies-1.png?fit=150%2C64&ssl=1","contentUrl":"https:\/\/i1.wp.com\/dreeven.com\/wp-content\/uploads\/2019\/12\/dreeven-technologies-1.png?fit=150%2C64&ssl=1","width":150,"height":64,"caption":"Dreeven Technologies inc."},"image":{"@id":"https:\/\/dreeven.com\/#\/schema\/logo\/image\/"},"sameAs":["https:\/\/www.linkedin.com\/company\/dreeven\/"]}]}},"jetpack_sharing_enabled":true,"_links":{"self":[{"href":"https:\/\/dreeven.com\/fr\/wp-json\/wp\/v2\/pages\/17776","targetHints":{"allow":["GET"]}}],"collection":[{"href":"https:\/\/dreeven.com\/fr\/wp-json\/wp\/v2\/pages"}],"about":[{"href":"https:\/\/dreeven.com\/fr\/wp-json\/wp\/v2\/types\/page"}],"author":[{"embeddable":true,"href":"https:\/\/dreeven.com\/fr\/wp-json\/wp\/v2\/users\/16"}],"replies":[{"embeddable":true,"href":"https:\/\/dreeven.com\/fr\/wp-json\/wp\/v2\/comments?post=17776"}],"version-history":[{"count":0,"href":"https:\/\/dreeven.com\/fr\/wp-json\/wp\/v2\/pages\/17776\/revisions"}],"wp:attachment":[{"href":"https:\/\/dreeven.com\/fr\/wp-json\/wp\/v2\/media?parent=17776"}],"curies":[{"name":"wp","href":"https:\/\/api.w.org\/{rel}","templated":true}]}}