{"id":16328,"date":"2024-09-25T14:53:39","date_gmt":"2024-09-25T19:53:39","guid":{"rendered":"https:\/\/dreeven.com\/?page_id=16328"},"modified":"2025-05-13T10:18:08","modified_gmt":"2025-05-13T15:18:08","slug":"merci","status":"publish","type":"page","link":"https:\/\/dreeven.com\/fr\/merci\/","title":{"rendered":"Merci!"},"content":{"rendered":"\t\t<div data-elementor-type=\"wp-page\" data-elementor-id=\"16328\" class=\"elementor elementor-16328 elementor-16322\" data-elementor-post-type=\"page\">\n\t\t\t\t<div class=\"elementor-element elementor-element-16fabc3 e-flex e-con-boxed e-con e-parent\" data-id=\"16fabc3\" data-element_type=\"container\" data-e-type=\"container\" data-settings=\"{&quot;background_background&quot;:&quot;classic&quot;}\">\n\t\t\t\t\t<div class=\"e-con-inner\">\n\t\t<div class=\"elementor-element elementor-element-15d2889 e-flex e-con-boxed e-con e-child\" data-id=\"15d2889\" data-element_type=\"container\" data-e-type=\"container\">\n\t\t\t\t\t<div class=\"e-con-inner\">\n\t\t<div class=\"elementor-element elementor-element-e6e7599 e-con-full e-flex e-con e-child\" data-id=\"e6e7599\" data-element_type=\"container\" data-e-type=\"container\">\n\t\t\t\t<div class=\"elementor-element elementor-element-2b660d0 elementor-hidden-tablet elementor-hidden-mobile elementor-widget elementor-widget-spacer\" data-id=\"2b660d0\" data-element_type=\"widget\" data-e-type=\"widget\" data-widget_type=\"spacer.default\">\n\t\t\t\t<div class=\"elementor-widget-container\">\n\t\t\t\t\t\t\t<div class=\"elementor-spacer\">\n\t\t\t<div class=\"elementor-spacer-inner\"><\/div>\n\t\t<\/div>\n\t\t\t\t\t\t<\/div>\n\t\t\t\t<\/div>\n\t\t\t\t<div class=\"elementor-element elementor-element-68fe6c9 elementor-widget elementor-widget-heading\" data-id=\"68fe6c9\" data-element_type=\"widget\" data-e-type=\"widget\" data-widget_type=\"heading.default\">\n\t\t\t\t<div class=\"elementor-widget-container\">\n\t\t\t\t\t<h2 class=\"elementor-heading-title elementor-size-default\">Merci d'avoir r\u00e9serv\u00e9 une d\u00e9monstration avec nous.<\/h2>\t\t\t\t<\/div>\n\t\t\t\t<\/div>\n\t\t\t\t<div class=\"elementor-element elementor-element-5b0e9ac elementor-widget elementor-widget-text-editor\" data-id=\"5b0e9ac\" data-element_type=\"widget\" data-e-type=\"widget\" data-widget_type=\"text-editor.default\">\n\t\t\t\t<div class=\"elementor-widget-container\">\n\t\t\t\t\t\t\t\t\tNous sommes impatients de vous montrer pourquoi <br class=\"mobile-hidden&quot;\" \/>nous sommes un <i>leader<\/i> en gestion de projets!\t\t\t\t\t\t\t\t<\/div>\n\t\t\t\t<\/div>\n\t\t\t\t<\/div>\n\t\t<div class=\"elementor-element elementor-element-480a08a e-flex e-con-boxed e-con e-child\" data-id=\"480a08a\" data-element_type=\"container\" data-e-type=\"container\">\n\t\t\t\t\t<div class=\"e-con-inner\">\n\t\t\t\t<div class=\"elementor-element elementor-element-68d397c elementor-widget elementor-widget-image\" data-id=\"68d397c\" data-element_type=\"widget\" data-e-type=\"widget\" data-widget_type=\"image.default\">\n\t\t\t\t<div class=\"elementor-widget-container\">\n\t\t\t\t\t\t\t\t\t\t\t\t\t\t\t<img class=\"lazyload\" decoding=\"async\" src=\"data:image\/gif;base64,R0lGODlhAQABAAAAACH5BAEKAAEALAAAAAABAAEAAAICTAEAOw==\" data-orig-src=\"https:\/\/i0.wp.com\/dreeven.com\/wp-content\/uploads\/2024\/10\/DreevenDemo-1.png?fit=300%2C252&#038;ssl=1\" title=\"Dreeven Demo\" alt=\"Dreeven Demo\" loading=\"lazy\" \/>\t\t\t\t\t\t\t\t\t\t\t\t\t\t\t<\/div>\n\t\t\t\t<\/div>\n\t\t\t\t\t<\/div>\n\t\t\t\t<\/div>\n\t\t\t\t\t<\/div>\n\t\t\t\t<\/div>\n\t\t\t\t\t<\/div>\n\t\t\t\t<\/div>\n\t\t<div class=\"elementor-element elementor-element-16f38c1 e-flex e-con-boxed e-con e-parent\" data-id=\"16f38c1\" data-element_type=\"container\" data-e-type=\"container\">\n\t\t\t\t\t<div class=\"e-con-inner\">\n\t\t<div class=\"elementor-element elementor-element-af6dde6 e-con-full e-flex e-con e-child\" data-id=\"af6dde6\" data-element_type=\"container\" data-e-type=\"container\">\n\t\t\t\t<div class=\"elementor-element elementor-element-b5642e9 elementor-widget elementor-widget-heading\" data-id=\"b5642e9\" data-element_type=\"widget\" data-e-type=\"widget\" data-widget_type=\"heading.default\">\n\t\t\t\t<div class=\"elementor-widget-container\">\n\t\t\t\t\t<h2 class=\"elementor-heading-title elementor-size-default\">V\u00e9rifiez vos courriels.<\/h2>\t\t\t\t<\/div>\n\t\t\t\t<\/div>\n\t\t\t\t<div class=\"elementor-element elementor-element-c57fb01 elementor-widget elementor-widget-text-editor\" data-id=\"c57fb01\" data-element_type=\"widget\" data-e-type=\"widget\" data-widget_type=\"text-editor.default\">\n\t\t\t\t<div class=\"elementor-widget-container\">\n\t\t\t\t\t\t\t\t\tAssurez-vous de <strong><u>remplir le formulaire<\/u> joint au courriel de confirmation<\/strong> qui suivra <br class=\"mobile-hidden\" \/>afin de maximiser l&rsquo;impact de notre rencontre avec une d\u00e9mo adapt\u00e9e \u00e0 vos besoins!\t\t\t\t\t\t\t\t<\/div>\n\t\t\t\t<\/div>\n\t\t\t\t<div class=\"elementor-element elementor-element-0d7f725 elementor-widget elementor-widget-image\" data-id=\"0d7f725\" data-element_type=\"widget\" data-e-type=\"widget\" data-widget_type=\"image.default\">\n\t\t\t\t<div class=\"elementor-widget-container\">\n\t\t\t\t\t\t\t\t\t\t\t\t\t\t\t<img fetchpriority=\"high\" decoding=\"async\" width=\"250\" height=\"234\" src=\"https:\/\/i0.wp.com\/dreeven.com\/wp-content\/uploads\/2025\/05\/CTA-Pre-DemoForm_Merci-LandingPage_Dreeven-2.png?fit=250%2C234&amp;ssl=1\" class=\"attachment-full size-full wp-image-18136 lazyload\" alt=\"V\u00e9rifiez vos courriels! Formulaire pr\u00e9-d\u00e9mo.\" srcset=\"data:image\/svg+xml,%3Csvg%20xmlns%3D%27http%3A%2F%2Fwww.w3.org%2F2000%2Fsvg%27%20width%3D%27250%27%20height%3D%27234%27%20viewBox%3D%270%200%20250%20234%27%3E%3Crect%20width%3D%27250%27%20height%3D%27234%27%20fill-opacity%3D%220%22%2F%3E%3C%2Fsvg%3E\" data-orig-src=\"https:\/\/i0.wp.com\/dreeven.com\/wp-content\/uploads\/2025\/05\/CTA-Pre-DemoForm_Merci-LandingPage_Dreeven-2.png?fit=250%2C234&amp;ssl=1\" data-srcset=\"https:\/\/i0.wp.com\/dreeven.com\/wp-content\/uploads\/2025\/05\/CTA-Pre-DemoForm_Merci-LandingPage_Dreeven-2.png?resize=200%2C187&amp;ssl=1 200w, https:\/\/i0.wp.com\/dreeven.com\/wp-content\/uploads\/2025\/05\/CTA-Pre-DemoForm_Merci-LandingPage_Dreeven-2.png?fit=250%2C234&amp;ssl=1 250w\" data-sizes=\"auto\" \/>\t\t\t\t\t\t\t\t\t\t\t\t\t\t\t<\/div>\n\t\t\t\t<\/div>\n\t\t\t\t<\/div>\n\t\t\t\t\t<\/div>\n\t\t\t\t<\/div>\n\t\t\t\t<\/div>\n\t\t","protected":false},"excerpt":{"rendered":"<p>Merci d&rsquo;avoir r\u00e9serv\u00e9 une d\u00e9monstration avec nous. Nous sommes impatients de vous montrer pourquoi nous sommes un leader en gestion de projets! V\u00e9rifiez vos courriels. Assurez-vous de remplir le formulaire joint au courriel de confirmation qui suivra afin de maximiser l&rsquo;impact de notre rencontre avec une d\u00e9mo adapt\u00e9e \u00e0 vos besoins!<\/p>\n","protected":false},"author":16,"featured_media":0,"parent":0,"menu_order":0,"comment_status":"closed","ping_status":"closed","template":"","meta":{"_acf_changed":false,"_monsterinsights_skip_tracking":false,"_monsterinsights_sitenote_active":false,"_monsterinsights_sitenote_note":"","_monsterinsights_sitenote_category":0,"footnotes":""},"class_list":["post-16328","page","type-page","status-publish","hentry"],"acf":[],"yoast_head":"<!-- This site is optimized with the Yoast SEO plugin v26.6 - https:\/\/yoast.com\/wordpress\/plugins\/seo\/ -->\n<title>Merci! - Dreeven<\/title>\n<meta name=\"robots\" content=\"index, follow, max-snippet:-1, max-image-preview:large, max-video-preview:-1\" \/>\n<link rel=\"canonical\" href=\"https:\/\/dreeven.com\/fr\/merci\/\" \/>\n<meta property=\"og:locale\" content=\"fr_FR\" \/>\n<meta property=\"og:type\" content=\"article\" \/>\n<meta property=\"og:title\" content=\"Merci! - Dreeven\" \/>\n<meta property=\"og:description\" content=\"Merci d&rsquo;avoir r\u00e9serv\u00e9 une d\u00e9monstration avec nous. Nous sommes impatients de vous montrer pourquoi nous sommes un leader en gestion de projets! V\u00e9rifiez vos courriels. Assurez-vous de remplir le formulaire joint au courriel de confirmation qui suivra afin de maximiser l&rsquo;impact de notre rencontre avec une d\u00e9mo adapt\u00e9e \u00e0 vos besoins!\" \/>\n<meta property=\"og:url\" content=\"https:\/\/dreeven.com\/fr\/merci\/\" \/>\n<meta property=\"og:site_name\" content=\"Dreeven\" \/>\n<meta property=\"article:modified_time\" content=\"2025-05-13T15:18:08+00:00\" \/>\n<meta property=\"og:image\" content=\"https:\/\/dreeven.com\/wp-content\/uploads\/elementor\/thumbs\/DreevenDemo-1-qvqq2wpkzplufb14ksmfrusxvxb7znpqwe50e1jf88.png\" \/>\n<meta name=\"twitter:card\" content=\"summary_large_image\" \/>\n<meta name=\"twitter:label1\" content=\"Dur\u00e9e de lecture estim\u00e9e\" \/>\n\t<meta name=\"twitter:data1\" content=\"1 minute\" \/>\n<script type=\"application\/ld+json\" class=\"yoast-schema-graph\">{\"@context\":\"https:\/\/schema.org\",\"@graph\":[{\"@type\":\"WebPage\",\"@id\":\"https:\/\/dreeven.com\/fr\/merci\/\",\"url\":\"https:\/\/dreeven.com\/fr\/merci\/\",\"name\":\"Merci! - Dreeven\",\"isPartOf\":{\"@id\":\"https:\/\/dreeven.com\/#website\"},\"primaryImageOfPage\":{\"@id\":\"https:\/\/dreeven.com\/fr\/merci\/#primaryimage\"},\"image\":{\"@id\":\"https:\/\/dreeven.com\/fr\/merci\/#primaryimage\"},\"thumbnailUrl\":\"https:\/\/dreeven.com\/wp-content\/uploads\/elementor\/thumbs\/DreevenDemo-1-qvqq2wpkzplufb14ksmfrusxvxb7znpqwe50e1jf88.png\",\"datePublished\":\"2024-09-25T19:53:39+00:00\",\"dateModified\":\"2025-05-13T15:18:08+00:00\",\"breadcrumb\":{\"@id\":\"https:\/\/dreeven.com\/fr\/merci\/#breadcrumb\"},\"inLanguage\":\"fr-FR\",\"potentialAction\":[{\"@type\":\"ReadAction\",\"target\":[\"https:\/\/dreeven.com\/fr\/merci\/\"]}]},{\"@type\":\"ImageObject\",\"inLanguage\":\"fr-FR\",\"@id\":\"https:\/\/dreeven.com\/fr\/merci\/#primaryimage\",\"url\":\"https:\/\/dreeven.com\/wp-content\/uploads\/elementor\/thumbs\/DreevenDemo-1-qvqq2wpkzplufb14ksmfrusxvxb7znpqwe50e1jf88.png\",\"contentUrl\":\"https:\/\/dreeven.com\/wp-content\/uploads\/elementor\/thumbs\/DreevenDemo-1-qvqq2wpkzplufb14ksmfrusxvxb7znpqwe50e1jf88.png\"},{\"@type\":\"BreadcrumbList\",\"@id\":\"https:\/\/dreeven.com\/fr\/merci\/#breadcrumb\",\"itemListElement\":[{\"@type\":\"ListItem\",\"position\":1,\"name\":\"Home\",\"item\":\"https:\/\/dreeven.com\/fr\/\"},{\"@type\":\"ListItem\",\"position\":2,\"name\":\"Merci!\"}]},{\"@type\":\"WebSite\",\"@id\":\"https:\/\/dreeven.com\/#website\",\"url\":\"https:\/\/dreeven.com\/\",\"name\":\"Dreeven\",\"description\":\"Logiciel de gestion de chantier\",\"publisher\":{\"@id\":\"https:\/\/dreeven.com\/#organization\"},\"potentialAction\":[{\"@type\":\"SearchAction\",\"target\":{\"@type\":\"EntryPoint\",\"urlTemplate\":\"https:\/\/dreeven.com\/?s={search_term_string}\"},\"query-input\":{\"@type\":\"PropertyValueSpecification\",\"valueRequired\":true,\"valueName\":\"search_term_string\"}}],\"inLanguage\":\"fr-FR\"},{\"@type\":\"Organization\",\"@id\":\"https:\/\/dreeven.com\/#organization\",\"name\":\"Dreeven Technologies inc.\",\"url\":\"https:\/\/dreeven.com\/\",\"logo\":{\"@type\":\"ImageObject\",\"inLanguage\":\"fr-FR\",\"@id\":\"https:\/\/dreeven.com\/#\/schema\/logo\/image\/\",\"url\":\"https:\/\/i1.wp.com\/dreeven.com\/wp-content\/uploads\/2019\/12\/dreeven-technologies-1.png?fit=150%2C64&ssl=1\",\"contentUrl\":\"https:\/\/i1.wp.com\/dreeven.com\/wp-content\/uploads\/2019\/12\/dreeven-technologies-1.png?fit=150%2C64&ssl=1\",\"width\":150,\"height\":64,\"caption\":\"Dreeven Technologies inc.\"},\"image\":{\"@id\":\"https:\/\/dreeven.com\/#\/schema\/logo\/image\/\"},\"sameAs\":[\"https:\/\/www.linkedin.com\/company\/dreeven\/\"]}]}<\/script>\n<!-- \/ Yoast SEO plugin. -->","yoast_head_json":{"title":"Merci! - Dreeven","robots":{"index":"index","follow":"follow","max-snippet":"max-snippet:-1","max-image-preview":"max-image-preview:large","max-video-preview":"max-video-preview:-1"},"canonical":"https:\/\/dreeven.com\/fr\/merci\/","og_locale":"fr_FR","og_type":"article","og_title":"Merci! - Dreeven","og_description":"Merci d&rsquo;avoir r\u00e9serv\u00e9 une d\u00e9monstration avec nous. Nous sommes impatients de vous montrer pourquoi nous sommes un leader en gestion de projets! V\u00e9rifiez vos courriels. Assurez-vous de remplir le formulaire joint au courriel de confirmation qui suivra afin de maximiser l&rsquo;impact de notre rencontre avec une d\u00e9mo adapt\u00e9e \u00e0 vos besoins!","og_url":"https:\/\/dreeven.com\/fr\/merci\/","og_site_name":"Dreeven","article_modified_time":"2025-05-13T15:18:08+00:00","og_image":[{"url":"https:\/\/dreeven.com\/wp-content\/uploads\/elementor\/thumbs\/DreevenDemo-1-qvqq2wpkzplufb14ksmfrusxvxb7znpqwe50e1jf88.png","type":"","width":"","height":""}],"twitter_card":"summary_large_image","twitter_misc":{"Dur\u00e9e de lecture estim\u00e9e":"1 minute"},"schema":{"@context":"https:\/\/schema.org","@graph":[{"@type":"WebPage","@id":"https:\/\/dreeven.com\/fr\/merci\/","url":"https:\/\/dreeven.com\/fr\/merci\/","name":"Merci! - Dreeven","isPartOf":{"@id":"https:\/\/dreeven.com\/#website"},"primaryImageOfPage":{"@id":"https:\/\/dreeven.com\/fr\/merci\/#primaryimage"},"image":{"@id":"https:\/\/dreeven.com\/fr\/merci\/#primaryimage"},"thumbnailUrl":"https:\/\/dreeven.com\/wp-content\/uploads\/elementor\/thumbs\/DreevenDemo-1-qvqq2wpkzplufb14ksmfrusxvxb7znpqwe50e1jf88.png","datePublished":"2024-09-25T19:53:39+00:00","dateModified":"2025-05-13T15:18:08+00:00","breadcrumb":{"@id":"https:\/\/dreeven.com\/fr\/merci\/#breadcrumb"},"inLanguage":"fr-FR","potentialAction":[{"@type":"ReadAction","target":["https:\/\/dreeven.com\/fr\/merci\/"]}]},{"@type":"ImageObject","inLanguage":"fr-FR","@id":"https:\/\/dreeven.com\/fr\/merci\/#primaryimage","url":"https:\/\/dreeven.com\/wp-content\/uploads\/elementor\/thumbs\/DreevenDemo-1-qvqq2wpkzplufb14ksmfrusxvxb7znpqwe50e1jf88.png","contentUrl":"https:\/\/dreeven.com\/wp-content\/uploads\/elementor\/thumbs\/DreevenDemo-1-qvqq2wpkzplufb14ksmfrusxvxb7znpqwe50e1jf88.png"},{"@type":"BreadcrumbList","@id":"https:\/\/dreeven.com\/fr\/merci\/#breadcrumb","itemListElement":[{"@type":"ListItem","position":1,"name":"Home","item":"https:\/\/dreeven.com\/fr\/"},{"@type":"ListItem","position":2,"name":"Merci!"}]},{"@type":"WebSite","@id":"https:\/\/dreeven.com\/#website","url":"https:\/\/dreeven.com\/","name":"Dreeven","description":"Logiciel de gestion de chantier","publisher":{"@id":"https:\/\/dreeven.com\/#organization"},"potentialAction":[{"@type":"SearchAction","target":{"@type":"EntryPoint","urlTemplate":"https:\/\/dreeven.com\/?s={search_term_string}"},"query-input":{"@type":"PropertyValueSpecification","valueRequired":true,"valueName":"search_term_string"}}],"inLanguage":"fr-FR"},{"@type":"Organization","@id":"https:\/\/dreeven.com\/#organization","name":"Dreeven Technologies inc.","url":"https:\/\/dreeven.com\/","logo":{"@type":"ImageObject","inLanguage":"fr-FR","@id":"https:\/\/dreeven.com\/#\/schema\/logo\/image\/","url":"https:\/\/i1.wp.com\/dreeven.com\/wp-content\/uploads\/2019\/12\/dreeven-technologies-1.png?fit=150%2C64&ssl=1","contentUrl":"https:\/\/i1.wp.com\/dreeven.com\/wp-content\/uploads\/2019\/12\/dreeven-technologies-1.png?fit=150%2C64&ssl=1","width":150,"height":64,"caption":"Dreeven Technologies inc."},"image":{"@id":"https:\/\/dreeven.com\/#\/schema\/logo\/image\/"},"sameAs":["https:\/\/www.linkedin.com\/company\/dreeven\/"]}]}},"jetpack_sharing_enabled":true,"_links":{"self":[{"href":"https:\/\/dreeven.com\/fr\/wp-json\/wp\/v2\/pages\/16328","targetHints":{"allow":["GET"]}}],"collection":[{"href":"https:\/\/dreeven.com\/fr\/wp-json\/wp\/v2\/pages"}],"about":[{"href":"https:\/\/dreeven.com\/fr\/wp-json\/wp\/v2\/types\/page"}],"author":[{"embeddable":true,"href":"https:\/\/dreeven.com\/fr\/wp-json\/wp\/v2\/users\/16"}],"replies":[{"embeddable":true,"href":"https:\/\/dreeven.com\/fr\/wp-json\/wp\/v2\/comments?post=16328"}],"version-history":[{"count":0,"href":"https:\/\/dreeven.com\/fr\/wp-json\/wp\/v2\/pages\/16328\/revisions"}],"wp:attachment":[{"href":"https:\/\/dreeven.com\/fr\/wp-json\/wp\/v2\/media?parent=16328"}],"curies":[{"name":"wp","href":"https:\/\/api.w.org\/{rel}","templated":true}]}}