{"id":14600,"date":"2023-10-10T11:45:27","date_gmt":"2023-10-10T16:45:27","guid":{"rendered":"https:\/\/dreeven.com\/?page_id=14600"},"modified":"2026-01-22T12:19:12","modified_gmt":"2026-01-22T17:19:12","slug":"contactez-dreeven","status":"publish","type":"page","link":"https:\/\/dreeven.com\/fr\/contactez-dreeven\/","title":{"rendered":"Contactez-nous"},"content":{"rendered":"\t\t<div data-elementor-type=\"wp-page\" data-elementor-id=\"14600\" class=\"elementor elementor-14600 elementor-14053\" data-elementor-post-type=\"page\">\n\t\t\t\t<div class=\"elementor-element elementor-element-193a134 e-con-full e-flex e-con e-parent\" data-id=\"193a134\" data-element_type=\"container\" data-e-type=\"container\" data-settings=\"{&quot;background_background&quot;:&quot;classic&quot;}\">\n\t\t\t\t<div class=\"elementor-element elementor-element-bb3c951 elementor-widget elementor-widget-image\" data-id=\"bb3c951\" data-element_type=\"widget\" data-e-type=\"widget\" data-settings=\"{&quot;motion_fx_translateY_effect&quot;:&quot;yes&quot;,&quot;motion_fx_motion_fx_scrolling&quot;:&quot;yes&quot;,&quot;motion_fx_translateY_speed&quot;:{&quot;unit&quot;:&quot;px&quot;,&quot;size&quot;:3,&quot;sizes&quot;:[]},&quot;motion_fx_translateY_affectedRange&quot;:{&quot;unit&quot;:&quot;%&quot;,&quot;size&quot;:&quot;&quot;,&quot;sizes&quot;:{&quot;start&quot;:52,&quot;end&quot;:100}},&quot;motion_fx_devices&quot;:[&quot;desktop&quot;,&quot;laptop&quot;,&quot;tablet&quot;,&quot;mobile&quot;]}\" data-widget_type=\"image.default\">\n\t\t\t\t<div class=\"elementor-widget-container\">\n\t\t\t\t\t\t\t\t\t\t\t\t\t\t\t<img class=\"lazyload\" decoding=\"async\" src=\"data:image\/gif;base64,R0lGODlhAQABAAAAACH5BAEKAAEALAAAAAABAAEAAAICTAEAOw==\" data-orig-src=\"https:\/\/i0.wp.com\/dreeven.com\/wp-content\/uploads\/2023\/10\/BureauDreeven_Automne2023-5.jpg?fit=2000%2C1023&#038;ssl=1\" title=\"BureauDreeven_Automne2023\" alt=\"Dreeven offices\" loading=\"lazy\" \/>\t\t\t\t\t\t\t\t\t\t\t\t\t\t\t<\/div>\n\t\t\t\t<\/div>\n\t\t\t\t<div class=\"elementor-element elementor-element-4772438 elementor-absolute e-transform elementor-widget elementor-widget-heading\" data-id=\"4772438\" data-element_type=\"widget\" data-e-type=\"widget\" data-settings=\"{&quot;_position&quot;:&quot;absolute&quot;,&quot;_transform_translateX_effect&quot;:{&quot;unit&quot;:&quot;%&quot;,&quot;size&quot;:-50,&quot;sizes&quot;:[]},&quot;_transform_translateX_effect_tablet&quot;:{&quot;unit&quot;:&quot;%&quot;,&quot;size&quot;:&quot;&quot;,&quot;sizes&quot;:[]},&quot;_transform_translateX_effect_mobile&quot;:{&quot;unit&quot;:&quot;%&quot;,&quot;size&quot;:&quot;&quot;,&quot;sizes&quot;:[]},&quot;_transform_translateX_effect_laptop&quot;:{&quot;unit&quot;:&quot;px&quot;,&quot;size&quot;:&quot;&quot;,&quot;sizes&quot;:[]},&quot;_transform_translateY_effect&quot;:{&quot;unit&quot;:&quot;px&quot;,&quot;size&quot;:&quot;&quot;,&quot;sizes&quot;:[]},&quot;_transform_translateY_effect_laptop&quot;:{&quot;unit&quot;:&quot;px&quot;,&quot;size&quot;:&quot;&quot;,&quot;sizes&quot;:[]},&quot;_transform_translateY_effect_tablet&quot;:{&quot;unit&quot;:&quot;px&quot;,&quot;size&quot;:&quot;&quot;,&quot;sizes&quot;:[]},&quot;_transform_translateY_effect_mobile&quot;:{&quot;unit&quot;:&quot;px&quot;,&quot;size&quot;:&quot;&quot;,&quot;sizes&quot;:[]}}\" data-widget_type=\"heading.default\">\n\t\t\t\t<div class=\"elementor-widget-container\">\n\t\t\t\t\t<h1 class=\"elementor-heading-title elementor-size-default\">Contactez l\u2019\u00e9quipe Dreeven<\/h1>\t\t\t\t<\/div>\n\t\t\t\t<\/div>\n\t\t\t\t<\/div>\n\t\t<div class=\"elementor-element elementor-element-b3db4b8 e-flex e-con-boxed e-con e-parent\" data-id=\"b3db4b8\" data-element_type=\"container\" data-e-type=\"container\" data-settings=\"{&quot;background_background&quot;:&quot;classic&quot;}\">\n\t\t\t\t\t<div class=\"e-con-inner\">\n\t\t<div class=\"elementor-element elementor-element-87b14f1 e-flex e-con-boxed e-con e-child\" data-id=\"87b14f1\" data-element_type=\"container\" data-e-type=\"container\">\n\t\t\t\t\t<div class=\"e-con-inner\">\n\t\t<div class=\"elementor-element elementor-element-e8a4541 elementor-hidden-tablet elementor-hidden-mobile e-flex e-con-boxed e-con e-child\" data-id=\"e8a4541\" data-element_type=\"container\" data-e-type=\"container\" data-settings=\"{&quot;background_background&quot;:&quot;classic&quot;}\">\n\t\t\t\t\t<div class=\"e-con-inner\">\n\t\t\t\t<div class=\"elementor-element elementor-element-25cc78d elementor-widget elementor-widget-image\" data-id=\"25cc78d\" data-element_type=\"widget\" data-e-type=\"widget\" data-widget_type=\"image.default\">\n\t\t\t\t<div class=\"elementor-widget-container\">\n\t\t\t\t\t\t\t\t\t\t\t\t\t\t\t\t<a href=\"https:\/\/maps.app.goo.gl\/owCaDozfU8zgkyzSA\" target=\"_blank\">\n\t\t\t\t\t\t\t<img fetchpriority=\"high\" decoding=\"async\" width=\"359\" height=\"531\" src=\"https:\/\/i0.wp.com\/dreeven.com\/wp-content\/uploads\/2023\/09\/Benefit-1.jpg?fit=359%2C531&amp;ssl=1\" class=\"attachment-full size-full wp-image-14094 lazyload\" alt=\"Dreeven on the map\" srcset=\"data:image\/svg+xml,%3Csvg%20xmlns%3D%27http%3A%2F%2Fwww.w3.org%2F2000%2Fsvg%27%20width%3D%27359%27%20height%3D%27531%27%20viewBox%3D%270%200%20359%20531%27%3E%3Crect%20width%3D%27359%27%20height%3D%27531%27%20fill-opacity%3D%220%22%2F%3E%3C%2Fsvg%3E\" data-orig-src=\"https:\/\/i0.wp.com\/dreeven.com\/wp-content\/uploads\/2023\/09\/Benefit-1.jpg?fit=359%2C531&amp;ssl=1\" data-srcset=\"https:\/\/i0.wp.com\/dreeven.com\/wp-content\/uploads\/2023\/09\/Benefit-1.jpg?resize=200%2C296&amp;ssl=1 200w, https:\/\/i0.wp.com\/dreeven.com\/wp-content\/uploads\/2023\/09\/Benefit-1.jpg?resize=203%2C300&amp;ssl=1 203w, https:\/\/i0.wp.com\/dreeven.com\/wp-content\/uploads\/2023\/09\/Benefit-1.jpg?fit=359%2C531&amp;ssl=1 359w\" data-sizes=\"auto\" \/>\t\t\t\t\t\t\t\t<\/a>\n\t\t\t\t\t\t\t\t\t\t\t\t\t\t\t<\/div>\n\t\t\t\t<\/div>\n\t\t\t\t\t<\/div>\n\t\t\t\t<\/div>\n\t\t<div class=\"elementor-element elementor-element-7813438 e-flex e-con-boxed e-con e-child\" data-id=\"7813438\" data-element_type=\"container\" data-e-type=\"container\" data-settings=\"{&quot;background_background&quot;:&quot;classic&quot;}\">\n\t\t\t\t\t<div class=\"e-con-inner\">\n\t\t<div class=\"elementor-element elementor-element-66e37f7 e-flex e-con-boxed e-con e-child\" data-id=\"66e37f7\" data-element_type=\"container\" data-e-type=\"container\">\n\t\t\t\t\t<div class=\"e-con-inner\">\n\t\t\t\t<div class=\"elementor-element elementor-element-b3bf55f elementor-widget elementor-widget-heading\" data-id=\"b3bf55f\" data-element_type=\"widget\" data-e-type=\"widget\" data-widget_type=\"heading.default\">\n\t\t\t\t<div class=\"elementor-widget-container\">\n\t\t\t\t\t<h3 class=\"elementor-heading-title elementor-size-default\">Joindre Dreeven:<\/h3>\t\t\t\t<\/div>\n\t\t\t\t<\/div>\n\t\t\t\t<div class=\"elementor-element elementor-element-a27e9f4 contact-link elementor-icon-list--layout-traditional elementor-list-item-link-full_width elementor-widget elementor-widget-icon-list\" data-id=\"a27e9f4\" data-element_type=\"widget\" data-e-type=\"widget\" id=\"contact-link\" data-widget_type=\"icon-list.default\">\n\t\t\t\t<div class=\"elementor-widget-container\">\n\t\t\t\t\t\t\t<ul class=\"elementor-icon-list-items\">\n\t\t\t\t\t\t\t<li class=\"elementor-icon-list-item\">\n\t\t\t\t\t\t\t\t\t\t\t<a href=\"tel:1514532-0155\" target=\"_blank\">\n\n\t\t\t\t\t\t\t\t\t\t\t\t<span class=\"elementor-icon-list-icon\">\n\t\t\t\t\t\t\t<i aria-hidden=\"true\" class=\"fas fa-phone-alt\"><\/i>\t\t\t\t\t\t<\/span>\n\t\t\t\t\t\t\t\t\t\t<span class=\"elementor-icon-list-text\"><strong>1 (514) 532-0155<\/strong><\/span>\n\t\t\t\t\t\t\t\t\t\t\t<\/a>\n\t\t\t\t\t\t\t\t\t<\/li>\n\t\t\t\t\t\t\t\t<li class=\"elementor-icon-list-item\">\n\t\t\t\t\t\t\t\t\t\t\t<a href=\"https:\/\/www.google.com\/maps\/place\/Dreeven+Technologies+inc.\/@45.5023057,-73.5038579,17z\/data=!3m1!4b1!4m6!3m5!1s0x4cc91ad4f2040001:0x5c15cf2ad5690cef!8m2!3d45.5023057!4d-73.501283!16s%2Fg%2F11gbwmm35x?entry=tts\" target=\"_blank\">\n\n\t\t\t\t\t\t\t\t\t\t\t\t<span class=\"elementor-icon-list-icon\">\n\t\t\t\t\t\t\t<i aria-hidden=\"true\" class=\"fas fa-map-marker-alt\"><\/i>\t\t\t\t\t\t<\/span>\n\t\t\t\t\t\t\t\t\t\t<span class=\"elementor-icon-list-text\"><strong>795 avenue Saint-Charles<br> Saint-Lambert (Qu\u00e9bec) J4P 2A2<\/strong><\/span>\n\t\t\t\t\t\t\t\t\t\t\t<\/a>\n\t\t\t\t\t\t\t\t\t<\/li>\n\t\t\t\t\t\t\t\t<li class=\"elementor-icon-list-item\">\n\t\t\t\t\t\t\t\t\t\t\t<span class=\"elementor-icon-list-icon\">\n\t\t\t\t\t\t\t<i aria-hidden=\"true\" class=\"fas fa-envelope\"><\/i>\t\t\t\t\t\t<\/span>\n\t\t\t\t\t\t\t\t\t\t<span class=\"elementor-icon-list-text\">Service \u00e0 la client\u00e8le: <br> <a href=\"mailto:info@dreeven.com\" class=\"contact-link\" style=\"color:#000000\"><strong>info@dreeven.com<\/strong><\/a><\/span>\n\t\t\t\t\t\t\t\t\t<\/li>\n\t\t\t\t\t\t\t\t<li class=\"elementor-icon-list-item\">\n\t\t\t\t\t\t\t\t\t\t\t<span class=\"elementor-icon-list-icon\">\n\t\t\t\t\t\t\t<i aria-hidden=\"true\" class=\"fas fa-user-cog\"><\/i>\t\t\t\t\t\t<\/span>\n\t\t\t\t\t\t\t\t\t\t<span class=\"elementor-icon-list-text\">Soutien technique: <br> <a href=\"mailto:support@dreeven.com\" class=\"contact-link\" style=\"color:#000000\"><strong>support@dreeven.com<\/strong><\/a><\/span>\n\t\t\t\t\t\t\t\t\t<\/li>\n\t\t\t\t\t\t\t\t<li class=\"elementor-icon-list-item\">\n\t\t\t\t\t\t\t\t\t\t\t<a href=\"https:\/\/support.dreeven.com\/portal\/fr-ca\/kb\/dreeven\">\n\n\t\t\t\t\t\t\t\t\t\t\t\t<span class=\"elementor-icon-list-icon\">\n\t\t\t\t\t\t\t<svg xmlns=\"http:\/\/www.w3.org\/2000\/svg\" width=\"22\" height=\"22\" viewBox=\"0 0 22 22\" fill=\"none\"><path d=\"M21.8947 9.20872C21.03 3.20204 15.4919 -0.850818 9.46547 0.152496C1.52477 1.48585 -1.71619 10.3506 2.00663 16.0603C2.16504 16.3045 2.27726 16.6478 2.26406 16.9514C2.21125 18.3243 1.68319 19.4927 0.679877 20.4498C0.521459 20.6082 0.349839 20.7666 0 21.0967C0.448851 21.1825 0.653474 21.2485 0.871298 21.2551C2.42247 21.3607 3.90764 21.0967 5.22119 20.2716C5.78885 19.9085 6.1915 20.0009 6.75916 20.2386C7.86809 20.7072 9.01662 21.2551 10.1915 21.3739C17.1619 22.0934 22.8782 16.0999 21.8881 9.21532L21.8947 9.20872ZM12.2576 17.2418C12.1784 17.4266 12.0728 17.5851 11.9341 17.7171C11.7955 17.8491 11.6371 17.9547 11.4523 18.0339C11.2675 18.1131 11.0694 18.1527 10.8582 18.1527C10.647 18.1527 10.4424 18.1131 10.2576 18.0339C10.0727 17.9547 9.90772 17.8557 9.7757 17.7171C9.64369 17.5851 9.53808 17.4266 9.45887 17.2418C9.37966 17.057 9.34005 16.859 9.34005 16.6478C9.34005 16.4365 9.37966 16.2451 9.45887 16.0603C9.53808 15.8755 9.64369 15.7105 9.7757 15.5784C9.90772 15.4464 10.0661 15.3408 10.2576 15.255C10.4424 15.1758 10.6404 15.1362 10.8582 15.1362C11.076 15.1362 11.2675 15.1758 11.4523 15.255C11.6371 15.3342 11.7955 15.4398 11.9341 15.5784C12.0728 15.7105 12.1784 15.8689 12.2576 16.0603C12.3368 16.2517 12.3764 16.4431 12.3764 16.6478C12.3764 16.8524 12.3368 17.057 12.2576 17.2418ZM14.9507 8.95129C14.8055 9.32093 14.6206 9.64437 14.4028 9.915C14.185 10.1856 13.9408 10.4233 13.6767 10.6279C13.4127 10.8259 13.1619 11.0173 12.9309 11.1955C12.6998 11.3738 12.4952 11.5454 12.3236 11.717C12.152 11.8886 12.053 12.08 12.02 12.2913L11.7889 13.75H10.0991L9.92752 12.1196C9.88791 11.8094 9.92752 11.5322 10.0595 11.2946C10.1915 11.0569 10.3632 10.8391 10.581 10.6477C10.7988 10.4497 11.043 10.2582 11.3071 10.08C11.5711 9.89519 11.8219 9.69717 12.0596 9.47935C12.2972 9.26152 12.4886 9.01729 12.647 8.74667C12.8054 8.47603 12.8847 8.1526 12.8847 7.78296C12.8847 7.53873 12.8384 7.3275 12.7526 7.13608C12.6602 6.94466 12.5348 6.77964 12.3764 6.64763C12.218 6.50901 12.0266 6.4034 11.8021 6.33079C11.5777 6.25818 11.3335 6.21858 11.076 6.21858C10.6932 6.21858 10.3764 6.25818 10.1123 6.34399C9.84831 6.4298 9.62389 6.52221 9.44567 6.62122C9.26084 6.72684 9.10903 6.81925 8.97701 6.89846C8.8516 6.98427 8.73939 7.02387 8.63377 7.02387C8.39615 7.02387 8.21793 6.92486 8.11231 6.72024L7.45884 5.69052C7.68327 5.4925 7.93409 5.30108 8.20473 5.11626C8.47536 4.93804 8.76579 4.77962 9.08262 4.6476C9.39286 4.51559 9.7361 4.40998 10.0991 4.33077C10.4688 4.25156 10.8648 4.21195 11.2873 4.21195C11.8681 4.21195 12.3962 4.29116 12.8715 4.45618C13.3467 4.6146 13.756 4.84562 14.0992 5.14266C14.4424 5.43969 14.6999 5.79613 14.8913 6.21858C15.0827 6.64103 15.1685 7.10968 15.1685 7.63114C15.1685 8.1526 15.0959 8.57505 14.9507 8.94469V8.95129Z\" fill=\"#EE3D3D\"><\/path><\/svg>\t\t\t\t\t\t<\/span>\n\t\t\t\t\t\t\t\t\t\t<span class=\"elementor-icon-list-text\"><strong>Base de connaissance<\/strong><\/span>\n\t\t\t\t\t\t\t\t\t\t\t<\/a>\n\t\t\t\t\t\t\t\t\t<\/li>\n\t\t\t\t\t\t<\/ul>\n\t\t\t\t\t\t<\/div>\n\t\t\t\t<\/div>\n\t\t\t\t\t<\/div>\n\t\t\t\t<\/div>\n\t\t\t\t\t<\/div>\n\t\t\t\t<\/div>\n\t\t<div class=\"elementor-element elementor-element-3bb773a elementor-hidden-desktop elementor-hidden-laptop e-flex e-con-boxed e-con e-child\" data-id=\"3bb773a\" data-element_type=\"container\" data-e-type=\"container\" data-settings=\"{&quot;background_background&quot;:&quot;classic&quot;}\">\n\t\t\t\t\t<div class=\"e-con-inner\">\n\t\t<div class=\"elementor-element elementor-element-cac880a e-flex e-con-boxed e-con e-child\" data-id=\"cac880a\" data-element_type=\"container\" data-e-type=\"container\">\n\t\t\t\t\t<div class=\"e-con-inner\">\n\t\t\t\t<div class=\"elementor-element elementor-element-48a7989 elementor-widget elementor-widget-text-editor\" data-id=\"48a7989\" data-element_type=\"widget\" data-e-type=\"widget\" data-widget_type=\"text-editor.default\">\n\t\t\t\t<div class=\"elementor-widget-container\">\n\t\t\t\t\t\t\t\t\tOU\t\t\t\t\t\t\t\t<\/div>\n\t\t\t\t<\/div>\n\t\t\t\t\t<\/div>\n\t\t\t\t<\/div>\n\t\t\t\t\t<\/div>\n\t\t\t\t<\/div>\n\t\t<div class=\"elementor-element elementor-element-1c1b943 e-flex e-con-boxed e-con e-child\" data-id=\"1c1b943\" data-element_type=\"container\" data-e-type=\"container\" data-settings=\"{&quot;background_background&quot;:&quot;classic&quot;}\">\n\t\t\t\t\t<div class=\"e-con-inner\">\n\t\t\t\t<div class=\"elementor-element elementor-element-c971fe0 elementor-widget elementor-widget-html\" data-id=\"c971fe0\" data-element_type=\"widget\" data-e-type=\"widget\" data-widget_type=\"html.default\">\n\t\t\t\t<div class=\"elementor-widget-container\">\n\t\t\t\t\t<iframe src=\"https:\/\/forms.zohopublic.com\/dreeven\/form\/Test3\/formperma\/L4-UXL_MMfakriyYDJAjmhPtUdOBsMTzyFIQrmWkutM\" width=\"100%\" height=\"522\"><\/iframe>\t\t\t\t<\/div>\n\t\t\t\t<\/div>\n\t\t\t\t\t<\/div>\n\t\t\t\t<\/div>\n\t\t\t\t\t<\/div>\n\t\t\t\t<\/div>\n\t\t\t\t\t<\/div>\n\t\t\t\t<\/div>\n\t\t<div class=\"elementor-element elementor-element-e11e458 e-flex e-con-boxed e-con e-parent\" data-id=\"e11e458\" data-element_type=\"container\" data-e-type=\"container\" data-settings=\"{&quot;background_background&quot;:&quot;classic&quot;}\">\n\t\t\t\t\t<div class=\"e-con-inner\">\n\t\t\t\t<div class=\"elementor-element elementor-element-80aff55 elementor-widget elementor-widget-text-editor\" data-id=\"80aff55\" data-element_type=\"widget\" data-e-type=\"widget\" data-widget_type=\"text-editor.default\">\n\t\t\t\t<div class=\"elementor-widget-container\">\n\t\t\t\t\t\t\t\t\tLe voir, c\u2019est le croire\t\t\t\t\t\t\t\t<\/div>\n\t\t\t\t<\/div>\n\t\t\t\t<div class=\"elementor-element elementor-element-dbf4cad elementor-widget elementor-widget-heading\" data-id=\"dbf4cad\" data-element_type=\"widget\" data-e-type=\"widget\" data-widget_type=\"heading.default\">\n\t\t\t\t<div class=\"elementor-widget-container\">\n\t\t\t\t\t<h2 class=\"elementor-heading-title elementor-size-default\">Faites l\u2019exp\u00e9rience d\u2019une d\u00e9montration gratuite.<\/h2>\t\t\t\t<\/div>\n\t\t\t\t<\/div>\n\t\t\t\t<div class=\"elementor-element elementor-element-0a04a06 elementor-align-center elementor-widget elementor-widget-button\" data-id=\"0a04a06\" data-element_type=\"widget\" data-e-type=\"widget\" data-widget_type=\"button.default\">\n\t\t\t\t<div class=\"elementor-widget-container\">\n\t\t\t\t\t\t\t\t\t<div class=\"elementor-button-wrapper\">\n\t\t\t\t\t<a class=\"elementor-button elementor-button-link elementor-size-lg\" href=\"https:\/\/dreeven.com\/fr\/demande-de-demo\/\">\n\t\t\t\t\t\t<span class=\"elementor-button-content-wrapper\">\n\t\t\t\t\t\t\t\t\t<span class=\"elementor-button-text\">R\u00e9server ma d\u00e9mo<\/span>\n\t\t\t\t\t<\/span>\n\t\t\t\t\t<\/a>\n\t\t\t\t<\/div>\n\t\t\t\t\t\t\t\t<\/div>\n\t\t\t\t<\/div>\n\t\t\t\t\t<\/div>\n\t\t\t\t<\/div>\n\t\t\t\t<\/div>\n\t\t","protected":false},"excerpt":{"rendered":"<p>Contactez l\u2019\u00e9quipe Dreeven Joindre Dreeven: 1 (514) 532-0155 795 avenue Saint-Charles Saint-Lambert (Qu\u00e9bec) J4P 2A2 Service \u00e0 la client\u00e8le: info@dreeven.com Soutien technique: support@dreeven.com Base de connaissance OU Le voir, c\u2019est le croire Faites l\u2019exp\u00e9rience d\u2019une d\u00e9montration gratuite. R\u00e9server ma d\u00e9mo<\/p>\n","protected":false},"author":16,"featured_media":0,"parent":0,"menu_order":0,"comment_status":"closed","ping_status":"closed","template":"","meta":{"_acf_changed":false,"_monsterinsights_skip_tracking":false,"_monsterinsights_sitenote_active":false,"_monsterinsights_sitenote_note":"","_monsterinsights_sitenote_category":0,"footnotes":""},"class_list":["post-14600","page","type-page","status-publish","hentry"],"acf":[],"yoast_head":"<!-- This site is optimized with the Yoast SEO plugin v26.6 - https:\/\/yoast.com\/wordpress\/plugins\/seo\/ -->\n<title>Contactez facilement notre \u00e9quipe pour toute demande | Dreeven<\/title>\n<meta name=\"description\" content=\"Une question ? Contactez notre \u00e9quipe pour en savoir plus ou recevoir de l\u2019aide personnalis\u00e9e sur la gestion de vos projets de construction.\" \/>\n<meta name=\"robots\" content=\"index, follow, max-snippet:-1, max-image-preview:large, max-video-preview:-1\" \/>\n<link rel=\"canonical\" href=\"https:\/\/dreeven.com\/contact-dreeven\/\" \/>\n<meta property=\"og:locale\" content=\"fr_FR\" \/>\n<meta property=\"og:type\" content=\"article\" \/>\n<meta property=\"og:title\" content=\"Contactez facilement notre \u00e9quipe pour toute demande | Dreeven\" \/>\n<meta property=\"og:description\" content=\"Une question ? Contactez notre \u00e9quipe pour en savoir plus ou recevoir de l\u2019aide personnalis\u00e9e sur la gestion de vos projets de construction.\" \/>\n<meta property=\"og:url\" content=\"https:\/\/dreeven.com\/contact-dreeven\/\" \/>\n<meta property=\"og:site_name\" content=\"Dreeven\" \/>\n<meta property=\"article:modified_time\" content=\"2026-01-22T17:19:12+00:00\" \/>\n<meta property=\"og:image\" content=\"http:\/\/dreeven.com\/wp-content\/uploads\/2023\/10\/BureauDreeven_Automne2023-5.jpg\" \/>\n<meta name=\"twitter:card\" content=\"summary_large_image\" \/>\n<meta name=\"twitter:label1\" content=\"Dur\u00e9e de lecture estim\u00e9e\" \/>\n\t<meta name=\"twitter:data1\" content=\"1 minute\" \/>\n<script type=\"application\/ld+json\" class=\"yoast-schema-graph\">{\"@context\":\"https:\/\/schema.org\",\"@graph\":[{\"@type\":\"WebPage\",\"@id\":\"https:\/\/dreeven.com\/contact-dreeven\/\",\"url\":\"https:\/\/dreeven.com\/contact-dreeven\/\",\"name\":\"Contactez facilement notre \u00e9quipe pour toute demande | Dreeven\",\"isPartOf\":{\"@id\":\"https:\/\/dreeven.com\/#website\"},\"primaryImageOfPage\":{\"@id\":\"https:\/\/dreeven.com\/contact-dreeven\/#primaryimage\"},\"image\":{\"@id\":\"https:\/\/dreeven.com\/contact-dreeven\/#primaryimage\"},\"thumbnailUrl\":\"http:\/\/dreeven.com\/wp-content\/uploads\/2023\/10\/BureauDreeven_Automne2023-5.jpg\",\"datePublished\":\"2023-10-10T16:45:27+00:00\",\"dateModified\":\"2026-01-22T17:19:12+00:00\",\"description\":\"Une question ? Contactez notre \u00e9quipe pour en savoir plus ou recevoir de l\u2019aide personnalis\u00e9e sur la gestion de vos projets de construction.\",\"breadcrumb\":{\"@id\":\"https:\/\/dreeven.com\/contact-dreeven\/#breadcrumb\"},\"inLanguage\":\"fr-FR\",\"potentialAction\":[{\"@type\":\"ReadAction\",\"target\":[\"https:\/\/dreeven.com\/contact-dreeven\/\"]}]},{\"@type\":\"ImageObject\",\"inLanguage\":\"fr-FR\",\"@id\":\"https:\/\/dreeven.com\/contact-dreeven\/#primaryimage\",\"url\":\"http:\/\/dreeven.com\/wp-content\/uploads\/2023\/10\/BureauDreeven_Automne2023-5.jpg\",\"contentUrl\":\"http:\/\/dreeven.com\/wp-content\/uploads\/2023\/10\/BureauDreeven_Automne2023-5.jpg\"},{\"@type\":\"BreadcrumbList\",\"@id\":\"https:\/\/dreeven.com\/contact-dreeven\/#breadcrumb\",\"itemListElement\":[{\"@type\":\"ListItem\",\"position\":1,\"name\":\"Home\",\"item\":\"https:\/\/dreeven.com\/fr\/\"},{\"@type\":\"ListItem\",\"position\":2,\"name\":\"Contactez-nous\"}]},{\"@type\":\"WebSite\",\"@id\":\"https:\/\/dreeven.com\/#website\",\"url\":\"https:\/\/dreeven.com\/\",\"name\":\"Dreeven\",\"description\":\"Logiciel de gestion de chantier\",\"publisher\":{\"@id\":\"https:\/\/dreeven.com\/#organization\"},\"potentialAction\":[{\"@type\":\"SearchAction\",\"target\":{\"@type\":\"EntryPoint\",\"urlTemplate\":\"https:\/\/dreeven.com\/?s={search_term_string}\"},\"query-input\":{\"@type\":\"PropertyValueSpecification\",\"valueRequired\":true,\"valueName\":\"search_term_string\"}}],\"inLanguage\":\"fr-FR\"},{\"@type\":\"Organization\",\"@id\":\"https:\/\/dreeven.com\/#organization\",\"name\":\"Dreeven Technologies inc.\",\"url\":\"https:\/\/dreeven.com\/\",\"logo\":{\"@type\":\"ImageObject\",\"inLanguage\":\"fr-FR\",\"@id\":\"https:\/\/dreeven.com\/#\/schema\/logo\/image\/\",\"url\":\"https:\/\/i1.wp.com\/dreeven.com\/wp-content\/uploads\/2019\/12\/dreeven-technologies-1.png?fit=150%2C64&ssl=1\",\"contentUrl\":\"https:\/\/i1.wp.com\/dreeven.com\/wp-content\/uploads\/2019\/12\/dreeven-technologies-1.png?fit=150%2C64&ssl=1\",\"width\":150,\"height\":64,\"caption\":\"Dreeven Technologies inc.\"},\"image\":{\"@id\":\"https:\/\/dreeven.com\/#\/schema\/logo\/image\/\"},\"sameAs\":[\"https:\/\/www.linkedin.com\/company\/dreeven\/\"]}]}<\/script>\n<!-- \/ Yoast SEO plugin. -->","yoast_head_json":{"title":"Contactez facilement notre \u00e9quipe pour toute demande | Dreeven","description":"Une question ? Contactez notre \u00e9quipe pour en savoir plus ou recevoir de l\u2019aide personnalis\u00e9e sur la gestion de vos projets de construction.","robots":{"index":"index","follow":"follow","max-snippet":"max-snippet:-1","max-image-preview":"max-image-preview:large","max-video-preview":"max-video-preview:-1"},"canonical":"https:\/\/dreeven.com\/contact-dreeven\/","og_locale":"fr_FR","og_type":"article","og_title":"Contactez facilement notre \u00e9quipe pour toute demande | Dreeven","og_description":"Une question ? Contactez notre \u00e9quipe pour en savoir plus ou recevoir de l\u2019aide personnalis\u00e9e sur la gestion de vos projets de construction.","og_url":"https:\/\/dreeven.com\/contact-dreeven\/","og_site_name":"Dreeven","article_modified_time":"2026-01-22T17:19:12+00:00","og_image":[{"url":"http:\/\/dreeven.com\/wp-content\/uploads\/2023\/10\/BureauDreeven_Automne2023-5.jpg","type":"","width":"","height":""}],"twitter_card":"summary_large_image","twitter_misc":{"Dur\u00e9e de lecture estim\u00e9e":"1 minute"},"schema":{"@context":"https:\/\/schema.org","@graph":[{"@type":"WebPage","@id":"https:\/\/dreeven.com\/contact-dreeven\/","url":"https:\/\/dreeven.com\/contact-dreeven\/","name":"Contactez facilement notre \u00e9quipe pour toute demande | Dreeven","isPartOf":{"@id":"https:\/\/dreeven.com\/#website"},"primaryImageOfPage":{"@id":"https:\/\/dreeven.com\/contact-dreeven\/#primaryimage"},"image":{"@id":"https:\/\/dreeven.com\/contact-dreeven\/#primaryimage"},"thumbnailUrl":"http:\/\/dreeven.com\/wp-content\/uploads\/2023\/10\/BureauDreeven_Automne2023-5.jpg","datePublished":"2023-10-10T16:45:27+00:00","dateModified":"2026-01-22T17:19:12+00:00","description":"Une question ? Contactez notre \u00e9quipe pour en savoir plus ou recevoir de l\u2019aide personnalis\u00e9e sur la gestion de vos projets de construction.","breadcrumb":{"@id":"https:\/\/dreeven.com\/contact-dreeven\/#breadcrumb"},"inLanguage":"fr-FR","potentialAction":[{"@type":"ReadAction","target":["https:\/\/dreeven.com\/contact-dreeven\/"]}]},{"@type":"ImageObject","inLanguage":"fr-FR","@id":"https:\/\/dreeven.com\/contact-dreeven\/#primaryimage","url":"http:\/\/dreeven.com\/wp-content\/uploads\/2023\/10\/BureauDreeven_Automne2023-5.jpg","contentUrl":"http:\/\/dreeven.com\/wp-content\/uploads\/2023\/10\/BureauDreeven_Automne2023-5.jpg"},{"@type":"BreadcrumbList","@id":"https:\/\/dreeven.com\/contact-dreeven\/#breadcrumb","itemListElement":[{"@type":"ListItem","position":1,"name":"Home","item":"https:\/\/dreeven.com\/fr\/"},{"@type":"ListItem","position":2,"name":"Contactez-nous"}]},{"@type":"WebSite","@id":"https:\/\/dreeven.com\/#website","url":"https:\/\/dreeven.com\/","name":"Dreeven","description":"Logiciel de gestion de chantier","publisher":{"@id":"https:\/\/dreeven.com\/#organization"},"potentialAction":[{"@type":"SearchAction","target":{"@type":"EntryPoint","urlTemplate":"https:\/\/dreeven.com\/?s={search_term_string}"},"query-input":{"@type":"PropertyValueSpecification","valueRequired":true,"valueName":"search_term_string"}}],"inLanguage":"fr-FR"},{"@type":"Organization","@id":"https:\/\/dreeven.com\/#organization","name":"Dreeven Technologies inc.","url":"https:\/\/dreeven.com\/","logo":{"@type":"ImageObject","inLanguage":"fr-FR","@id":"https:\/\/dreeven.com\/#\/schema\/logo\/image\/","url":"https:\/\/i1.wp.com\/dreeven.com\/wp-content\/uploads\/2019\/12\/dreeven-technologies-1.png?fit=150%2C64&ssl=1","contentUrl":"https:\/\/i1.wp.com\/dreeven.com\/wp-content\/uploads\/2019\/12\/dreeven-technologies-1.png?fit=150%2C64&ssl=1","width":150,"height":64,"caption":"Dreeven Technologies inc."},"image":{"@id":"https:\/\/dreeven.com\/#\/schema\/logo\/image\/"},"sameAs":["https:\/\/www.linkedin.com\/company\/dreeven\/"]}]}},"jetpack_sharing_enabled":true,"_links":{"self":[{"href":"https:\/\/dreeven.com\/fr\/wp-json\/wp\/v2\/pages\/14600","targetHints":{"allow":["GET"]}}],"collection":[{"href":"https:\/\/dreeven.com\/fr\/wp-json\/wp\/v2\/pages"}],"about":[{"href":"https:\/\/dreeven.com\/fr\/wp-json\/wp\/v2\/types\/page"}],"author":[{"embeddable":true,"href":"https:\/\/dreeven.com\/fr\/wp-json\/wp\/v2\/users\/16"}],"replies":[{"embeddable":true,"href":"https:\/\/dreeven.com\/fr\/wp-json\/wp\/v2\/comments?post=14600"}],"version-history":[{"count":0,"href":"https:\/\/dreeven.com\/fr\/wp-json\/wp\/v2\/pages\/14600\/revisions"}],"wp:attachment":[{"href":"https:\/\/dreeven.com\/fr\/wp-json\/wp\/v2\/media?parent=14600"}],"curies":[{"name":"wp","href":"https:\/\/api.w.org\/{rel}","templated":true}]}}