{"id":13645,"date":"2023-09-19T10:54:33","date_gmt":"2023-09-19T15:54:33","guid":{"rendered":"https:\/\/dreeven.com\/?page_id=13645"},"modified":"2026-01-22T11:46:02","modified_gmt":"2026-01-22T16:46:02","slug":"membres-cegq","status":"publish","type":"page","link":"https:\/\/dreeven.com\/fr\/membres-cegq\/","title":{"rendered":"Services CEGQ"},"content":{"rendered":"\t\t<div data-elementor-type=\"wp-page\" data-elementor-id=\"13645\" class=\"elementor elementor-13645 elementor-13138\" data-elementor-post-type=\"page\">\n\t\t\t\t<div class=\"elementor-element elementor-element-41082a8 e-flex e-con-boxed e-con e-parent\" data-id=\"41082a8\" data-element_type=\"container\" data-e-type=\"container\" data-settings=\"{&quot;background_background&quot;:&quot;classic&quot;}\">\n\t\t\t\t\t<div class=\"e-con-inner\">\n\t\t\t\t<div class=\"elementor-element elementor-element-0fc83ea elementor-widget elementor-widget-image\" data-id=\"0fc83ea\" data-element_type=\"widget\" data-e-type=\"widget\" data-widget_type=\"image.default\">\n\t\t\t\t<div class=\"elementor-widget-container\">\n\t\t\t\t\t\t\t\t\t\t\t\t\t\t\t\t<a href=\"https:\/\/www.cegq.com\/fr\/applications\" target=\"_blank\">\n\t\t\t\t\t\t\t<img decoding=\"async\" width=\"289\" height=\"86\" src=\"https:\/\/i0.wp.com\/dreeven.com\/wp-content\/uploads\/2023\/09\/logo-cegq-blanc-1.png?fit=289%2C86&amp;ssl=1\" class=\"attachment-full size-full wp-image-13166 lazyload\" alt=\"cegq\" srcset=\"data:image\/svg+xml,%3Csvg%20xmlns%3D%27http%3A%2F%2Fwww.w3.org%2F2000%2Fsvg%27%20width%3D%27289%27%20height%3D%2786%27%20viewBox%3D%270%200%20289%2086%27%3E%3Crect%20width%3D%27289%27%20height%3D%2786%27%20fill-opacity%3D%220%22%2F%3E%3C%2Fsvg%3E\" data-orig-src=\"https:\/\/i0.wp.com\/dreeven.com\/wp-content\/uploads\/2023\/09\/logo-cegq-blanc-1.png?fit=289%2C86&amp;ssl=1\" data-srcset=\"https:\/\/i0.wp.com\/dreeven.com\/wp-content\/uploads\/2023\/09\/logo-cegq-blanc-1.png?resize=200%2C60&amp;ssl=1 200w, https:\/\/i0.wp.com\/dreeven.com\/wp-content\/uploads\/2023\/09\/logo-cegq-blanc-1.png?fit=289%2C86&amp;ssl=1 289w\" data-sizes=\"auto\" \/>\t\t\t\t\t\t\t\t<\/a>\n\t\t\t\t\t\t\t\t\t\t\t\t\t\t\t<\/div>\n\t\t\t\t<\/div>\n\t\t\t\t\t<\/div>\n\t\t\t\t<\/div>\n\t\t<div class=\"elementor-element elementor-element-fe6f50e e-flex e-con-boxed e-con e-parent\" data-id=\"fe6f50e\" data-element_type=\"container\" data-e-type=\"container\">\n\t\t\t\t\t<div class=\"e-con-inner\">\n\t\t\t\t\t<\/div>\n\t\t\t\t<\/div>\n\t\t<div class=\"elementor-element elementor-element-721c29f e-flex e-con-boxed e-con e-parent\" data-id=\"721c29f\" data-element_type=\"container\" data-e-type=\"container\" data-settings=\"{&quot;background_background&quot;:&quot;classic&quot;}\">\n\t\t\t\t\t<div class=\"e-con-inner\">\n\t\t\t\t<div class=\"elementor-element elementor-element-c0befb9 elementor-widget elementor-widget-heading\" data-id=\"c0befb9\" data-element_type=\"widget\" data-e-type=\"widget\" data-widget_type=\"heading.default\">\n\t\t\t\t<div class=\"elementor-widget-container\">\n\t\t\t\t\t<h1 class=\"elementor-heading-title elementor-size-default\">Plus solide, plus visible <br class=\"mobile-visible\" \/>et surtout plus utile pour <br class=\"mobile-visible\" \/>les entrepreneurs g\u00e9n\u00e9raux<\/h1>\t\t\t\t<\/div>\n\t\t\t\t<\/div>\n\t\t\t\t<div class=\"elementor-element elementor-element-519be56 elementor-widget elementor-widget-text-editor\" data-id=\"519be56\" data-element_type=\"widget\" data-e-type=\"widget\" data-widget_type=\"text-editor.default\">\n\t\t\t\t<div class=\"elementor-widget-container\">\n\t\t\t\t\t\t\t\t\tDepuis maintenant 25 ans, la CEGQ d\u00e9fend les int\u00e9r\u00eats des entrepreneurs g\u00e9n\u00e9raux et de l\u2019industrie de la construction par sa contribution au d\u00e9veloppement du Qu\u00e9bec, notamment aux niveaux \u00e9conomique et durable. Elle soutient de mani\u00e8re proactive les entrepreneurs g\u00e9n\u00e9raux dans la r\u00e9alisation d\u2019ouvrages de qualit\u00e9s et d\u2019am\u00e9lioration de leur performance et leur productivit\u00e9.\t\t\t\t\t\t\t\t<\/div>\n\t\t\t\t<\/div>\n\t\t\t\t\t<\/div>\n\t\t\t\t<\/div>\n\t\t<div class=\"elementor-element elementor-element-0f98b71 e-con-full e-flex e-con e-parent\" data-id=\"0f98b71\" data-element_type=\"container\" data-e-type=\"container\" data-settings=\"{&quot;background_background&quot;:&quot;classic&quot;}\">\n\t\t<div class=\"elementor-element elementor-element-f3c32c3 e-flex e-con-boxed e-con e-child\" data-id=\"f3c32c3\" data-element_type=\"container\" data-e-type=\"container\">\n\t\t\t\t\t<div class=\"e-con-inner\">\n\t\t<div class=\"elementor-element elementor-element-83cbd24 e-flex e-con-boxed e-con e-child\" data-id=\"83cbd24\" data-element_type=\"container\" data-e-type=\"container\">\n\t\t\t\t\t<div class=\"e-con-inner\">\n\t\t\t\t<div class=\"elementor-element elementor-element-d5ef2d5 elementor-widget elementor-widget-text-editor\" data-id=\"d5ef2d5\" data-element_type=\"widget\" data-e-type=\"widget\" data-widget_type=\"text-editor.default\">\n\t\t\t\t<div class=\"elementor-widget-container\">\n\t\t\t\t\t\t\t\t\tRapports journaliers CEGQ\t\t\t\t\t\t\t\t<\/div>\n\t\t\t\t<\/div>\n\t\t\t\t<div class=\"elementor-element elementor-element-198ab2f elementor-widget elementor-widget-heading\" data-id=\"198ab2f\" data-element_type=\"widget\" data-e-type=\"widget\" data-widget_type=\"heading.default\">\n\t\t\t\t<div class=\"elementor-widget-container\">\n\t\t\t\t\t<h2 class=\"elementor-heading-title elementor-size-default\">Tous les membres <br class=\"mobile-visible\" \/>de la CEGQ ont acc\u00e8s <br class=\"mobile-hidden\" \/>gratuitement aux <br class=\"mobile-visible\" \/>Rapports journaliers<\/h2>\t\t\t\t<\/div>\n\t\t\t\t<\/div>\n\t\t\t\t<div class=\"elementor-element elementor-element-8726593 elementor-widget elementor-widget-text-editor\" data-id=\"8726593\" data-element_type=\"widget\" data-e-type=\"widget\" data-widget_type=\"text-editor.default\">\n\t\t\t\t<div class=\"elementor-widget-container\">\n\t\t\t\t\t\t\t\t\tFi\u00e8re partenaire technologique de la CEGQ, Dreeven propulse une <strong>version all\u00e9g\u00e9e<\/strong> de ses Rapports journaliers offerte <strong>gratuitement<\/strong> aux membres de la Corporation.\t\t\t\t\t\t\t\t<\/div>\n\t\t\t\t<\/div>\n\t\t\t\t\t<\/div>\n\t\t\t\t<\/div>\n\t\t<div class=\"elementor-element elementor-element-7fb2721 e-flex e-con-boxed e-con e-child\" data-id=\"7fb2721\" data-element_type=\"container\" data-e-type=\"container\">\n\t\t\t\t\t<div class=\"e-con-inner\">\n\t\t\t\t<div class=\"elementor-element elementor-element-ba6a81a elementor-widget elementor-widget-image\" data-id=\"ba6a81a\" data-element_type=\"widget\" data-e-type=\"widget\" data-widget_type=\"image.default\">\n\t\t\t\t<div class=\"elementor-widget-container\">\n\t\t\t\t\t\t\t\t\t\t\t\t\t\t\t<img fetchpriority=\"high\" decoding=\"async\" width=\"473\" height=\"259\" src=\"https:\/\/i0.wp.com\/dreeven.com\/wp-content\/uploads\/2023\/09\/ApercuRapportsCEGQ-1.png?fit=473%2C259&amp;ssl=1\" class=\"attachment-full size-full wp-image-13142 lazyload\" alt=\"Rapports journaliers CEGQ\" srcset=\"data:image\/svg+xml,%3Csvg%20xmlns%3D%27http%3A%2F%2Fwww.w3.org%2F2000%2Fsvg%27%20width%3D%27473%27%20height%3D%27259%27%20viewBox%3D%270%200%20473%20259%27%3E%3Crect%20width%3D%27473%27%20height%3D%27259%27%20fill-opacity%3D%220%22%2F%3E%3C%2Fsvg%3E\" data-orig-src=\"https:\/\/i0.wp.com\/dreeven.com\/wp-content\/uploads\/2023\/09\/ApercuRapportsCEGQ-1.png?fit=473%2C259&amp;ssl=1\" data-srcset=\"https:\/\/i0.wp.com\/dreeven.com\/wp-content\/uploads\/2023\/09\/ApercuRapportsCEGQ-1.png?resize=200%2C110&amp;ssl=1 200w, https:\/\/i0.wp.com\/dreeven.com\/wp-content\/uploads\/2023\/09\/ApercuRapportsCEGQ-1.png?resize=300%2C164&amp;ssl=1 300w, https:\/\/i0.wp.com\/dreeven.com\/wp-content\/uploads\/2023\/09\/ApercuRapportsCEGQ-1.png?resize=400%2C219&amp;ssl=1 400w, https:\/\/i0.wp.com\/dreeven.com\/wp-content\/uploads\/2023\/09\/ApercuRapportsCEGQ-1.png?fit=473%2C259&amp;ssl=1 473w\" data-sizes=\"auto\" \/>\t\t\t\t\t\t\t\t\t\t\t\t\t\t\t<\/div>\n\t\t\t\t<\/div>\n\t\t\t\t\t<\/div>\n\t\t\t\t<\/div>\n\t\t\t\t\t<\/div>\n\t\t\t\t<\/div>\n\t\t<div class=\"elementor-element elementor-element-111050c e-flex e-con-boxed e-con e-child\" data-id=\"111050c\" data-element_type=\"container\" data-e-type=\"container\">\n\t\t\t\t\t<div class=\"e-con-inner\">\n\t\t\t\t<div class=\"elementor-element elementor-element-f00e86b elementor-widget elementor-widget-text-editor\" data-id=\"f00e86b\" data-element_type=\"widget\" data-e-type=\"widget\" data-widget_type=\"text-editor.default\">\n\t\t\t\t<div class=\"elementor-widget-container\">\n\t\t\t\t\t\t\t\t\t<p>Depuis n\u2019importe quel appareil mobile, connectez le bureau au terrain en suivant la progression des activit\u00e9s en temps r\u00e9el.<\/p>\n<p>La licence compl\u00e8te de Dreeven offre de nombreuses fonctionnalit\u00e9s plus avanc\u00e9es: profitez d\u2019un <strong>tarif pr\u00e9f\u00e9rentiel <\/strong>qui vous est offert en tant que membre de la CEGQ!<\/p>\t\t\t\t\t\t\t\t<\/div>\n\t\t\t\t<\/div>\n\t\t\t\t\t<\/div>\n\t\t\t\t<\/div>\n\t\t<div class=\"elementor-element elementor-element-9bdae69 e-flex e-con-boxed e-con e-child\" data-id=\"9bdae69\" data-element_type=\"container\" data-e-type=\"container\">\n\t\t\t\t\t<div class=\"e-con-inner\">\n\t\t\t\t<div class=\"elementor-element elementor-element-111dfc5 elementor-widget elementor-widget-button\" data-id=\"111dfc5\" data-element_type=\"widget\" data-e-type=\"widget\" data-widget_type=\"button.default\">\n\t\t\t\t<div class=\"elementor-widget-container\">\n\t\t\t\t\t\t\t\t\t<div class=\"elementor-button-wrapper\">\n\t\t\t\t\t<a class=\"elementor-button elementor-button-link elementor-size-md\" href=\"mailto:info@cegq.com\">\n\t\t\t\t\t\t<span class=\"elementor-button-content-wrapper\">\n\t\t\t\t\t\t\t\t\t<span class=\"elementor-button-text\">info@cegq.com<\/span>\n\t\t\t\t\t<\/span>\n\t\t\t\t\t<\/a>\n\t\t\t\t<\/div>\n\t\t\t\t\t\t\t\t<\/div>\n\t\t\t\t<\/div>\n\t\t\t\t<div class=\"elementor-element elementor-element-10ca430 elementor-widget elementor-widget-button\" data-id=\"10ca430\" data-element_type=\"widget\" data-e-type=\"widget\" data-widget_type=\"button.default\">\n\t\t\t\t<div class=\"elementor-widget-container\">\n\t\t\t\t\t\t\t\t\t<div class=\"elementor-button-wrapper\">\n\t\t\t\t\t<a class=\"elementor-button elementor-button-link elementor-size-md\" href=\"https:\/\/cdn.ca.yapla.com\/company\/CPYTPVeEVFqerTnwsT5fOchU\/asset\/files\/Comparaison%20des%20fonctionnalite%CC%81s%20RJ.pdf\">\n\t\t\t\t\t\t<span class=\"elementor-button-content-wrapper\">\n\t\t\t\t\t\t\t\t\t<span class=\"elementor-button-text\"><strong>Tableau de comparaison<\/strong> CEGQ vs Dreeven<\/span>\n\t\t\t\t\t<\/span>\n\t\t\t\t\t<\/a>\n\t\t\t\t<\/div>\n\t\t\t\t\t\t\t\t<\/div>\n\t\t\t\t<\/div>\n\t\t\t\t\t<\/div>\n\t\t\t\t<\/div>\n\t\t\t\t<\/div>\n\t\t<div class=\"elementor-element elementor-element-9828e9b e-con-full e-flex e-con e-parent\" data-id=\"9828e9b\" data-element_type=\"container\" data-e-type=\"container\" data-settings=\"{&quot;background_background&quot;:&quot;classic&quot;}\">\n\t\t<div class=\"elementor-element elementor-element-291d61e e-flex e-con-boxed e-con e-child\" data-id=\"291d61e\" data-element_type=\"container\" data-e-type=\"container\">\n\t\t\t\t\t<div class=\"e-con-inner\">\n\t\t<div class=\"elementor-element elementor-element-72cfd46 e-flex e-con-boxed e-con e-child\" data-id=\"72cfd46\" data-element_type=\"container\" data-e-type=\"container\">\n\t\t\t\t\t<div class=\"e-con-inner\">\n\t\t\t\t<div class=\"elementor-element elementor-element-94019e3 elementor-widget elementor-widget-image\" data-id=\"94019e3\" data-element_type=\"widget\" data-e-type=\"widget\" data-widget_type=\"image.default\">\n\t\t\t\t<div class=\"elementor-widget-container\">\n\t\t\t\t\t\t\t\t\t\t\t\t\t\t\t<img decoding=\"async\" width=\"452\" height=\"280\" src=\"https:\/\/i0.wp.com\/dreeven.com\/wp-content\/uploads\/2023\/09\/CEGQ_ODC_plus-1.png?fit=452%2C280&amp;ssl=1\" class=\"attachment-full size-full wp-image-13159 lazyload\" alt=\"\" srcset=\"data:image\/svg+xml,%3Csvg%20xmlns%3D%27http%3A%2F%2Fwww.w3.org%2F2000%2Fsvg%27%20width%3D%27452%27%20height%3D%27280%27%20viewBox%3D%270%200%20452%20280%27%3E%3Crect%20width%3D%27452%27%20height%3D%27280%27%20fill-opacity%3D%220%22%2F%3E%3C%2Fsvg%3E\" data-orig-src=\"https:\/\/i0.wp.com\/dreeven.com\/wp-content\/uploads\/2023\/09\/CEGQ_ODC_plus-1.png?fit=452%2C280&amp;ssl=1\" data-srcset=\"https:\/\/i0.wp.com\/dreeven.com\/wp-content\/uploads\/2023\/09\/CEGQ_ODC_plus-1.png?resize=200%2C124&amp;ssl=1 200w, https:\/\/i0.wp.com\/dreeven.com\/wp-content\/uploads\/2023\/09\/CEGQ_ODC_plus-1.png?resize=300%2C186&amp;ssl=1 300w, https:\/\/i0.wp.com\/dreeven.com\/wp-content\/uploads\/2023\/09\/CEGQ_ODC_plus-1.png?resize=400%2C248&amp;ssl=1 400w, https:\/\/i0.wp.com\/dreeven.com\/wp-content\/uploads\/2023\/09\/CEGQ_ODC_plus-1.png?fit=452%2C280&amp;ssl=1 452w\" data-sizes=\"auto\" \/>\t\t\t\t\t\t\t\t\t\t\t\t\t\t\t<\/div>\n\t\t\t\t<\/div>\n\t\t\t\t\t<\/div>\n\t\t\t\t<\/div>\n\t\t<div class=\"elementor-element elementor-element-60a5d11 e-flex e-con-boxed e-con e-child\" data-id=\"60a5d11\" data-element_type=\"container\" data-e-type=\"container\">\n\t\t\t\t\t<div class=\"e-con-inner\">\n\t\t\t\t<div class=\"elementor-element elementor-element-8357e77 elementor-widget elementor-widget-text-editor\" data-id=\"8357e77\" data-element_type=\"widget\" data-e-type=\"widget\" data-widget_type=\"text-editor.default\">\n\t\t\t\t<div class=\"elementor-widget-container\">\n\t\t\t\t\t\t\t\t\tL\u2019assistant ODC+\t\t\t\t\t\t\t\t<\/div>\n\t\t\t\t<\/div>\n\t\t\t\t<div class=\"elementor-element elementor-element-9a94415 elementor-widget elementor-widget-heading\" data-id=\"9a94415\" data-element_type=\"widget\" data-e-type=\"widget\" data-widget_type=\"heading.default\">\n\t\t\t\t<div class=\"elementor-widget-container\">\n\t\t\t\t\t<h2 class=\"elementor-heading-title elementor-size-default\">L\u2019outil num\u00e9rique pour structurer\u2028<br class=\"mobile-hidden\" \/>les demandes <br class=\"mobile-visible\" \/>de changements<\/h2>\t\t\t\t<\/div>\n\t\t\t\t<\/div>\n\t\t\t\t<div class=\"elementor-element elementor-element-5e495f0 elementor-widget elementor-widget-text-editor\" data-id=\"5e495f0\" data-element_type=\"widget\" data-e-type=\"widget\" data-widget_type=\"text-editor.default\">\n\t\t\t\t<div class=\"elementor-widget-container\">\n\t\t\t\t\t\t\t\t\tCalculez vos ordres de changements avec ODC+ <strong>gratuitement<\/strong> en tant que membre de la CEGQ! Dreeven propulse cet assistant <strong>facile et complet<\/strong> pour g\u00e9rer les changements sur les chantiers et planifier avec pr\u00e9cisions les frais qui s\u2019y rattachent.\t\t\t\t\t\t\t\t<\/div>\n\t\t\t\t<\/div>\n\t\t\t\t\t<\/div>\n\t\t\t\t<\/div>\n\t\t\t\t\t<\/div>\n\t\t\t\t<\/div>\n\t\t<div class=\"elementor-element elementor-element-3c46f2b e-flex e-con-boxed e-con e-child\" data-id=\"3c46f2b\" data-element_type=\"container\" data-e-type=\"container\">\n\t\t\t\t\t<div class=\"e-con-inner\">\n\t\t\t\t<div class=\"elementor-element elementor-element-8ac4fc4 elementor-widget elementor-widget-text-editor\" data-id=\"8ac4fc4\" data-element_type=\"widget\" data-e-type=\"widget\" data-widget_type=\"text-editor.default\">\n\t\t\t\t<div class=\"elementor-widget-container\">\n\t\t\t\t\t\t\t\t\tBas\u00e9 sur les lois, les taux et les pratiques du Qu\u00e9bec, ODC+ permet de simplifier le processus des demandes de changements, conserver un historique des demandes produites par projet, acc\u00e9der rapidement \u00e0 l\u2019information, et faciliter les demandes de r\u00e9clamations.\t\t\t\t\t\t\t\t<\/div>\n\t\t\t\t<\/div>\n\t\t\t\t\t<\/div>\n\t\t\t\t<\/div>\n\t\t<div class=\"elementor-element elementor-element-e549850 e-flex e-con-boxed e-con e-child\" data-id=\"e549850\" data-element_type=\"container\" data-e-type=\"container\">\n\t\t\t\t\t<div class=\"e-con-inner\">\n\t\t\t\t<div class=\"elementor-element elementor-element-0d91062 elementor-widget elementor-widget-button\" data-id=\"0d91062\" data-element_type=\"widget\" data-e-type=\"widget\" data-widget_type=\"button.default\">\n\t\t\t\t<div class=\"elementor-widget-container\">\n\t\t\t\t\t\t\t\t\t<div class=\"elementor-button-wrapper\">\n\t\t\t\t\t<a class=\"elementor-button elementor-button-link elementor-size-md\" href=\"tel:5143258454\">\n\t\t\t\t\t\t<span class=\"elementor-button-content-wrapper\">\n\t\t\t\t\t\t\t\t\t<span class=\"elementor-button-text\"><strong>(514) 325-8454<\/strong> pour obtenir votre code d\u2019acc\u00e8s CEGQ<\/span>\n\t\t\t\t\t<\/span>\n\t\t\t\t\t<\/a>\n\t\t\t\t<\/div>\n\t\t\t\t\t\t\t\t<\/div>\n\t\t\t\t<\/div>\n\t\t\t\t<div class=\"elementor-element elementor-element-70cb66c elementor-widget elementor-widget-button\" data-id=\"70cb66c\" data-element_type=\"widget\" data-e-type=\"widget\" data-widget_type=\"button.default\">\n\t\t\t\t<div class=\"elementor-widget-container\">\n\t\t\t\t\t\t\t\t\t<div class=\"elementor-button-wrapper\">\n\t\t\t\t\t<a class=\"elementor-button elementor-button-link elementor-size-md\" href=\"mailto:info@cegq.com\">\n\t\t\t\t\t\t<span class=\"elementor-button-content-wrapper\">\n\t\t\t\t\t\t\t\t\t<span class=\"elementor-button-text\">info@cegq.com<\/span>\n\t\t\t\t\t<\/span>\n\t\t\t\t\t<\/a>\n\t\t\t\t<\/div>\n\t\t\t\t\t\t\t\t<\/div>\n\t\t\t\t<\/div>\n\t\t\t\t\t<\/div>\n\t\t\t\t<\/div>\n\t\t\t\t<\/div>\n\t\t\t\t<\/div>\n\t\t","protected":false},"excerpt":{"rendered":"<p>Plus solide, plus visible et surtout plus utile pour les entrepreneurs g\u00e9n\u00e9raux Depuis maintenant 25 ans, la CEGQ d\u00e9fend les int\u00e9r\u00eats des entrepreneurs g\u00e9n\u00e9raux et de l\u2019industrie de la construction par sa contribution au d\u00e9veloppement du Qu\u00e9bec, notamment aux niveaux \u00e9conomique et durable. Elle soutient de mani\u00e8re proactive les entrepreneurs g\u00e9n\u00e9raux dans la r\u00e9alisation d\u2019ouvrages<\/p>\n","protected":false},"author":16,"featured_media":0,"parent":0,"menu_order":0,"comment_status":"closed","ping_status":"closed","template":"100-width.php","meta":{"_acf_changed":false,"_monsterinsights_skip_tracking":false,"_monsterinsights_sitenote_active":false,"_monsterinsights_sitenote_note":"","_monsterinsights_sitenote_category":0,"footnotes":""},"class_list":["post-13645","page","type-page","status-publish","hentry"],"acf":[],"yoast_head":"<!-- This site is optimized with the Yoast SEO plugin v26.6 - https:\/\/yoast.com\/wordpress\/plugins\/seo\/ -->\n<title>Services CEGQ - Dreeven<\/title>\n<meta name=\"robots\" content=\"index, follow, max-snippet:-1, max-image-preview:large, max-video-preview:-1\" \/>\n<link rel=\"canonical\" href=\"https:\/\/dreeven.com\/fr\/membres-cegq\/\" \/>\n<meta property=\"og:locale\" content=\"fr_FR\" \/>\n<meta property=\"og:type\" content=\"article\" \/>\n<meta property=\"og:title\" content=\"Services CEGQ - Dreeven\" \/>\n<meta property=\"og:description\" content=\"Plus solide, plus visible et surtout plus utile pour les entrepreneurs g\u00e9n\u00e9raux Depuis maintenant 25 ans, la CEGQ d\u00e9fend les int\u00e9r\u00eats des entrepreneurs g\u00e9n\u00e9raux et de l\u2019industrie de la construction par sa contribution au d\u00e9veloppement du Qu\u00e9bec, notamment aux niveaux \u00e9conomique et durable. Elle soutient de mani\u00e8re proactive les entrepreneurs g\u00e9n\u00e9raux dans la r\u00e9alisation d\u2019ouvrages\" \/>\n<meta property=\"og:url\" content=\"https:\/\/dreeven.com\/fr\/membres-cegq\/\" \/>\n<meta property=\"og:site_name\" content=\"Dreeven\" \/>\n<meta property=\"article:modified_time\" content=\"2026-01-22T16:46:02+00:00\" \/>\n<meta property=\"og:image\" content=\"http:\/\/dreeven.com\/wp-content\/uploads\/2023\/09\/logo-cegq-blanc-1.png\" \/>\n<meta name=\"twitter:card\" content=\"summary_large_image\" \/>\n<meta name=\"twitter:label1\" content=\"Dur\u00e9e de lecture estim\u00e9e\" \/>\n\t<meta name=\"twitter:data1\" content=\"2 minutes\" \/>\n<script type=\"application\/ld+json\" class=\"yoast-schema-graph\">{\"@context\":\"https:\/\/schema.org\",\"@graph\":[{\"@type\":\"WebPage\",\"@id\":\"https:\/\/dreeven.com\/fr\/membres-cegq\/\",\"url\":\"https:\/\/dreeven.com\/fr\/membres-cegq\/\",\"name\":\"Services CEGQ - Dreeven\",\"isPartOf\":{\"@id\":\"https:\/\/dreeven.com\/#website\"},\"primaryImageOfPage\":{\"@id\":\"https:\/\/dreeven.com\/fr\/membres-cegq\/#primaryimage\"},\"image\":{\"@id\":\"https:\/\/dreeven.com\/fr\/membres-cegq\/#primaryimage\"},\"thumbnailUrl\":\"http:\/\/dreeven.com\/wp-content\/uploads\/2023\/09\/logo-cegq-blanc-1.png\",\"datePublished\":\"2023-09-19T15:54:33+00:00\",\"dateModified\":\"2026-01-22T16:46:02+00:00\",\"breadcrumb\":{\"@id\":\"https:\/\/dreeven.com\/fr\/membres-cegq\/#breadcrumb\"},\"inLanguage\":\"fr-FR\",\"potentialAction\":[{\"@type\":\"ReadAction\",\"target\":[\"https:\/\/dreeven.com\/fr\/membres-cegq\/\"]}]},{\"@type\":\"ImageObject\",\"inLanguage\":\"fr-FR\",\"@id\":\"https:\/\/dreeven.com\/fr\/membres-cegq\/#primaryimage\",\"url\":\"http:\/\/dreeven.com\/wp-content\/uploads\/2023\/09\/logo-cegq-blanc-1.png\",\"contentUrl\":\"http:\/\/dreeven.com\/wp-content\/uploads\/2023\/09\/logo-cegq-blanc-1.png\"},{\"@type\":\"BreadcrumbList\",\"@id\":\"https:\/\/dreeven.com\/fr\/membres-cegq\/#breadcrumb\",\"itemListElement\":[{\"@type\":\"ListItem\",\"position\":1,\"name\":\"Home\",\"item\":\"https:\/\/dreeven.com\/fr\/\"},{\"@type\":\"ListItem\",\"position\":2,\"name\":\"Services CEGQ\"}]},{\"@type\":\"WebSite\",\"@id\":\"https:\/\/dreeven.com\/#website\",\"url\":\"https:\/\/dreeven.com\/\",\"name\":\"Dreeven\",\"description\":\"Logiciel de gestion de chantier\",\"publisher\":{\"@id\":\"https:\/\/dreeven.com\/#organization\"},\"potentialAction\":[{\"@type\":\"SearchAction\",\"target\":{\"@type\":\"EntryPoint\",\"urlTemplate\":\"https:\/\/dreeven.com\/?s={search_term_string}\"},\"query-input\":{\"@type\":\"PropertyValueSpecification\",\"valueRequired\":true,\"valueName\":\"search_term_string\"}}],\"inLanguage\":\"fr-FR\"},{\"@type\":\"Organization\",\"@id\":\"https:\/\/dreeven.com\/#organization\",\"name\":\"Dreeven Technologies inc.\",\"url\":\"https:\/\/dreeven.com\/\",\"logo\":{\"@type\":\"ImageObject\",\"inLanguage\":\"fr-FR\",\"@id\":\"https:\/\/dreeven.com\/#\/schema\/logo\/image\/\",\"url\":\"https:\/\/i1.wp.com\/dreeven.com\/wp-content\/uploads\/2019\/12\/dreeven-technologies-1.png?fit=150%2C64&ssl=1\",\"contentUrl\":\"https:\/\/i1.wp.com\/dreeven.com\/wp-content\/uploads\/2019\/12\/dreeven-technologies-1.png?fit=150%2C64&ssl=1\",\"width\":150,\"height\":64,\"caption\":\"Dreeven Technologies inc.\"},\"image\":{\"@id\":\"https:\/\/dreeven.com\/#\/schema\/logo\/image\/\"},\"sameAs\":[\"https:\/\/www.linkedin.com\/company\/dreeven\/\"]}]}<\/script>\n<!-- \/ Yoast SEO plugin. -->","yoast_head_json":{"title":"Services CEGQ - Dreeven","robots":{"index":"index","follow":"follow","max-snippet":"max-snippet:-1","max-image-preview":"max-image-preview:large","max-video-preview":"max-video-preview:-1"},"canonical":"https:\/\/dreeven.com\/fr\/membres-cegq\/","og_locale":"fr_FR","og_type":"article","og_title":"Services CEGQ - Dreeven","og_description":"Plus solide, plus visible et surtout plus utile pour les entrepreneurs g\u00e9n\u00e9raux Depuis maintenant 25 ans, la CEGQ d\u00e9fend les int\u00e9r\u00eats des entrepreneurs g\u00e9n\u00e9raux et de l\u2019industrie de la construction par sa contribution au d\u00e9veloppement du Qu\u00e9bec, notamment aux niveaux \u00e9conomique et durable. Elle soutient de mani\u00e8re proactive les entrepreneurs g\u00e9n\u00e9raux dans la r\u00e9alisation d\u2019ouvrages","og_url":"https:\/\/dreeven.com\/fr\/membres-cegq\/","og_site_name":"Dreeven","article_modified_time":"2026-01-22T16:46:02+00:00","og_image":[{"url":"http:\/\/dreeven.com\/wp-content\/uploads\/2023\/09\/logo-cegq-blanc-1.png","type":"","width":"","height":""}],"twitter_card":"summary_large_image","twitter_misc":{"Dur\u00e9e de lecture estim\u00e9e":"2 minutes"},"schema":{"@context":"https:\/\/schema.org","@graph":[{"@type":"WebPage","@id":"https:\/\/dreeven.com\/fr\/membres-cegq\/","url":"https:\/\/dreeven.com\/fr\/membres-cegq\/","name":"Services CEGQ - Dreeven","isPartOf":{"@id":"https:\/\/dreeven.com\/#website"},"primaryImageOfPage":{"@id":"https:\/\/dreeven.com\/fr\/membres-cegq\/#primaryimage"},"image":{"@id":"https:\/\/dreeven.com\/fr\/membres-cegq\/#primaryimage"},"thumbnailUrl":"http:\/\/dreeven.com\/wp-content\/uploads\/2023\/09\/logo-cegq-blanc-1.png","datePublished":"2023-09-19T15:54:33+00:00","dateModified":"2026-01-22T16:46:02+00:00","breadcrumb":{"@id":"https:\/\/dreeven.com\/fr\/membres-cegq\/#breadcrumb"},"inLanguage":"fr-FR","potentialAction":[{"@type":"ReadAction","target":["https:\/\/dreeven.com\/fr\/membres-cegq\/"]}]},{"@type":"ImageObject","inLanguage":"fr-FR","@id":"https:\/\/dreeven.com\/fr\/membres-cegq\/#primaryimage","url":"http:\/\/dreeven.com\/wp-content\/uploads\/2023\/09\/logo-cegq-blanc-1.png","contentUrl":"http:\/\/dreeven.com\/wp-content\/uploads\/2023\/09\/logo-cegq-blanc-1.png"},{"@type":"BreadcrumbList","@id":"https:\/\/dreeven.com\/fr\/membres-cegq\/#breadcrumb","itemListElement":[{"@type":"ListItem","position":1,"name":"Home","item":"https:\/\/dreeven.com\/fr\/"},{"@type":"ListItem","position":2,"name":"Services CEGQ"}]},{"@type":"WebSite","@id":"https:\/\/dreeven.com\/#website","url":"https:\/\/dreeven.com\/","name":"Dreeven","description":"Logiciel de gestion de chantier","publisher":{"@id":"https:\/\/dreeven.com\/#organization"},"potentialAction":[{"@type":"SearchAction","target":{"@type":"EntryPoint","urlTemplate":"https:\/\/dreeven.com\/?s={search_term_string}"},"query-input":{"@type":"PropertyValueSpecification","valueRequired":true,"valueName":"search_term_string"}}],"inLanguage":"fr-FR"},{"@type":"Organization","@id":"https:\/\/dreeven.com\/#organization","name":"Dreeven Technologies inc.","url":"https:\/\/dreeven.com\/","logo":{"@type":"ImageObject","inLanguage":"fr-FR","@id":"https:\/\/dreeven.com\/#\/schema\/logo\/image\/","url":"https:\/\/i1.wp.com\/dreeven.com\/wp-content\/uploads\/2019\/12\/dreeven-technologies-1.png?fit=150%2C64&ssl=1","contentUrl":"https:\/\/i1.wp.com\/dreeven.com\/wp-content\/uploads\/2019\/12\/dreeven-technologies-1.png?fit=150%2C64&ssl=1","width":150,"height":64,"caption":"Dreeven Technologies inc."},"image":{"@id":"https:\/\/dreeven.com\/#\/schema\/logo\/image\/"},"sameAs":["https:\/\/www.linkedin.com\/company\/dreeven\/"]}]}},"jetpack_sharing_enabled":true,"_links":{"self":[{"href":"https:\/\/dreeven.com\/fr\/wp-json\/wp\/v2\/pages\/13645","targetHints":{"allow":["GET"]}}],"collection":[{"href":"https:\/\/dreeven.com\/fr\/wp-json\/wp\/v2\/pages"}],"about":[{"href":"https:\/\/dreeven.com\/fr\/wp-json\/wp\/v2\/types\/page"}],"author":[{"embeddable":true,"href":"https:\/\/dreeven.com\/fr\/wp-json\/wp\/v2\/users\/16"}],"replies":[{"embeddable":true,"href":"https:\/\/dreeven.com\/fr\/wp-json\/wp\/v2\/comments?post=13645"}],"version-history":[{"count":0,"href":"https:\/\/dreeven.com\/fr\/wp-json\/wp\/v2\/pages\/13645\/revisions"}],"wp:attachment":[{"href":"https:\/\/dreeven.com\/fr\/wp-json\/wp\/v2\/media?parent=13645"}],"curies":[{"name":"wp","href":"https:\/\/api.w.org\/{rel}","templated":true}]}}