{"id":10579,"date":"2023-06-09T11:22:47","date_gmt":"2023-06-09T16:22:47","guid":{"rendered":"https:\/\/dreeven.com\/?page_id=10579"},"modified":"2023-06-14T09:23:09","modified_gmt":"2023-06-14T14:23:09","slug":"demo-virage-numerique","status":"publish","type":"page","link":"https:\/\/dreeven.com\/fr\/demo-virage-numerique\/","title":{"rendered":"Demande de d\u00e9mo"},"content":{"rendered":"<p><div class=\"fusion-fullwidth fullwidth-box fusion-builder-row-1 has-pattern-background has-mask-background nonhundred-percent-fullwidth non-hundred-percent-height-scrolling\" style=\"--awb-border-radius-top-left:0px;--awb-border-radius-top-right:0px;--awb-border-radius-bottom-right:0px;--awb-border-radius-bottom-left:0px;--awb-background-color:#ee3d3d;--awb-flex-wrap:wrap;\" ><div class=\"fusion-builder-row fusion-row\"><div class=\"fusion-layout-column fusion_builder_column fusion-builder-column-0 fusion_builder_column_1_1 1_1 fusion-one-full fusion-column-first fusion-column-last\" style=\"--awb-bg-size:cover;\"><div class=\"fusion-column-wrapper fusion-column-has-shadow fusion-flex-column-wrapper-legacy\"><div class=\"fusion-sep-clear\"><\/div><div class=\"fusion-separator fusion-full-width-sep\" style=\"margin-left: auto;margin-right: auto;margin-top:40px;width:100%;\"><\/div><div class=\"fusion-sep-clear\"><\/div><div class=\"fusion-text fusion-text-1\"><p style=\"text-align: left; color: #ffffff; font-size: 25px;\">Gestion collaborative de projets de construction<\/p>\n<\/div><div class=\"fusion-clearfix\"><\/div><\/div><\/div><div class=\"fusion-layout-column fusion_builder_column fusion-builder-column-1 fusion_builder_column_1_2 1_2 fusion-one-half fusion-column-first\" style=\"--awb-bg-size:cover;width:50%;width:calc(50% - ( ( 4% ) * 0.5 ) );margin-right: 4%;\"><div class=\"fusion-column-wrapper fusion-column-has-shadow fusion-flex-column-wrapper-legacy\"><div class=\"fusion-text fusion-text-2\"><p style=\"text-align: left; color: #ffffff; font-size: 50px; font-weight: 600; line-height: 52px;\">Virage num\u00e9rique: <br \/>pallier la p\u00e9nurie<\/p>\n<\/div><div class=\"fusion-clearfix\"><\/div><\/div><\/div><div class=\"fusion-layout-column fusion_builder_column fusion-builder-column-2 fusion_builder_column_1_2 1_2 fusion-one-half fusion-column-last\" style=\"--awb-bg-size:cover;width:50%;width:calc(50% - ( ( 4% ) * 0.5 ) );\"><div class=\"fusion-column-wrapper fusion-column-has-shadow fusion-flex-column-wrapper-legacy\"><div class=\"fusion-clearfix\"><\/div><\/div><\/div><\/div><\/div><div class=\"fusion-fullwidth fullwidth-box fusion-builder-row-2 has-pattern-background has-mask-background nonhundred-percent-fullwidth non-hundred-percent-height-scrolling\" style=\"--awb-border-radius-top-left:0px;--awb-border-radius-top-right:0px;--awb-border-radius-bottom-right:0px;--awb-border-radius-bottom-left:0px;--awb-flex-wrap:wrap;\" ><div class=\"fusion-builder-row fusion-row\"><div class=\"fusion-layout-column fusion_builder_column fusion-builder-column-3 fusion_builder_column_1_2 1_2 fusion-one-half fusion-column-first\" style=\"--awb-bg-size:cover;width:50%;width:calc(50% - ( ( 4% ) * 0.5 ) );margin-right: 4%;\"><div class=\"fusion-column-wrapper fusion-column-has-shadow fusion-flex-column-wrapper-legacy\"><div class=\"fusion-sep-clear\"><\/div><div class=\"fusion-separator fusion-full-width-sep\" style=\"margin-left: auto;margin-right: auto;margin-top:35px;width:100%;\"><\/div><div class=\"fusion-sep-clear\"><\/div><div class=\"fusion-text fusion-text-3\"><p style=\"text-align: left; color: #000000; font-size: 20px; font-weight: 600;\">Le virage num\u00e9rique sonne aux portes des entreprises de construction.<\/p>\n<\/div><div class=\"fusion-alignleft\"><a class=\"fusion-button button-flat fusion-button-default-size button-default fusion-button-default button-1 fusion-button-default-span fusion-button-default-type\" target=\"_self\" href=\"https:\/\/dreeven.com\/fr\/virage-numerique\/\"><span class=\"fusion-button-text awb-button__text awb-button__text--default\">C&rsquo;est l&rsquo;heure d&rsquo;un virage<\/span><\/a><\/div><div class=\"fusion-sep-clear\"><\/div><div class=\"fusion-separator fusion-full-width-sep\" style=\"margin-left: auto;margin-right: auto;margin-top:20px;width:100%;\"><\/div><div class=\"fusion-sep-clear\"><\/div><div class=\"fusion-sep-clear\"><\/div><div class=\"fusion-separator fusion-full-width-sep\" style=\"margin-left: auto;margin-right: auto;width:100%;\"><div class=\"fusion-separator-border sep-single sep-solid\" style=\"--awb-height:20px;--awb-amount:20px;border-color:#ee3d3d;border-top-width:1px;\"><\/div><\/div><div class=\"fusion-sep-clear\"><\/div><div class=\"fusion-sep-clear\"><\/div><div class=\"fusion-separator fusion-full-width-sep\" style=\"margin-left: auto;margin-right: auto;margin-top:20px;width:100%;\"><\/div><div class=\"fusion-sep-clear\"><\/div><div class=\"fusion-text fusion-text-4\"><p style=\"text-align: left; color: #000000; font-size: 18px; font-weight: 600;\"><a style=\"color: #000000;\" href=\"#demo-gratuite\">Faites l\u2019exp\u00e9rience d\u2019une d\u00e9monstration gratuite<\/a>\u00a0 <i id=\"demo-chevron\" class=\"fa fa-chevron-right fa-sm\" aria-hidden=\"true\"><\/i><\/p>\n<\/div><div class=\"fusion-text fusion-text-5\"><p style=\"text-align: left; color: #000000; font-size: 20px; font-weight: 600;\"><span style=\"text-align: left; color: #ee3d3d; font-size: 14px; font-weight: 600;\">\u00c0 quoi s\u2019attendre?<\/span><br \/>\nL\u2019heure la plus rentable de votre semaine<\/p>\n<p style=\"text-align: left; color: #000000; font-size: 16px;\">La pr\u00e9sentation vous permettra d\u2019appr\u00e9cier comment profiter de nos <b>fonctionnalit\u00e9s 100% adapt\u00e9es aux r\u00e9alit\u00e9s de l\u2019industrie<\/b> de la construction:<\/p>\n<\/div><div class=\"fusion-sep-clear\"><\/div><div class=\"fusion-separator fusion-full-width-sep\" style=\"margin-left: auto;margin-right: auto;margin-top:5px;width:100%;\"><\/div><div class=\"fusion-sep-clear\"><\/div><div class=\"fusion-text fusion-text-6\"><ul style=\"list-style-type: none;\">\n<li style=\"color: #00334e;\"><span style=\"text-align: left; font-size: 18px; font-weight: 600;\">Automatiser l\u2019administration des projets<\/span><\/li>\n<li style=\"color: #00334e;\"><i class=\"fa fa-check\" style=\"color: #ee3d3d;\" aria-hidden=\"true\"><\/i> Rapports journaliers<\/li>\n<li style=\"color: #00334e;\"><i class=\"fa fa-check\" style=\"color: #ee3d3d;\" aria-hidden=\"true\"><\/i> Feuilles de temps<\/li>\n<li style=\"color: #00334e;\"><i class=\"fa fa-check\" style=\"color: #ee3d3d;\" aria-hidden=\"true\"><\/i> Bons de travail<\/li>\n<\/ul>\n<\/div><div class=\"fusion-sep-clear\"><\/div><div class=\"fusion-separator fusion-full-width-sep\" style=\"margin-left: auto;margin-right: auto;margin-top:10px;width:100%;\"><\/div><div class=\"fusion-sep-clear\"><\/div><div class=\"fusion-text fusion-text-7\"><ul style=\"list-style-type: none;\">\n<li style=\"color: #00334e;\"><span style=\"text-align: left; font-size: 18px; font-weight: 600;\">Centraliser toute la documentation<\/span><\/li>\n<li style=\"color: #00334e;\"><i class=\"fa fa-check\" style=\"color: #ee3d3d;\" aria-hidden=\"true\"><\/i> Plans, mesures &amp; annotations<\/li>\n<li style=\"color: #00334e;\"><i class=\"fa fa-check\" style=\"color: #ee3d3d;\" aria-hidden=\"true\"><\/i> Photos<\/li>\n<li style=\"color: #00334e;\"><i class=\"fa fa-check\" style=\"color: #ee3d3d;\" aria-hidden=\"true\"><\/i> Dessins d\u2019atelier<\/li>\n<li style=\"color: #00334e;\"><i class=\"fa fa-check\" style=\"color: #ee3d3d;\" aria-hidden=\"true\"><\/i> Appels d\u2019offre<\/li>\n<\/ul>\n<\/div><div class=\"fusion-sep-clear\"><\/div><div class=\"fusion-separator fusion-full-width-sep\" style=\"margin-left: auto;margin-right: auto;margin-top:10px;width:100%;\"><\/div><div class=\"fusion-sep-clear\"><\/div><div class=\"fusion-text fusion-text-8\"><ul style=\"list-style-type: none;\">\n<li style=\"color: #00334e;\"><span style=\"text-align: left; font-size: 18px; font-weight: 600;\">Faire les suivis en temps r\u00e9el<\/span><\/li>\n<li style=\"color: #00334e;\"><i class=\"fa fa-check\" style=\"color: #ee3d3d;\" aria-hidden=\"true\"><\/i> QRT &amp; d\u00e9ficiences<\/li>\n<li style=\"color: #00334e;\"><i class=\"fa fa-check\" style=\"color: #ee3d3d;\" aria-hidden=\"true\"><\/i> Demandes de changement<\/li>\n<li style=\"color: #00334e;\"><i class=\"fa fa-check\" style=\"color: #ee3d3d;\" aria-hidden=\"true\"><\/i> Int\u00e9gration au syst\u00e8me comptable<\/li>\n<\/ul>\n<\/div><div class=\"fusion-sep-clear\"><\/div><div class=\"fusion-separator fusion-full-width-sep\" style=\"margin-left: auto;margin-right: auto;margin-top:10px;width:100%;\"><\/div><div class=\"fusion-sep-clear\"><\/div><div class=\"fusion-text fusion-text-9\"><p style=\"text-align: center; color: #000000; font-size: 20px; font-weight: 600;\">&#8230; et plus encore!<\/p>\n<\/div><div class=\"fusion-clearfix\"><\/div><\/div><\/div><div class=\"fusion-layout-column fusion_builder_column fusion-builder-column-4 fusion_builder_column_1_2 1_2 fusion-one-half fusion-column-last overlapping-form\" style=\"--awb-bg-size:cover;--awb-margin-top:-120px;width:50%;width:calc(50% - ( ( 4% ) * 0.5 ) );\" id=\"overlapping-form\"><div class=\"fusion-column-wrapper fusion-column-has-shadow fusion-flex-column-wrapper-legacy\"><div id=\"zf_div_EHalPXBnpOuL9Be9_lBMoan6_GXquEHItfUhN_VfXJ0\"><\/div><script type=\"text\/javascript\">(function() {\ntry{\nvar f = document.createElement(\"iframe\");\nf.src = 'https:\/\/forms.zohopublic.com\/dreeven\/form\/DemandededmoCopypourCamille\/formperma\/EHalPXBnpOuL9Be9_lBMoan6_GXquEHItfUhN_VfXJ0?zf_rszfm=1';\nf.style.border=\"none\";\nf.style.height=\"842px\";\nf.style.width=\"90%\";\nf.style.transition=\"all 0.5s ease\";\n\nvar d = document.getElementById(\"zf_div_EHalPXBnpOuL9Be9_lBMoan6_GXquEHItfUhN_VfXJ0\");\nd.appendChild(f);\nwindow.addEventListener('message', function (){\nvar evntData = event.data;\nif( evntData && evntData.constructor == String ){\nvar zf_ifrm_data = evntData.split(\"|\");\nif ( zf_ifrm_data.length == 2 ) {\nvar zf_perma = zf_ifrm_data[0];\nvar zf_ifrm_ht_nw = ( parseInt(zf_ifrm_data[1], 10) + 15 ) + \"px\";\nvar iframe = document.getElementById(\"zf_div_EHalPXBnpOuL9Be9_lBMoan6_GXquEHItfUhN_VfXJ0\").getElementsByTagName(\"iframe\")[0];\nif ( (iframe.src).indexOf('formperma') > 0 && (iframe.src).indexOf(zf_perma) > 0 ) {\nvar prevIframeHeight = iframe.style.height;\nif ( prevIframeHeight != zf_ifrm_ht_nw ) {\niframe.style.height = zf_ifrm_ht_nw;\n}\n}\n}\n}\n}, false);\n}catch(e){}\n})();<\/script><div class=\"fusion-sep-clear\"><\/div><div class=\"fusion-separator fusion-full-width-sep\" style=\"margin-left: auto;margin-right: auto;margin-top:40px;width:100%;\"><\/div><div class=\"fusion-sep-clear\"><\/div><div class=\"fusion-image-element fusion-image-align-center in-legacy-container\" style=\"text-align:center;--awb-caption-title-font-family:var(--h2_typography-font-family);--awb-caption-title-font-weight:var(--h2_typography-font-weight);--awb-caption-title-font-style:var(--h2_typography-font-style);--awb-caption-title-size:var(--h2_typography-font-size);--awb-caption-title-transform:var(--h2_typography-text-transform);--awb-caption-title-line-height:var(--h2_typography-line-height);--awb-caption-title-letter-spacing:var(--h2_typography-letter-spacing);\"><div class=\"imageframe-align-center\"><span class=\" fusion-imageframe imageframe-none imageframe-1 hover-type-none\"><img fetchpriority=\"high\" fetchpriority=\"high\" decoding=\"async\" width=\"768\" height=\"256\" alt=\"L&#039;application Dreeven sur plusieurs plateformes\" title=\"Dreeven_Multiplateformes\" src=\"https:\/\/i0.wp.com\/dreeven.com\/wp-content\/uploads\/2023\/01\/Dreeven_Multiplateformes.png?fit=768%2C256&ssl=1\" data-orig-src=\"https:\/\/i0.wp.com\/dreeven.com\/wp-content\/uploads\/2023\/01\/Dreeven_Multiplateformes.png?fit=768%2C256&#038;ssl=1\" class=\"lazyload img-responsive wp-image-10000\" srcset=\"data:image\/svg+xml,%3Csvg%20xmlns%3D%27http%3A%2F%2Fwww.w3.org%2F2000%2Fsvg%27%20width%3D%27768%27%20height%3D%27256%27%20viewBox%3D%270%200%20768%20256%27%3E%3Crect%20width%3D%27768%27%20height%3D%27256%27%20fill-opacity%3D%220%22%2F%3E%3C%2Fsvg%3E\" data-srcset=\"https:\/\/i0.wp.com\/dreeven.com\/wp-content\/uploads\/2023\/01\/Dreeven_Multiplateformes.png?resize=200%2C67&amp;ssl=1 200w, https:\/\/i0.wp.com\/dreeven.com\/wp-content\/uploads\/2023\/01\/Dreeven_Multiplateformes.png?resize=300%2C100&amp;ssl=1 300w, https:\/\/i0.wp.com\/dreeven.com\/wp-content\/uploads\/2023\/01\/Dreeven_Multiplateformes.png?resize=400%2C133&amp;ssl=1 400w, https:\/\/i0.wp.com\/dreeven.com\/wp-content\/uploads\/2023\/01\/Dreeven_Multiplateformes.png?resize=600%2C200&amp;ssl=1 600w, https:\/\/i0.wp.com\/dreeven.com\/wp-content\/uploads\/2023\/01\/Dreeven_Multiplateformes.png?fit=768%2C256&amp;ssl=1 768w\" data-sizes=\"auto\" data-orig-sizes=\"(max-width: 800px) 100vw, 600px\" \/><\/span><\/div><\/div><div class=\"fusion-clearfix\"><\/div><\/div><\/div><\/div><\/div><div class=\"fusion-fullwidth fullwidth-box fusion-builder-row-3 has-pattern-background has-mask-background nonhundred-percent-fullwidth non-hundred-percent-height-scrolling\" style=\"--awb-border-radius-top-left:0px;--awb-border-radius-top-right:0px;--awb-border-radius-bottom-right:0px;--awb-border-radius-bottom-left:0px;--awb-flex-wrap:wrap;\" ><div class=\"fusion-builder-row fusion-row\"><div class=\"fusion-layout-column fusion_builder_column fusion-builder-column-5 fusion_builder_column_1_1 1_1 fusion-one-full fusion-column-first fusion-column-last\" style=\"--awb-bg-size:cover;\"><div class=\"fusion-column-wrapper fusion-column-has-shadow fusion-flex-column-wrapper-legacy\"><div class=\"fusion-sep-clear\"><\/div><div class=\"fusion-separator fusion-full-width-sep\" style=\"margin-left: auto;margin-right: auto;margin-top:30px;width:100%;\"><\/div><div class=\"fusion-sep-clear\"><\/div><div class=\"fusion-sep-clear\"><\/div><div class=\"fusion-separator fusion-full-width-sep\" style=\"margin-left: auto;margin-right: auto;margin-top:30px;width:100%;\"><div class=\"fusion-separator-border sep-single sep-solid\" style=\"--awb-height:20px;--awb-amount:20px;border-color:#ee3d3d;border-top-width:1px;\"><\/div><\/div><div class=\"fusion-sep-clear\"><\/div><div class=\"fusion-sep-clear\"><\/div><div class=\"fusion-separator fusion-full-width-sep\" style=\"margin-left: auto;margin-right: auto;margin-top:40px;width:100%;\"><\/div><div class=\"fusion-sep-clear\"><\/div><div class=\"fusion-text fusion-text-10\"><p style=\"text-align: center; color: #000000; font-size: 16px;\"><span style=\"font-size: 18px; font-weight: 600;\">Ne vous contentez pas de nous croire sur parole.<\/span><br \/>\nVoyez par vous-m\u00eame pourquoi <b>plus de 30,000 utilisateurs<\/b> font confiance \u00e0 Dreeven pour g\u00e9rer leurs op\u00e9rations et collaborer depuis une seule plateforme.<\/p>\n<\/div><div class=\"fusion-sep-clear\"><\/div><div class=\"fusion-separator fusion-full-width-sep\" style=\"margin-left: auto;margin-right: auto;margin-top:10px;width:100%;\"><\/div><div class=\"fusion-sep-clear\"><\/div><div class=\"fusion-text fusion-text-11\"><p style=\"text-align: center; color: #ee3d3d; font-size: 18px; font-weight: 600;\">Obtenez une d\u00e9monstration <i class=\"fa fa-chevron-up fa-sm\" aria-hidden=\"true\"><\/i><\/p>\n<\/div><div class=\"fusion-sep-clear\"><\/div><div class=\"fusion-separator fusion-full-width-sep\" style=\"margin-left: auto;margin-right: auto;margin-top:40px;width:100%;\"><\/div><div class=\"fusion-sep-clear\"><\/div><div class=\"fusion-clearfix\"><\/div><\/div><\/div><\/div><\/div><\/p>\n","protected":false},"excerpt":{"rendered":"","protected":false},"author":16,"featured_media":0,"parent":0,"menu_order":0,"comment_status":"closed","ping_status":"closed","template":"100-width.php","meta":{"_acf_changed":false,"_monsterinsights_skip_tracking":false,"_monsterinsights_sitenote_active":false,"_monsterinsights_sitenote_note":"","_monsterinsights_sitenote_category":0,"footnotes":""},"class_list":["post-10579","page","type-page","status-publish","hentry"],"acf":[],"yoast_head":"<!-- This site is optimized with the Yoast SEO plugin v26.6 - https:\/\/yoast.com\/wordpress\/plugins\/seo\/ -->\n<title>Demande de d\u00e9mo - Webinaire gratuit -Dreeven<\/title>\n<meta name=\"description\" content=\"L\u2019\u00e9quipe de Dreeven, vous invite \u00e0 un webinaire gratuit! Notre d\u00e9mo gratuite de 30 ou 60 minutes sera l\u2019heure la plus rentable de votre mois!\" \/>\n<meta name=\"robots\" content=\"index, follow, max-snippet:-1, max-image-preview:large, max-video-preview:-1\" \/>\n<link rel=\"canonical\" href=\"https:\/\/dreeven.ca\/demo-digital-shift\/\" \/>\n<meta property=\"og:locale\" content=\"fr_FR\" \/>\n<meta property=\"og:type\" content=\"article\" \/>\n<meta property=\"og:title\" content=\"Demande de d\u00e9mo - Webinaire gratuit -Dreeven\" \/>\n<meta property=\"og:description\" content=\"L\u2019\u00e9quipe de Dreeven, vous invite \u00e0 un webinaire gratuit! Notre d\u00e9mo gratuite de 30 ou 60 minutes sera l\u2019heure la plus rentable de votre mois!\" \/>\n<meta property=\"og:url\" content=\"https:\/\/dreeven.ca\/demo-digital-shift\/\" \/>\n<meta property=\"og:site_name\" content=\"Dreeven\" \/>\n<meta property=\"article:modified_time\" content=\"2023-06-14T14:23:09+00:00\" \/>\n<meta name=\"twitter:card\" content=\"summary_large_image\" \/>\n<meta name=\"twitter:label1\" content=\"Dur\u00e9e de lecture estim\u00e9e\" \/>\n\t<meta name=\"twitter:data1\" content=\"10 minutes\" \/>\n<script type=\"application\/ld+json\" class=\"yoast-schema-graph\">{\"@context\":\"https:\/\/schema.org\",\"@graph\":[{\"@type\":\"WebPage\",\"@id\":\"https:\/\/dreeven.ca\/demo-digital-shift\/\",\"url\":\"https:\/\/dreeven.ca\/demo-digital-shift\/\",\"name\":\"Demande de d\u00e9mo - Webinaire gratuit -Dreeven\",\"isPartOf\":{\"@id\":\"https:\/\/dreeven.com\/#website\"},\"datePublished\":\"2023-06-09T16:22:47+00:00\",\"dateModified\":\"2023-06-14T14:23:09+00:00\",\"description\":\"L\u2019\u00e9quipe de Dreeven, vous invite \u00e0 un webinaire gratuit! Notre d\u00e9mo gratuite de 30 ou 60 minutes sera l\u2019heure la plus rentable de votre mois!\",\"breadcrumb\":{\"@id\":\"https:\/\/dreeven.ca\/demo-digital-shift\/#breadcrumb\"},\"inLanguage\":\"fr-FR\",\"potentialAction\":[{\"@type\":\"ReadAction\",\"target\":[\"https:\/\/dreeven.ca\/demo-digital-shift\/\"]}]},{\"@type\":\"BreadcrumbList\",\"@id\":\"https:\/\/dreeven.ca\/demo-digital-shift\/#breadcrumb\",\"itemListElement\":[{\"@type\":\"ListItem\",\"position\":1,\"name\":\"Home\",\"item\":\"https:\/\/dreeven.com\/fr\/\"},{\"@type\":\"ListItem\",\"position\":2,\"name\":\"Demande de d\u00e9mo\"}]},{\"@type\":\"WebSite\",\"@id\":\"https:\/\/dreeven.com\/#website\",\"url\":\"https:\/\/dreeven.com\/\",\"name\":\"Dreeven\",\"description\":\"Logiciel de gestion de chantier\",\"publisher\":{\"@id\":\"https:\/\/dreeven.com\/#organization\"},\"potentialAction\":[{\"@type\":\"SearchAction\",\"target\":{\"@type\":\"EntryPoint\",\"urlTemplate\":\"https:\/\/dreeven.com\/?s={search_term_string}\"},\"query-input\":{\"@type\":\"PropertyValueSpecification\",\"valueRequired\":true,\"valueName\":\"search_term_string\"}}],\"inLanguage\":\"fr-FR\"},{\"@type\":\"Organization\",\"@id\":\"https:\/\/dreeven.com\/#organization\",\"name\":\"Dreeven Technologies inc.\",\"url\":\"https:\/\/dreeven.com\/\",\"logo\":{\"@type\":\"ImageObject\",\"inLanguage\":\"fr-FR\",\"@id\":\"https:\/\/dreeven.com\/#\/schema\/logo\/image\/\",\"url\":\"https:\/\/i1.wp.com\/dreeven.com\/wp-content\/uploads\/2019\/12\/dreeven-technologies-1.png?fit=150%2C64&ssl=1\",\"contentUrl\":\"https:\/\/i1.wp.com\/dreeven.com\/wp-content\/uploads\/2019\/12\/dreeven-technologies-1.png?fit=150%2C64&ssl=1\",\"width\":150,\"height\":64,\"caption\":\"Dreeven Technologies inc.\"},\"image\":{\"@id\":\"https:\/\/dreeven.com\/#\/schema\/logo\/image\/\"},\"sameAs\":[\"https:\/\/www.linkedin.com\/company\/dreeven\/\"]}]}<\/script>\n<!-- \/ Yoast SEO plugin. -->","yoast_head_json":{"title":"Demande de d\u00e9mo - Webinaire gratuit -Dreeven","description":"L\u2019\u00e9quipe de Dreeven, vous invite \u00e0 un webinaire gratuit! Notre d\u00e9mo gratuite de 30 ou 60 minutes sera l\u2019heure la plus rentable de votre mois!","robots":{"index":"index","follow":"follow","max-snippet":"max-snippet:-1","max-image-preview":"max-image-preview:large","max-video-preview":"max-video-preview:-1"},"canonical":"https:\/\/dreeven.ca\/demo-digital-shift\/","og_locale":"fr_FR","og_type":"article","og_title":"Demande de d\u00e9mo - Webinaire gratuit -Dreeven","og_description":"L\u2019\u00e9quipe de Dreeven, vous invite \u00e0 un webinaire gratuit! Notre d\u00e9mo gratuite de 30 ou 60 minutes sera l\u2019heure la plus rentable de votre mois!","og_url":"https:\/\/dreeven.ca\/demo-digital-shift\/","og_site_name":"Dreeven","article_modified_time":"2023-06-14T14:23:09+00:00","twitter_card":"summary_large_image","twitter_misc":{"Dur\u00e9e de lecture estim\u00e9e":"10 minutes"},"schema":{"@context":"https:\/\/schema.org","@graph":[{"@type":"WebPage","@id":"https:\/\/dreeven.ca\/demo-digital-shift\/","url":"https:\/\/dreeven.ca\/demo-digital-shift\/","name":"Demande de d\u00e9mo - Webinaire gratuit -Dreeven","isPartOf":{"@id":"https:\/\/dreeven.com\/#website"},"datePublished":"2023-06-09T16:22:47+00:00","dateModified":"2023-06-14T14:23:09+00:00","description":"L\u2019\u00e9quipe de Dreeven, vous invite \u00e0 un webinaire gratuit! Notre d\u00e9mo gratuite de 30 ou 60 minutes sera l\u2019heure la plus rentable de votre mois!","breadcrumb":{"@id":"https:\/\/dreeven.ca\/demo-digital-shift\/#breadcrumb"},"inLanguage":"fr-FR","potentialAction":[{"@type":"ReadAction","target":["https:\/\/dreeven.ca\/demo-digital-shift\/"]}]},{"@type":"BreadcrumbList","@id":"https:\/\/dreeven.ca\/demo-digital-shift\/#breadcrumb","itemListElement":[{"@type":"ListItem","position":1,"name":"Home","item":"https:\/\/dreeven.com\/fr\/"},{"@type":"ListItem","position":2,"name":"Demande de d\u00e9mo"}]},{"@type":"WebSite","@id":"https:\/\/dreeven.com\/#website","url":"https:\/\/dreeven.com\/","name":"Dreeven","description":"Logiciel de gestion de chantier","publisher":{"@id":"https:\/\/dreeven.com\/#organization"},"potentialAction":[{"@type":"SearchAction","target":{"@type":"EntryPoint","urlTemplate":"https:\/\/dreeven.com\/?s={search_term_string}"},"query-input":{"@type":"PropertyValueSpecification","valueRequired":true,"valueName":"search_term_string"}}],"inLanguage":"fr-FR"},{"@type":"Organization","@id":"https:\/\/dreeven.com\/#organization","name":"Dreeven Technologies inc.","url":"https:\/\/dreeven.com\/","logo":{"@type":"ImageObject","inLanguage":"fr-FR","@id":"https:\/\/dreeven.com\/#\/schema\/logo\/image\/","url":"https:\/\/i1.wp.com\/dreeven.com\/wp-content\/uploads\/2019\/12\/dreeven-technologies-1.png?fit=150%2C64&ssl=1","contentUrl":"https:\/\/i1.wp.com\/dreeven.com\/wp-content\/uploads\/2019\/12\/dreeven-technologies-1.png?fit=150%2C64&ssl=1","width":150,"height":64,"caption":"Dreeven Technologies inc."},"image":{"@id":"https:\/\/dreeven.com\/#\/schema\/logo\/image\/"},"sameAs":["https:\/\/www.linkedin.com\/company\/dreeven\/"]}]}},"jetpack_sharing_enabled":true,"_links":{"self":[{"href":"https:\/\/dreeven.com\/fr\/wp-json\/wp\/v2\/pages\/10579","targetHints":{"allow":["GET"]}}],"collection":[{"href":"https:\/\/dreeven.com\/fr\/wp-json\/wp\/v2\/pages"}],"about":[{"href":"https:\/\/dreeven.com\/fr\/wp-json\/wp\/v2\/types\/page"}],"author":[{"embeddable":true,"href":"https:\/\/dreeven.com\/fr\/wp-json\/wp\/v2\/users\/16"}],"replies":[{"embeddable":true,"href":"https:\/\/dreeven.com\/fr\/wp-json\/wp\/v2\/comments?post=10579"}],"version-history":[{"count":0,"href":"https:\/\/dreeven.com\/fr\/wp-json\/wp\/v2\/pages\/10579\/revisions"}],"wp:attachment":[{"href":"https:\/\/dreeven.com\/fr\/wp-json\/wp\/v2\/media?parent=10579"}],"curies":[{"name":"wp","href":"https:\/\/api.w.org\/{rel}","templated":true}]}}